{"id":796,"date":"2020-05-26T20:06:02","date_gmt":"2020-06-05T16:28:57","guid":{"rendered":"https:\/\/www.thebamboofamily.com\/product\/sacchetto-riutilizzabile\/"},"modified":"2023-05-21T16:35:25","modified_gmt":"2023-05-21T14:35:25","slug":"sacchetto-riutilizzabile","status":"publish","type":"product","link":"https:\/\/www.thebamboofamily.com\/it\/product\/sacchetto-riutilizzabile\/","title":{"rendered":"Sacchetto Riutilizzabile"},"content":{"rendered":"<p>\ud83c\udf0d salutare : Vi garantiamo un prodotto di qualit\u00e0, una sacchetto riutilizzabile senza bpa, ftalati e PVC.<\/p>\n<p>\ud83c\udf0d NOMADE e PER TUTTI I FAMILIARI: Un sacco di 10 sacchetto riutilizzabile di 150 ml per degustare composta, yogurt da bere, frullato, purea &#8230; o qualsiasi preparazione. La tua sacchetto riutilizzabile di composta riutilizzabile pu\u00f2 essere portata a scuola, a piedi, in auto o da un picnic&#8230;<\/p>\n<p>\ud83c\udf0d design sobrio ed ecologico : Amerai questa sacchetto riutilizzabile con un design accattivante adatto a tutta la famiglia. Questa sacchetto riutilizzabile divertir\u00e0 i vostri bambini e permetter\u00e0 ai pi\u00f9 piccoli di acquisire rapidamente la loro autonomia.<\/p>\n<p>\ud83c\udf0d pulizia ricaricabile e semplificata : Ogni sacchetto riutilizzabile beneficia di un ampia apertura laterale e non inferiore alla maggior parte delle altre sacchetto riutilizzabile. Questo sistema permette alla sacchetto riutilizzabile di stare in piedi con un soffietto. La scatola \u00e8 accompagnata da un imbuto offerto che ti permette un ripieno semplificato grazie all&#8217;ampia apertura. Trasparenza e angoli arrotondati vi dar\u00e0 una facile pulizia. Adatto anche per la lavastoviglie<\/p>\n<p>\ud83c\udf0d RIFIUTI ZERO, OBIETTIVO ECOLOGICO ED ECONOMICO : Ridurre le spese preservando il nostro pianeta riducendo i nostri rifiuti. Ogni scatola di 10 sacchetto riutilizzabile <span class=\"a-text-bold\">evita <\/span>la produzione di rifiuti da centinaia di zucche usa e getta. Ogni bottiglia eco-compatibile contiene l&#8217;iscrizione &#8221; Per proteggere il nostro pianeta, non mi buttate via, sono riutilizzabile. &#8221; per evitare che la sacchetto riutilizzabile venga scartata inavvertitamente.<\/p>\n<div class=\"container section-title-container\" ><h2 class=\"section-title section-title-center\"><b><\/b><span class=\"section-title-main\" ><i class=\"icon-star\" ><\/i>CONTENUTO DELLA SCATOLA<\/span><b><\/b><\/h2><\/div>\n\n\t\t<div class=\"tabbed-content\">\n\t\t\t\n\t\t\t<ul class=\"nav nav-line-grow nav-uppercase nav-size-large nav-left\" role=\"tablist\"><li id=\"tab-10-sacchetti-riutilizzabili\" class=\"tab active has-icon\" role=\"presentation\"><a href=\"#tab_10-sacchetti-riutilizzabili\" role=\"tab\" aria-selected=\"true\" aria-controls=\"tab_10-sacchetti-riutilizzabili\"><span>10 sacchetti riutilizzabili<\/span><\/a><\/li>\n<li id=\"tab-1-imbuto\" class=\"tab has-icon\" role=\"presentation\"><a href=\"#tab_1-imbuto\" tabindex=\"-1\" role=\"tab\" aria-selected=\"false\" aria-controls=\"tab_1-imbuto\"><span>1 IMBUTO<\/span><\/a><\/li>\n<li id=\"tab-1-scovolino\" class=\"tab has-icon\" role=\"presentation\"><a href=\"#tab_1-scovolino\" tabindex=\"-1\" role=\"tab\" aria-selected=\"false\" aria-controls=\"tab_1-scovolino\"><span>1 scovolino<\/span><\/a><\/li>\n<li id=\"tab-5-pi\u00f9-tappi\" class=\"tab has-icon\" role=\"presentation\"><a href=\"#tab_5-pi\u00f9-tappi\" tabindex=\"-1\" role=\"tab\" aria-selected=\"false\" aria-controls=\"tab_5-pi\u00f9-tappi\"><span>5 pi\u00f9 tappi<\/span><\/a><\/li><\/ul><div class=\"tab-panels\"><div id=\"tab_10-sacchetti-riutilizzabili\" class=\"panel active entry-content\" role=\"tabpanel\" aria-labelledby=\"tab-10-sacchetti-riutilizzabili\">\n<div class=\"row row-dashed\"  id=\"row-1861753103\">\n\n\t<div id=\"col-1400099666\" class=\"col medium-6 small-12 large-6\"  data-animate=\"bounceInLeft\">\n\t\t\t\t<div class=\"col-inner text-center\"  >\n\t\t\t\n\t\t\t\n<h3>10 Sacchetti Riutilizzabili<\/h3>\n<ul>\n<li style=\"text-align: left;\">Lotto di 10 sacchetti riutilizzabili con una capacit\u00e0 di 150 ml.<\/li>\n<li style=\"text-align: left;\">Design adatto a grandi e piccini.<\/li>\n<li style=\"text-align: left;\">Sigillatura ottimale con la chiusura &#8220;DOPPIA ZIP&#8221;.<\/li>\n<li style=\"text-align: left;\">Deposito adatto per frigo e congelatore.<\/li>\n<li style=\"text-align: left;\">Trasparenza per valutare la quantit\u00e0 rimanente e facilitare la pulizia.<\/li>\n<\/ul>\n\t\t<\/div>\n\t\t\t\t\t<\/div>\n\n\t\n\n\t<div id=\"col-491037101\" class=\"col medium-6 small-12 large-6\"  data-animate=\"bounceInLeft\">\n\t\t\t\t<div class=\"col-inner\"  >\n\t\t\t\n\t\t\t\n\t<div class=\"img has-hover x md-x lg-x y md-y lg-y\" id=\"image_246117087\">\n\t\t\t\t\t\t\t\t<div class=\"img-inner image-zoom dark\" >\n\t\t\t<img width=\"510\" height=\"340\" src=\"https:\/\/www.thebamboofamily.com\/wp-content\/uploads\/2020\/05\/10-gourdes-510x340-1.jpg\" class=\"attachment-medium size-medium\" alt=\"gourdes the bamboo family\" decoding=\"async\" \/>\t\t\t\t\t\t\n\t\t\t\t\t<\/div>\n\t\t\t\t\t\t\t\t\n<style>\n#image_246117087 {\n  width: 100%;\n}\n<\/style>\n\t<\/div>\n\t\n\t\t<\/div>\n\t\t\t\t\t<\/div>\n\n\t\n<\/div>\n<\/div>\n<div id=\"tab_1-imbuto\" class=\"panel entry-content\" role=\"tabpanel\" aria-labelledby=\"tab-1-imbuto\">\n<div class=\"row row-dashed\"  id=\"row-1010369475\">\n\n\t<div id=\"col-1476738678\" class=\"col medium-6 small-12 large-6\"  >\n\t\t\t\t<div class=\"col-inner\"  >\n\t\t\t\n\t\t\t\n<h3 style=\"text-align: center;\">1 Imbuto Offerto<\/h3>\n<ul>\n<li style=\"text-align: left;\">Puoi riempire facilmente la tua sacchetto riutilizzabile con l&#8217;imbuto pieghevole gratuito.<\/li>\n<li style=\"text-align: left;\">L&#8217;imbuto ti permetter\u00e0 di riempire la sacchetto riutilizzabile in modo pulito.<\/li>\n<li style=\"text-align: left;\">Dopo l&#8217;uso puoi piegarlo per risparmiare spazio.<\/li>\n<\/ul>\n\t\t<\/div>\n\t\t\t\t\t<\/div>\n\n\t\n\n\t<div id=\"col-1062341071\" class=\"col medium-6 small-12 large-6\"  >\n\t\t\t\t<div class=\"col-inner\"  >\n\t\t\t\n\t\t\t\n\t<div class=\"img has-hover x md-x lg-x y md-y lg-y\" id=\"image_124695470\">\n\t\t\t\t\t\t\t\t<div class=\"img-inner image-zoom dark\" >\n\t\t\t<img width=\"510\" height=\"340\" src=\"https:\/\/www.thebamboofamily.com\/wp-content\/uploads\/2020\/05\/entonnoir-510x340-1.jpg\" class=\"attachment-large size-large\" alt=\"entonnoir\" decoding=\"async\" \/>\t\t\t\t\t\t\n\t\t\t\t\t<\/div>\n\t\t\t\t\t\t\t\t\n<style>\n#image_124695470 {\n  width: 100%;\n}\n<\/style>\n\t<\/div>\n\t\n\t\t<\/div>\n\t\t\t\t\t<\/div>\n\n\t\n<\/div>\n<\/div>\n<div id=\"tab_1-scovolino\" class=\"panel entry-content\" role=\"tabpanel\" aria-labelledby=\"tab-1-scovolino\">\n<div class=\"row row-dashed\"  id=\"row-2069588323\">\n\n\t<div id=\"col-956543101\" class=\"col medium-6 small-12 large-6\"  >\n\t\t\t\t<div class=\"col-inner\"  >\n\t\t\t\n\t\t\t\n<h3 style=\"text-align: center;\">1 Scovolino Offerto<\/h3>\n<ul>\n<li style=\"text-align: left;\"><span data-text-color=\"success\">Nella scovolino \u00e8 fornito un pennello per consentire di pulire a fondo la bocca della sacchetto riutilizzabile.<\/span><\/li>\n<\/ul>\n\t\t<\/div>\n\t\t\t\t\t<\/div>\n\n\t\n\n\t<div id=\"col-1523983491\" class=\"col medium-6 small-12 large-6\"  >\n\t\t\t\t<div class=\"col-inner\"  >\n\t\t\t\n\t\t\t\n\t<div class=\"img has-hover x md-x lg-x y md-y lg-y\" id=\"image_1889771932\">\n\t\t\t\t\t\t\t\t<div class=\"img-inner image-zoom dark\" >\n\t\t\t<img width=\"510\" height=\"340\" src=\"https:\/\/www.thebamboofamily.com\/wp-content\/uploads\/2020\/05\/goupillon-510x340-1.jpg\" class=\"attachment-medium size-medium\" alt=\"goupillon\" decoding=\"async\" \/>\t\t\t\t\t\t\n\t\t\t\t\t<\/div>\n\t\t\t\t\t\t\t\t\n<style>\n#image_1889771932 {\n  width: 100%;\n}\n<\/style>\n\t<\/div>\n\t\n\t\t<\/div>\n\t\t\t\t\t<\/div>\n\n\t\n<\/div>\n<\/div>\n<div id=\"tab_5-pi\u00f9-tappi\" class=\"panel entry-content\" role=\"tabpanel\" aria-labelledby=\"tab-5-pi\u00f9-tappi\">\n<div class=\"row row-dashed\"  id=\"row-2020112464\">\n\n\t<div id=\"col-1479346059\" class=\"col medium-6 small-12 large-6\"  >\n\t\t\t\t<div class=\"col-inner\"  >\n\t\t\t\n\t\t\t\n<h3 style=\"text-align: center;\">5 tappi aggiuntive offerte<\/h3>\n<ul>\n<li><span data-text-color=\"success\">La confezione include anche 5 tappi aggiuntivi in \u200b\u200bcaso di smarrimento.<\/span><\/li>\n<\/ul>\n\t\t<\/div>\n\t\t\t\t\t<\/div>\n\n\t\n\n\t<div id=\"col-1533752068\" class=\"col medium-6 small-12 large-6\"  >\n\t\t\t\t<div class=\"col-inner\"  >\n\t\t\t\n\t\t\t\n\t<div class=\"img has-hover x md-x lg-x y md-y lg-y\" id=\"image_500895195\">\n\t\t\t\t\t\t\t\t<div class=\"img-inner image-zoom dark\" >\n\t\t\t<img width=\"510\" height=\"340\" src=\"https:\/\/www.thebamboofamily.com\/wp-content\/uploads\/2020\/05\/5-caps-510x340-1.jpg\" class=\"attachment-medium size-medium\" alt=\"bouchons gourde r\u00e9utilisable\" decoding=\"async\" \/>\t\t\t\t\t\t\n\t\t\t\t\t<\/div>\n\t\t\t\t\t\t\t\t\n<style>\n#image_500895195 {\n  width: 100%;\n}\n<\/style>\n\t<\/div>\n\t\n\t\t<\/div>\n\t\t\t\t\t<\/div>\n\n\t\n<\/div>\n<\/div><\/div><\/div>\n","protected":false},"excerpt":{"rendered":"<p>Scatola 10 Sacchetto Riutilizzabile 150 ml<br \/>\nSemplicit\u00e0 da riempire e pulire<br \/>\nOfferto un imbuto + un Scovolino e 5 tappi extra<\/p>\n","protected":false},"featured_media":797,"comment_status":"open","ping_status":"closed","template":"","meta":[],"product_cat":[110],"product_tag":[112,113,111],"yoast_head":"<!-- This site is optimized with the Yoast SEO plugin v20.8 - https:\/\/yoast.com\/wordpress\/plugins\/seo\/ -->\n<title>Sacchetto Riutilizzabile - THE BAMBOO FAMILY<\/title>\n<meta name=\"robots\" content=\"index, follow, max-snippet:-1, max-image-preview:large, max-video-preview:-1\" \/>\n<link rel=\"canonical\" href=\"https:\/\/www.thebamboofamily.com\/it\/product\/sacchetto-riutilizzabile\/\" \/>\n<meta property=\"og:locale\" content=\"it_IT\" \/>\n<meta property=\"og:type\" content=\"article\" \/>\n<meta property=\"og:title\" content=\"Sacchetto Riutilizzabile - THE BAMBOO FAMILY\" \/>\n<meta property=\"og:description\" content=\"Scatola 10 Sacchetto Riutilizzabile 150 ml Semplicit\u00e0 da riempire e pulire Offerto un imbuto + un Scovolino e 5 tappi extra\" \/>\n<meta property=\"og:url\" content=\"https:\/\/www.thebamboofamily.com\/it\/product\/sacchetto-riutilizzabile\/\" \/>\n<meta property=\"og:site_name\" content=\"THE BAMBOO FAMILY\" \/>\n<meta property=\"article:publisher\" content=\"https:\/\/www.facebook.com\/thebamboofamilytbf\" \/>\n<meta property=\"article:modified_time\" content=\"2023-05-21T14:35:25+00:00\" \/>\n<meta property=\"og:image\" content=\"https:\/\/www.thebamboofamily.com\/wp-content\/uploads\/2020\/05\/1.-Photo-Principale-800x800.jpg\" \/>\n\t<meta property=\"og:image:width\" content=\"800\" \/>\n\t<meta property=\"og:image:height\" content=\"800\" \/>\n\t<meta property=\"og:image:type\" content=\"image\/jpeg\" \/>\n<meta name=\"twitter:card\" content=\"summary_large_image\" \/>\n<meta name=\"twitter:label1\" content=\"Tempo di lettura stimato\" \/>\n\t<meta name=\"twitter:data1\" content=\"2 minuti\" \/>\n<script type=\"application\/ld+json\" class=\"yoast-schema-graph\">{\"@context\":\"https:\/\/schema.org\",\"@graph\":[{\"@type\":\"WebPage\",\"@id\":\"https:\/\/www.thebamboofamily.com\/it\/product\/sacchetto-riutilizzabile\/\",\"url\":\"https:\/\/www.thebamboofamily.com\/it\/product\/sacchetto-riutilizzabile\/\",\"name\":\"Sacchetto Riutilizzabile - THE BAMBOO FAMILY\",\"isPartOf\":{\"@id\":\"https:\/\/www.thebamboofamily.com\/#website\"},\"datePublished\":\"2020-06-05T16:28:57+00:00\",\"dateModified\":\"2023-05-21T14:35:25+00:00\",\"breadcrumb\":{\"@id\":\"https:\/\/www.thebamboofamily.com\/it\/product\/sacchetto-riutilizzabile\/#breadcrumb\"},\"inLanguage\":\"it-IT\",\"potentialAction\":[{\"@type\":\"ReadAction\",\"target\":[\"https:\/\/www.thebamboofamily.com\/it\/product\/sacchetto-riutilizzabile\/\"]}]},{\"@type\":\"BreadcrumbList\",\"@id\":\"https:\/\/www.thebamboofamily.com\/it\/product\/sacchetto-riutilizzabile\/#breadcrumb\",\"itemListElement\":[{\"@type\":\"ListItem\",\"position\":1,\"name\":\"Accueil\",\"item\":\"https:\/\/www.thebamboofamily.com\/it\/\"},{\"@type\":\"ListItem\",\"position\":2,\"name\":\"Buy\",\"item\":\"https:\/\/www.thebamboofamily.com\/shop\/\"},{\"@type\":\"ListItem\",\"position\":3,\"name\":\"Sacchetto Riutilizzabile\"}]},{\"@type\":\"WebSite\",\"@id\":\"https:\/\/www.thebamboofamily.com\/#website\",\"url\":\"https:\/\/www.thebamboofamily.com\/\",\"name\":\"THE BAMBOO FAMILY\",\"description\":\"\",\"publisher\":{\"@id\":\"https:\/\/www.thebamboofamily.com\/#organization\"},\"potentialAction\":[{\"@type\":\"SearchAction\",\"target\":{\"@type\":\"EntryPoint\",\"urlTemplate\":\"https:\/\/www.thebamboofamily.com\/?s={search_term_string}\"},\"query-input\":\"required name=search_term_string\"}],\"inLanguage\":\"it-IT\"},{\"@type\":\"Organization\",\"@id\":\"https:\/\/www.thebamboofamily.com\/#organization\",\"name\":\"THE BAMBOO FAMILY\",\"url\":\"https:\/\/www.thebamboofamily.com\/\",\"logo\":{\"@type\":\"ImageObject\",\"inLanguage\":\"it-IT\",\"@id\":\"https:\/\/www.thebamboofamily.com\/#\/schema\/logo\/image\/\",\"url\":\"https:\/\/www.thebamboofamily.com\/wp-content\/uploads\/2020\/06\/logo-vert-scaled.jpg\",\"contentUrl\":\"https:\/\/www.thebamboofamily.com\/wp-content\/uploads\/2020\/06\/logo-vert-scaled.jpg\",\"width\":2560,\"height\":1459,\"caption\":\"THE BAMBOO FAMILY\"},\"image\":{\"@id\":\"https:\/\/www.thebamboofamily.com\/#\/schema\/logo\/image\/\"},\"sameAs\":[\"https:\/\/www.facebook.com\/thebamboofamilytbf\",\"https:\/\/www.instagram.com\/the.bamboo.family\/\",\"https:\/\/www.pinterest.fr\/thebamboof\/\",\"https:\/\/www.youtube.com\/channel\/UCkYEQIEzn2AIXg6inQxDa3A\"]}]}<\/script>\n<!-- \/ Yoast SEO plugin. -->","yoast_head_json":{"title":"Sacchetto Riutilizzabile - THE BAMBOO FAMILY","robots":{"index":"index","follow":"follow","max-snippet":"max-snippet:-1","max-image-preview":"max-image-preview:large","max-video-preview":"max-video-preview:-1"},"canonical":"https:\/\/www.thebamboofamily.com\/it\/product\/sacchetto-riutilizzabile\/","og_locale":"it_IT","og_type":"article","og_title":"Sacchetto Riutilizzabile - THE BAMBOO FAMILY","og_description":"Scatola 10 Sacchetto Riutilizzabile 150 ml Semplicit\u00e0 da riempire e pulire Offerto un imbuto + un Scovolino e 5 tappi extra","og_url":"https:\/\/www.thebamboofamily.com\/it\/product\/sacchetto-riutilizzabile\/","og_site_name":"THE BAMBOO FAMILY","article_publisher":"https:\/\/www.facebook.com\/thebamboofamilytbf","article_modified_time":"2023-05-21T14:35:25+00:00","og_image":[{"width":800,"height":800,"url":"https:\/\/www.thebamboofamily.com\/wp-content\/uploads\/2020\/05\/1.-Photo-Principale-800x800.jpg","type":"image\/jpeg"}],"twitter_card":"summary_large_image","twitter_misc":{"Tempo di lettura stimato":"2 minuti"},"schema":{"@context":"https:\/\/schema.org","@graph":[{"@type":"WebPage","@id":"https:\/\/www.thebamboofamily.com\/it\/product\/sacchetto-riutilizzabile\/","url":"https:\/\/www.thebamboofamily.com\/it\/product\/sacchetto-riutilizzabile\/","name":"Sacchetto Riutilizzabile - THE BAMBOO FAMILY","isPartOf":{"@id":"https:\/\/www.thebamboofamily.com\/#website"},"datePublished":"2020-06-05T16:28:57+00:00","dateModified":"2023-05-21T14:35:25+00:00","breadcrumb":{"@id":"https:\/\/www.thebamboofamily.com\/it\/product\/sacchetto-riutilizzabile\/#breadcrumb"},"inLanguage":"it-IT","potentialAction":[{"@type":"ReadAction","target":["https:\/\/www.thebamboofamily.com\/it\/product\/sacchetto-riutilizzabile\/"]}]},{"@type":"BreadcrumbList","@id":"https:\/\/www.thebamboofamily.com\/it\/product\/sacchetto-riutilizzabile\/#breadcrumb","itemListElement":[{"@type":"ListItem","position":1,"name":"Accueil","item":"https:\/\/www.thebamboofamily.com\/it\/"},{"@type":"ListItem","position":2,"name":"Buy","item":"https:\/\/www.thebamboofamily.com\/shop\/"},{"@type":"ListItem","position":3,"name":"Sacchetto Riutilizzabile"}]},{"@type":"WebSite","@id":"https:\/\/www.thebamboofamily.com\/#website","url":"https:\/\/www.thebamboofamily.com\/","name":"THE BAMBOO FAMILY","description":"","publisher":{"@id":"https:\/\/www.thebamboofamily.com\/#organization"},"potentialAction":[{"@type":"SearchAction","target":{"@type":"EntryPoint","urlTemplate":"https:\/\/www.thebamboofamily.com\/?s={search_term_string}"},"query-input":"required name=search_term_string"}],"inLanguage":"it-IT"},{"@type":"Organization","@id":"https:\/\/www.thebamboofamily.com\/#organization","name":"THE BAMBOO FAMILY","url":"https:\/\/www.thebamboofamily.com\/","logo":{"@type":"ImageObject","inLanguage":"it-IT","@id":"https:\/\/www.thebamboofamily.com\/#\/schema\/logo\/image\/","url":"https:\/\/www.thebamboofamily.com\/wp-content\/uploads\/2020\/06\/logo-vert-scaled.jpg","contentUrl":"https:\/\/www.thebamboofamily.com\/wp-content\/uploads\/2020\/06\/logo-vert-scaled.jpg","width":2560,"height":1459,"caption":"THE BAMBOO FAMILY"},"image":{"@id":"https:\/\/www.thebamboofamily.com\/#\/schema\/logo\/image\/"},"sameAs":["https:\/\/www.facebook.com\/thebamboofamilytbf","https:\/\/www.instagram.com\/the.bamboo.family\/","https:\/\/www.pinterest.fr\/thebamboof\/","https:\/\/www.youtube.com\/channel\/UCkYEQIEzn2AIXg6inQxDa3A"]}]}},"_links":{"self":[{"href":"https:\/\/www.thebamboofamily.com\/it\/wp-json\/wp\/v2\/product\/796"}],"collection":[{"href":"https:\/\/www.thebamboofamily.com\/it\/wp-json\/wp\/v2\/product"}],"about":[{"href":"https:\/\/www.thebamboofamily.com\/it\/wp-json\/wp\/v2\/types\/product"}],"replies":[{"embeddable":true,"href":"https:\/\/www.thebamboofamily.com\/it\/wp-json\/wp\/v2\/comments?post=796"}],"wp:featuredmedia":[{"embeddable":true,"href":"https:\/\/www.thebamboofamily.com\/it\/wp-json\/wp\/v2\/media\/797"}],"wp:attachment":[{"href":"https:\/\/www.thebamboofamily.com\/it\/wp-json\/wp\/v2\/media?parent=796"}],"wp:term":[{"taxonomy":"product_cat","embeddable":true,"href":"https:\/\/www.thebamboofamily.com\/it\/wp-json\/wp\/v2\/product_cat?post=796"},{"taxonomy":"product_tag","embeddable":true,"href":"https:\/\/www.thebamboofamily.com\/it\/wp-json\/wp\/v2\/product_tag?post=796"}],"curies":[{"name":"wp","href":"https:\/\/api.w.org\/{rel}","templated":true}]}}