{"id":767,"date":"2020-06-05T17:50:19","date_gmt":"2020-06-05T15:50:19","guid":{"rendered":"https:\/\/www.thebamboofamily.com\/ricette\/"},"modified":"2020-09-30T22:22:16","modified_gmt":"2020-09-30T20:22:16","slug":"ricette","status":"publish","type":"page","link":"https:\/\/www.thebamboofamily.com\/it\/ricette\/","title":{"rendered":"Ricette"},"content":{"rendered":"\n  <div id=\"page-header-759275639\" class=\"page-header-wrapper\">\n  <div class=\"page-title dark featured-title\">\n\n    \n    <div class=\"page-title-inner container align-center text-center flex-row-col medium-flex-wrap\" >\n              <div class=\"title-wrapper uppercase flex-col\">\n          <h1 class=\"entry-title mb-0\">\n            Ricette          <\/h1>\n        <\/div>\n                    <div class=\"title-content flex-col\">\n              <\/div>\n    <\/div>\n\n       <\/div>\n    <\/div>\n  \n\n\t<div id=\"gap-397353570\" class=\"gap-element clearfix\" style=\"display:block; height:auto;\">\n\t\t\n<style>\n#gap-397353570 {\n  padding-top: 30px;\n}\n<\/style>\n\t<\/div>\n\t\n\n<p>\ud83c\uddec\ud83c\udde7 Register within 10 days of receiving your box and download our free ebook of 10 recipes for your Reusable Pouches.<\/p>\n<p>\ud83c\uddeb\ud83c\uddf7 Enregistrez-vous dans les 10 jours suivant la r\u00e9ception de votre coffret et t\u00e9l\u00e9chargez notre ebook gratuit de 10 recettes pour vos Gourdes R\u00e9utilisables.<\/p>\n<p>\ud83c\udde9\ud83c\uddea Registrieren Sie sich innerhalb von 10 Tagen nach Erhalt Ihrer Schachtel und laden Sie unser kostenloses E-Book mit 10 Rezepten f\u00fcr Ihre quetschies wiederverwendbar herunter.<\/p>\n<p>\ud83c\uddea\ud83c\uddf8 Reg\u00edstrate dentro de los 10 d\u00edas de recibir tu set y descarga nuestro libro electr\u00f3nico gratuito de 10 recetas para tus Cantimploras Reutilizables.<\/p>\n<p>\ud83c\uddee\ud83c\uddf9 Registratevi entro 10 giorni dal ricevimento del vostro cofanetto e scaricate il nostro ebook gratuito di 10 ricette per i vostri Sacchetti Riutilizzabili.<\/p>\n<div class=\"row\"  id=\"row-723675836\">\n\n\n\t<div id=\"col-2005011978\" class=\"col medium-4 small-12 large-4\"  >\n\t\t\t\t<div class=\"col-inner\"  >\n\t\t\t\n\t\t\t\n\n\t<div class=\"img has-hover x md-x lg-x y md-y lg-y\" id=\"image_1165750994\">\n\t\t<a class=\"\" href=\"https:\/\/thebamboofamily.portals.click\/jzkBCL\" target=\"_blank\" rel=\"noopener noreferrer\" >\t\t\t\t\t\t<div class=\"img-inner dark\" >\n\t\t\t<img width=\"566\" height=\"800\" src=\"https:\/\/www.thebamboofamily.com\/wp-content\/uploads\/2020\/09\/FRONT-PAGE-EN-566x800.jpg\" class=\"attachment-large size-large\" alt=\"\" decoding=\"async\" srcset=\"https:\/\/www.thebamboofamily.com\/wp-content\/uploads\/2020\/09\/FRONT-PAGE-EN-566x800.jpg 566w, https:\/\/www.thebamboofamily.com\/wp-content\/uploads\/2020\/09\/FRONT-PAGE-EN-283x400.jpg 283w, https:\/\/www.thebamboofamily.com\/wp-content\/uploads\/2020\/09\/FRONT-PAGE-EN-768x1086.jpg 768w, https:\/\/www.thebamboofamily.com\/wp-content\/uploads\/2020\/09\/FRONT-PAGE-EN-1086x1536.jpg 1086w, https:\/\/www.thebamboofamily.com\/wp-content\/uploads\/2020\/09\/FRONT-PAGE-EN-1448x2048.jpg 1448w, https:\/\/www.thebamboofamily.com\/wp-content\/uploads\/2020\/09\/FRONT-PAGE-EN-600x849.jpg 600w, https:\/\/www.thebamboofamily.com\/wp-content\/uploads\/2020\/09\/FRONT-PAGE-EN-scaled.jpg 1810w\" sizes=\"(max-width: 566px) 100vw, 566px\" \/>\t\t\t\t\t\t\n\t\t\t\t\t<\/div>\n\t\t\t\t\t\t<\/a>\t\t\n<style>\n#image_1165750994 {\n  width: 100%;\n}\n<\/style>\n\t<\/div>\n\t\n\n<h4 style=\"text-align: center;\">English<\/h4>\n\n\t\t<\/div>\n\t\t\t\t\t<\/div>\n\n\t\n\n\t<div id=\"col-1590179901\" class=\"col medium-4 small-12 large-4\"  >\n\t\t\t\t<div class=\"col-inner\"  >\n\t\t\t\n\t\t\t\n\n\t<div class=\"img has-hover x md-x lg-x y md-y lg-y\" id=\"image_67210611\">\n\t\t<a class=\"\" href=\"https:\/\/thebamboofamily.portals.click\/FQ0w4p\" target=\"_blank\" rel=\"noopener noreferrer\" >\t\t\t\t\t\t<div class=\"img-inner dark\" >\n\t\t\t<img width=\"566\" height=\"800\" src=\"https:\/\/www.thebamboofamily.com\/wp-content\/uploads\/2020\/09\/FRONT-PAGE-FR-566x800.jpg\" class=\"attachment-large size-large\" alt=\"\" decoding=\"async\" srcset=\"https:\/\/www.thebamboofamily.com\/wp-content\/uploads\/2020\/09\/FRONT-PAGE-FR-566x800.jpg 566w, https:\/\/www.thebamboofamily.com\/wp-content\/uploads\/2020\/09\/FRONT-PAGE-FR-283x400.jpg 283w, https:\/\/www.thebamboofamily.com\/wp-content\/uploads\/2020\/09\/FRONT-PAGE-FR-768x1086.jpg 768w, https:\/\/www.thebamboofamily.com\/wp-content\/uploads\/2020\/09\/FRONT-PAGE-FR-1086x1536.jpg 1086w, https:\/\/www.thebamboofamily.com\/wp-content\/uploads\/2020\/09\/FRONT-PAGE-FR-1448x2048.jpg 1448w, https:\/\/www.thebamboofamily.com\/wp-content\/uploads\/2020\/09\/FRONT-PAGE-FR-600x849.jpg 600w, https:\/\/www.thebamboofamily.com\/wp-content\/uploads\/2020\/09\/FRONT-PAGE-FR-scaled.jpg 1810w\" sizes=\"(max-width: 566px) 100vw, 566px\" \/>\t\t\t\t\t\t\n\t\t\t\t\t<\/div>\n\t\t\t\t\t\t<\/a>\t\t\n<style>\n#image_67210611 {\n  width: 100%;\n}\n<\/style>\n\t<\/div>\n\t\n\n<h4 style=\"text-align: center;\">Fran\u00e7ais<\/h4>\n\n\t\t<\/div>\n\t\t\t\t\t<\/div>\n\n\t\n\n\t<div id=\"col-1275131916\" class=\"col medium-4 small-12 large-4\"  >\n\t\t\t\t<div class=\"col-inner\"  >\n\t\t\t\n\t\t\t\n\n\n\t\t<\/div>\n\t\t\t\t\t<\/div>\n\n\t\n\n<\/div>\n","protected":false},"excerpt":{"rendered":"<p>\ud83c\uddec\ud83c\udde7 Register within 10 days of receiving your box and download our free ebook of 10 recipes for your Reusable Pouches. \ud83c\uddeb\ud83c\uddf7 Enregistrez-vous dans les 10 jours suivant la r\u00e9ception de votre coffret et t\u00e9l\u00e9chargez notre ebook gratuit de 10 recettes pour vos Gourdes R\u00e9utilisables. \ud83c\udde9\ud83c\uddea Registrieren Sie sich innerhalb von 10 Tagen nach Erhalt [&#8230;]\n","protected":false},"author":1,"featured_media":0,"parent":0,"menu_order":0,"comment_status":"closed","ping_status":"closed","template":"","meta":[],"yoast_head":"<!-- This site is optimized with the Yoast SEO plugin v20.8 - https:\/\/yoast.com\/wordpress\/plugins\/seo\/ -->\n<title>Ricette - THE BAMBOO FAMILY<\/title>\n<meta name=\"robots\" content=\"index, follow, max-snippet:-1, max-image-preview:large, max-video-preview:-1\" \/>\n<link rel=\"canonical\" href=\"https:\/\/www.thebamboofamily.com\/it\/ricette\/\" \/>\n<meta property=\"og:locale\" content=\"it_IT\" \/>\n<meta property=\"og:type\" content=\"article\" \/>\n<meta property=\"og:title\" content=\"Ricette - THE BAMBOO FAMILY\" \/>\n<meta property=\"og:description\" content=\"\ud83c\uddec\ud83c\udde7 Register within 10 days of receiving your box and download our free ebook of 10 recipes for your Reusable Pouches. \ud83c\uddeb\ud83c\uddf7 Enregistrez-vous dans les 10 jours suivant la r\u00e9ception de votre coffret et t\u00e9l\u00e9chargez notre ebook gratuit de 10 recettes pour vos Gourdes R\u00e9utilisables. \ud83c\udde9\ud83c\uddea Registrieren Sie sich innerhalb von 10 Tagen nach Erhalt [...]\" \/>\n<meta property=\"og:url\" content=\"https:\/\/www.thebamboofamily.com\/it\/ricette\/\" \/>\n<meta property=\"og:site_name\" content=\"THE BAMBOO FAMILY\" \/>\n<meta property=\"article:publisher\" content=\"https:\/\/www.facebook.com\/thebamboofamilytbf\" \/>\n<meta property=\"article:modified_time\" content=\"2020-09-30T20:22:16+00:00\" \/>\n<meta name=\"twitter:card\" content=\"summary_large_image\" \/>\n<meta name=\"twitter:label1\" content=\"Tempo di lettura stimato\" \/>\n\t<meta name=\"twitter:data1\" content=\"1 minuto\" \/>\n<script type=\"application\/ld+json\" class=\"yoast-schema-graph\">{\"@context\":\"https:\/\/schema.org\",\"@graph\":[{\"@type\":\"WebPage\",\"@id\":\"https:\/\/www.thebamboofamily.com\/it\/ricette\/\",\"url\":\"https:\/\/www.thebamboofamily.com\/it\/ricette\/\",\"name\":\"Ricette - THE BAMBOO FAMILY\",\"isPartOf\":{\"@id\":\"https:\/\/www.thebamboofamily.com\/#website\"},\"datePublished\":\"2020-06-05T15:50:19+00:00\",\"dateModified\":\"2020-09-30T20:22:16+00:00\",\"breadcrumb\":{\"@id\":\"https:\/\/www.thebamboofamily.com\/it\/ricette\/#breadcrumb\"},\"inLanguage\":\"it-IT\",\"potentialAction\":[{\"@type\":\"ReadAction\",\"target\":[\"https:\/\/www.thebamboofamily.com\/it\/ricette\/\"]}]},{\"@type\":\"BreadcrumbList\",\"@id\":\"https:\/\/www.thebamboofamily.com\/it\/ricette\/#breadcrumb\",\"itemListElement\":[{\"@type\":\"ListItem\",\"position\":1,\"name\":\"Accueil\",\"item\":\"https:\/\/www.thebamboofamily.com\/it\/\"},{\"@type\":\"ListItem\",\"position\":2,\"name\":\"Ricette\"}]},{\"@type\":\"WebSite\",\"@id\":\"https:\/\/www.thebamboofamily.com\/#website\",\"url\":\"https:\/\/www.thebamboofamily.com\/\",\"name\":\"THE BAMBOO FAMILY\",\"description\":\"\",\"publisher\":{\"@id\":\"https:\/\/www.thebamboofamily.com\/#organization\"},\"potentialAction\":[{\"@type\":\"SearchAction\",\"target\":{\"@type\":\"EntryPoint\",\"urlTemplate\":\"https:\/\/www.thebamboofamily.com\/?s={search_term_string}\"},\"query-input\":\"required name=search_term_string\"}],\"inLanguage\":\"it-IT\"},{\"@type\":\"Organization\",\"@id\":\"https:\/\/www.thebamboofamily.com\/#organization\",\"name\":\"THE BAMBOO FAMILY\",\"url\":\"https:\/\/www.thebamboofamily.com\/\",\"logo\":{\"@type\":\"ImageObject\",\"inLanguage\":\"it-IT\",\"@id\":\"https:\/\/www.thebamboofamily.com\/#\/schema\/logo\/image\/\",\"url\":\"https:\/\/www.thebamboofamily.com\/wp-content\/uploads\/2020\/06\/logo-vert-scaled.jpg\",\"contentUrl\":\"https:\/\/www.thebamboofamily.com\/wp-content\/uploads\/2020\/06\/logo-vert-scaled.jpg\",\"width\":2560,\"height\":1459,\"caption\":\"THE BAMBOO FAMILY\"},\"image\":{\"@id\":\"https:\/\/www.thebamboofamily.com\/#\/schema\/logo\/image\/\"},\"sameAs\":[\"https:\/\/www.facebook.com\/thebamboofamilytbf\",\"https:\/\/www.instagram.com\/the.bamboo.family\/\",\"https:\/\/www.pinterest.fr\/thebamboof\/\",\"https:\/\/www.youtube.com\/channel\/UCkYEQIEzn2AIXg6inQxDa3A\"]}]}<\/script>\n<!-- \/ Yoast SEO plugin. -->","yoast_head_json":{"title":"Ricette - THE BAMBOO FAMILY","robots":{"index":"index","follow":"follow","max-snippet":"max-snippet:-1","max-image-preview":"max-image-preview:large","max-video-preview":"max-video-preview:-1"},"canonical":"https:\/\/www.thebamboofamily.com\/it\/ricette\/","og_locale":"it_IT","og_type":"article","og_title":"Ricette - THE BAMBOO FAMILY","og_description":"\ud83c\uddec\ud83c\udde7 Register within 10 days of receiving your box and download our free ebook of 10 recipes for your Reusable Pouches. \ud83c\uddeb\ud83c\uddf7 Enregistrez-vous dans les 10 jours suivant la r\u00e9ception de votre coffret et t\u00e9l\u00e9chargez notre ebook gratuit de 10 recettes pour vos Gourdes R\u00e9utilisables. \ud83c\udde9\ud83c\uddea Registrieren Sie sich innerhalb von 10 Tagen nach Erhalt [...]","og_url":"https:\/\/www.thebamboofamily.com\/it\/ricette\/","og_site_name":"THE BAMBOO FAMILY","article_publisher":"https:\/\/www.facebook.com\/thebamboofamilytbf","article_modified_time":"2020-09-30T20:22:16+00:00","twitter_card":"summary_large_image","twitter_misc":{"Tempo di lettura stimato":"1 minuto"},"schema":{"@context":"https:\/\/schema.org","@graph":[{"@type":"WebPage","@id":"https:\/\/www.thebamboofamily.com\/it\/ricette\/","url":"https:\/\/www.thebamboofamily.com\/it\/ricette\/","name":"Ricette - THE BAMBOO FAMILY","isPartOf":{"@id":"https:\/\/www.thebamboofamily.com\/#website"},"datePublished":"2020-06-05T15:50:19+00:00","dateModified":"2020-09-30T20:22:16+00:00","breadcrumb":{"@id":"https:\/\/www.thebamboofamily.com\/it\/ricette\/#breadcrumb"},"inLanguage":"it-IT","potentialAction":[{"@type":"ReadAction","target":["https:\/\/www.thebamboofamily.com\/it\/ricette\/"]}]},{"@type":"BreadcrumbList","@id":"https:\/\/www.thebamboofamily.com\/it\/ricette\/#breadcrumb","itemListElement":[{"@type":"ListItem","position":1,"name":"Accueil","item":"https:\/\/www.thebamboofamily.com\/it\/"},{"@type":"ListItem","position":2,"name":"Ricette"}]},{"@type":"WebSite","@id":"https:\/\/www.thebamboofamily.com\/#website","url":"https:\/\/www.thebamboofamily.com\/","name":"THE BAMBOO FAMILY","description":"","publisher":{"@id":"https:\/\/www.thebamboofamily.com\/#organization"},"potentialAction":[{"@type":"SearchAction","target":{"@type":"EntryPoint","urlTemplate":"https:\/\/www.thebamboofamily.com\/?s={search_term_string}"},"query-input":"required name=search_term_string"}],"inLanguage":"it-IT"},{"@type":"Organization","@id":"https:\/\/www.thebamboofamily.com\/#organization","name":"THE BAMBOO FAMILY","url":"https:\/\/www.thebamboofamily.com\/","logo":{"@type":"ImageObject","inLanguage":"it-IT","@id":"https:\/\/www.thebamboofamily.com\/#\/schema\/logo\/image\/","url":"https:\/\/www.thebamboofamily.com\/wp-content\/uploads\/2020\/06\/logo-vert-scaled.jpg","contentUrl":"https:\/\/www.thebamboofamily.com\/wp-content\/uploads\/2020\/06\/logo-vert-scaled.jpg","width":2560,"height":1459,"caption":"THE BAMBOO FAMILY"},"image":{"@id":"https:\/\/www.thebamboofamily.com\/#\/schema\/logo\/image\/"},"sameAs":["https:\/\/www.facebook.com\/thebamboofamilytbf","https:\/\/www.instagram.com\/the.bamboo.family\/","https:\/\/www.pinterest.fr\/thebamboof\/","https:\/\/www.youtube.com\/channel\/UCkYEQIEzn2AIXg6inQxDa3A"]}]}},"_links":{"self":[{"href":"https:\/\/www.thebamboofamily.com\/it\/wp-json\/wp\/v2\/pages\/767"}],"collection":[{"href":"https:\/\/www.thebamboofamily.com\/it\/wp-json\/wp\/v2\/pages"}],"about":[{"href":"https:\/\/www.thebamboofamily.com\/it\/wp-json\/wp\/v2\/types\/page"}],"author":[{"embeddable":true,"href":"https:\/\/www.thebamboofamily.com\/it\/wp-json\/wp\/v2\/users\/1"}],"replies":[{"embeddable":true,"href":"https:\/\/www.thebamboofamily.com\/it\/wp-json\/wp\/v2\/comments?post=767"}],"version-history":[{"count":4,"href":"https:\/\/www.thebamboofamily.com\/it\/wp-json\/wp\/v2\/pages\/767\/revisions"}],"predecessor-version":[{"id":1651,"href":"https:\/\/www.thebamboofamily.com\/it\/wp-json\/wp\/v2\/pages\/767\/revisions\/1651"}],"wp:attachment":[{"href":"https:\/\/www.thebamboofamily.com\/it\/wp-json\/wp\/v2\/media?parent=767"}],"curies":[{"name":"wp","href":"https:\/\/api.w.org\/{rel}","templated":true}]}}