{"id":390,"date":"2020-05-26T20:06:02","date_gmt":"2020-05-26T18:06:02","guid":{"rendered":"https:\/\/www.thebamboofamily.com\/?post_type=product&#038;p=390"},"modified":"2024-03-28T13:06:15","modified_gmt":"2024-03-28T12:06:15","slug":"gourde-reutilisable","status":"publish","type":"product","link":"https:\/\/www.thebamboofamily.com\/fr\/product\/gourde-reutilisable\/","title":{"rendered":"Gourde R\u00e9utilisable"},"content":{"rendered":"<h1>\ud83c\udf0d UNE GOURDE R\u00c9UTILISABLE SAINE :<\/h1>\n<p>Nous vous garantissons un produit de qualit\u00e9, une gourde r\u00e9utilisable sans bpa, sans phtalate et sans PVC.<\/p>\n<p><span style=\"font-size: 170%;\" data-text-color=\"primary\">\ud83c\udf0d <strong>NOMADE &amp; POUR TOUTE LA FAMILLE :<\/strong><\/span><\/p>\n<p>Lot de 10\u00a0gourdes compotes r\u00e9utilisables de 150 ml pour d\u00e9guster de la compote, du\u00a0yaourt \u00e0 boire, du smoothie, de la pur\u00e9e &#8230; ou toute pr\u00e9paration FAITE MAISON. Votre\u00a0gourde r\u00e9utilisable compote peut \u00eatre emport\u00e9e \u00e0 l&rsquo;\u00e9cole, en promenade, en voiture, ou en pique-nique &#8230;<\/p>\n<p><span data-text-color=\"primary\"><strong><span style=\"font-size: 170%;\">\ud83c\udf0d DESIGN SOBRE ET \u00c9COLOGIQUE :<\/span><\/strong><\/span><\/p>\n<p>Vous aimerez cette gourde r\u00e9utilisable au design attrayant adapt\u00e9e \u00e0 toute la famille. Cette gourde rechargeable amusera vos enfants et permettra aux plus petits d\u2019acqu\u00e9rir rapidement leur autonomie.<\/p>\n<p><span data-text-color=\"primary\"><strong><span style=\"font-size: 170%;\">\ud83c\udf0d REMPLISSAGE ET NETTOYAGE SIMPLIFI\u00c9 :<\/span><\/strong><\/span><\/p>\n<p>Chaque gourde r\u00e9utilisable b\u00e9n\u00e9fice d&rsquo;une OUVERTURE LARGE SUR LE C\u00d4T\u00c9 et non en dessous contrairement \u00e0 la plupart des autres gourdes. Ce syst\u00e8me permet que la gourde r\u00e9utilisable tienne debout \u00e0 l\u2019aide d\u2019un soufflet. Le coffret est accompagn\u00e9 d&rsquo;un entonnoir offert vous permettant un remplissage simplifi\u00e9 gr\u00e2ce \u00e0 l\u2019ouverture large. La transparence ainsi que les angles arrondis vous procureront un nettoyage facile. \u00c9galement adapt\u00e9 au lave-vaisselle<\/p>\n<p><span data-text-color=\"primary\"><strong><span style=\"font-size: 170%;\">\ud83c\udf0d OBJECTIF Z\u00c9RO D\u00c9CHET, \u00c9COLOGIQUE &amp; \u00c9CONOMIQUE :<\/span><\/strong><\/span><\/p>\n<p>R\u00e9duction de vos d\u00e9penses tout en pr\u00e9servant notre plan\u00e8te par une diminution de nos d\u00e9chets. Chaque coffret de 10 gourdes rechargeables\u00a0<span class=\"a-text-bold\">\u00e9vite\u00a0<\/span>la production de d\u00e9chets de centaines de gourdes jetables. Chaque gourde \u00e9cologique contient l&rsquo;inscription \u00ab\u00a0AFIN DE PROT\u00c9GER NOTRE PLAN\u00c8TE, NE ME JETEZ PAS JE SUIS R\u00c9UTILISABLE\u00a0\u00bb afin d&rsquo;\u00e9viter que votre gourde r\u00e9utilisable ne soit pas jet\u00e9e par inadvertance.<\/p>\n<div class=\"container section-title-container\" ><h2 class=\"section-title section-title-center\"><b><\/b><span class=\"section-title-main\" ><i class=\"icon-star\" ><\/i>CONTENU DU COFFRET<\/span><b><\/b><\/h2><\/div>\n\n\t\t<div class=\"tabbed-content\">\n\t\t\t\n\t\t\t<ul class=\"nav nav-line-grow nav-uppercase nav-size-large nav-left\" role=\"tablist\"><li id=\"tab-10-gourdes-r\u00e9utilisables\" class=\"tab active has-icon\" role=\"presentation\"><a href=\"#tab_10-gourdes-r\u00e9utilisables\" role=\"tab\" aria-selected=\"true\" aria-controls=\"tab_10-gourdes-r\u00e9utilisables\"><span>10 gourdes r\u00e9utilisables<\/span><\/a><\/li>\n<li id=\"tab-1-entonnoir\" class=\"tab has-icon\" role=\"presentation\"><a href=\"#tab_1-entonnoir\" tabindex=\"-1\" role=\"tab\" aria-selected=\"false\" aria-controls=\"tab_1-entonnoir\"><span>1 ENTONNOIR<\/span><\/a><\/li>\n<li id=\"tab-1-goupillon\" class=\"tab has-icon\" role=\"presentation\"><a href=\"#tab_1-goupillon\" tabindex=\"-1\" role=\"tab\" aria-selected=\"false\" aria-controls=\"tab_1-goupillon\"><span>1 GOUPILLON<\/span><\/a><\/li>\n<li id=\"tab-5-bouchons-suppl\u00e9mentaires\" class=\"tab has-icon\" role=\"presentation\"><a href=\"#tab_5-bouchons-suppl\u00e9mentaires\" tabindex=\"-1\" role=\"tab\" aria-selected=\"false\" aria-controls=\"tab_5-bouchons-suppl\u00e9mentaires\"><span>5 bouchons suppl\u00e9mentaires<\/span><\/a><\/li><\/ul><div class=\"tab-panels\"><div id=\"tab_10-gourdes-r\u00e9utilisables\" class=\"panel active entry-content\" role=\"tabpanel\" aria-labelledby=\"tab-10-gourdes-r\u00e9utilisables\">\n<div class=\"row row-dashed\"  id=\"row-1744223809\">\n\n\t<div id=\"col-462296372\" class=\"col medium-6 small-12 large-6\"  data-animate=\"bounceInLeft\">\n\t\t\t\t<div class=\"col-inner text-center\"  >\n\t\t\t\n\t\t\t\n<h3>10 Gourdes R\u00e9utilisables<\/h3>\n<ul>\n<li style=\"text-align: left;\">Lot de 10 gourdes r\u00e9utilisables d\u2019une contenance de 150 ml.<\/li>\n<li style=\"text-align: left;\">Design adapt\u00e9 pour les petits et les plus grands.<\/li>\n<li style=\"text-align: left;\">\u00c9tanch\u00e9it\u00e9 optimale \u00e0 l\u2019aide de la fermeture \u00ab DOUBLE ZIP \u00bb.<\/li>\n<li style=\"text-align: left;\">Conservation adapt\u00e9e au r\u00e9frig\u00e9rateur et au cong\u00e9lateur.<\/li>\n<li style=\"text-align: left;\">Transparence permettant d\u2019\u00e9valuer la quantit\u00e9 restante et de faciliter le nettoyage.<\/li>\n<\/ul>\n\t\t<\/div>\n\t\t\t\t\t<\/div>\n\n\t\n\n\t<div id=\"col-455253131\" class=\"col medium-6 small-12 large-6\"  data-animate=\"bounceInLeft\">\n\t\t\t\t<div class=\"col-inner\"  >\n\t\t\t\n\t\t\t\n\t<div class=\"img has-hover x md-x lg-x y md-y lg-y\" id=\"image_1308701922\">\n\t\t\t\t\t\t\t\t<div class=\"img-inner image-zoom dark\" >\n\t\t\t<img width=\"510\" height=\"340\" src=\"https:\/\/www.thebamboofamily.com\/wp-content\/uploads\/2020\/05\/10-gourdes-510x340-1.jpg\" class=\"attachment-medium size-medium\" alt=\"gourdes the bamboo family\" decoding=\"async\" \/>\t\t\t\t\t\t\n\t\t\t\t\t<\/div>\n\t\t\t\t\t\t\t\t\n<style>\n#image_1308701922 {\n  width: 100%;\n}\n<\/style>\n\t<\/div>\n\t\n\t\t<\/div>\n\t\t\t\t\t<\/div>\n\n\t\n<\/div>\n<\/div>\n<div id=\"tab_1-entonnoir\" class=\"panel entry-content\" role=\"tabpanel\" aria-labelledby=\"tab-1-entonnoir\">\n<div class=\"row row-dashed\"  id=\"row-1427532002\">\n\n\t<div id=\"col-646722784\" class=\"col medium-6 small-12 large-6\"  >\n\t\t\t\t<div class=\"col-inner\"  >\n\t\t\t\n\t\t\t\n<h3 style=\"text-align: center;\">1 Entonnoir offert<\/h3>\n<ul>\n<li style=\"text-align: left;\">Vous pourrez remplir votre gourde r\u00e9utilisable en toute simplicit\u00e9 par le bais de l\u2019entonnoir pliable offert.<\/li>\n<li style=\"text-align: left;\">L\u2019entonnoir vous permettra de remplir la gourde r\u00e9utilisable en toute propret\u00e9.<\/li>\n<li style=\"text-align: left;\">Apr\u00e8s son utilisation vous pouvez le plier pour b\u00e9n\u00e9ficier d\u2019un gain de place.<\/li>\n<\/ul>\n\t\t<\/div>\n\t\t\t\t\t<\/div>\n\n\t\n\n\t<div id=\"col-538957379\" class=\"col medium-6 small-12 large-6\"  >\n\t\t\t\t<div class=\"col-inner\"  >\n\t\t\t\n\t\t\t\n\t<div class=\"img has-hover x md-x lg-x y md-y lg-y\" id=\"image_1304250238\">\n\t\t\t\t\t\t\t\t<div class=\"img-inner image-zoom dark\" >\n\t\t\t<img width=\"510\" height=\"340\" src=\"https:\/\/www.thebamboofamily.com\/wp-content\/uploads\/2020\/05\/entonnoir-510x340-1.jpg\" class=\"attachment-large size-large\" alt=\"entonnoir\" decoding=\"async\" \/>\t\t\t\t\t\t\n\t\t\t\t\t<\/div>\n\t\t\t\t\t\t\t\t\n<style>\n#image_1304250238 {\n  width: 100%;\n}\n<\/style>\n\t<\/div>\n\t\n\t\t<\/div>\n\t\t\t\t\t<\/div>\n\n\t\n<\/div>\n<\/div>\n<div id=\"tab_1-goupillon\" class=\"panel entry-content\" role=\"tabpanel\" aria-labelledby=\"tab-1-goupillon\">\n<div class=\"row row-dashed\"  id=\"row-1268869420\">\n\n\t<div id=\"col-1974860655\" class=\"col medium-6 small-12 large-6\"  >\n\t\t\t\t<div class=\"col-inner\"  >\n\t\t\t\n\t\t\t\n<h3 style=\"text-align: center;\">1 Goupillon offert<\/h3>\n<ul>\n<li style=\"text-align: left;\"><span data-text-color=\"success\">Une brosse de nettoyage est fournie dans le coffret pour vous permettre un nettoyage approfondi du bec de la gourde.<\/span><\/li>\n<\/ul>\n\t\t<\/div>\n\t\t\t\t\t<\/div>\n\n\t\n\n\t<div id=\"col-1018574403\" class=\"col medium-6 small-12 large-6\"  >\n\t\t\t\t<div class=\"col-inner\"  >\n\t\t\t\n\t\t\t\n\t<div class=\"img has-hover x md-x lg-x y md-y lg-y\" id=\"image_1105591562\">\n\t\t\t\t\t\t\t\t<div class=\"img-inner image-zoom dark\" >\n\t\t\t<img width=\"510\" height=\"340\" src=\"https:\/\/www.thebamboofamily.com\/wp-content\/uploads\/2020\/05\/goupillon-510x340-1.jpg\" class=\"attachment-medium size-medium\" alt=\"goupillon\" decoding=\"async\" \/>\t\t\t\t\t\t\n\t\t\t\t\t<\/div>\n\t\t\t\t\t\t\t\t\n<style>\n#image_1105591562 {\n  width: 100%;\n}\n<\/style>\n\t<\/div>\n\t\n\t\t<\/div>\n\t\t\t\t\t<\/div>\n\n\t\n<\/div>\n<\/div>\n<div id=\"tab_5-bouchons-suppl\u00e9mentaires\" class=\"panel entry-content\" role=\"tabpanel\" aria-labelledby=\"tab-5-bouchons-suppl\u00e9mentaires\">\n<div class=\"row row-dashed\"  id=\"row-415672535\">\n\n\t<div id=\"col-940691947\" class=\"col medium-6 small-12 large-6\"  >\n\t\t\t\t<div class=\"col-inner\"  >\n\t\t\t\n\t\t\t\n<h3 style=\"text-align: center;\">5 Bouchons Suppl\u00e9mentaires offerts<\/h3>\n<ul>\n<li><span data-text-color=\"success\">Votre coffret comporte \u00e9galement 5 bouchons suppl\u00e9mentaires en cas de perte.<\/span><\/li>\n<\/ul>\n\t\t<\/div>\n\t\t\t\t\t<\/div>\n\n\t\n\n\t<div id=\"col-1598269516\" class=\"col medium-6 small-12 large-6\"  >\n\t\t\t\t<div class=\"col-inner\"  >\n\t\t\t\n\t\t\t\n\t<div class=\"img has-hover x md-x lg-x y md-y lg-y\" id=\"image_1970025943\">\n\t\t\t\t\t\t\t\t<div class=\"img-inner image-zoom dark\" >\n\t\t\t<img width=\"510\" height=\"340\" src=\"https:\/\/www.thebamboofamily.com\/wp-content\/uploads\/2020\/05\/5-caps-510x340-1.jpg\" class=\"attachment-medium size-medium\" alt=\"bouchons gourde r\u00e9utilisable\" decoding=\"async\" \/>\t\t\t\t\t\t\n\t\t\t\t\t<\/div>\n\t\t\t\t\t\t\t\t\n<style>\n#image_1970025943 {\n  width: 100%;\n}\n<\/style>\n\t<\/div>\n\t\n\t\t<\/div>\n\t\t\t\t\t<\/div>\n\n\t\n<\/div>\n<\/div><\/div><\/div>\n","protected":false},"excerpt":{"rendered":"<p>Coffret de 10 Gourdes R\u00e9utilisables de 150 ml<br \/>\nSimplicit\u00e9 au Remplissage et au Nettoyage<br \/>\nBonus 1 Entonnoir, 1 Goupillon et 5 Bouchons Suppl\u00e9mentaires<\/p>\n","protected":false},"featured_media":393,"comment_status":"open","ping_status":"closed","template":"","meta":[],"product_cat":[15],"product_tag":[71,72,70],"yoast_head":"<!-- This site is optimized with the Yoast SEO plugin v20.8 - https:\/\/yoast.com\/wordpress\/plugins\/seo\/ -->\n<title>Gourde R\u00e9utilisable - THE BAMBOO FAMILY -<\/title>\n<meta name=\"description\" content=\"Coffret de 10 Gourdes R\u00e9utilisables adapt\u00e9e pour toute la famille. Facile \u00e0 Remplir et \u00e0 Nettoyer. \u00c9cologique, \u00c9conomique and R\u00e9utilisable.\" \/>\n<meta name=\"robots\" content=\"index, follow, max-snippet:-1, max-image-preview:large, max-video-preview:-1\" \/>\n<link rel=\"canonical\" href=\"https:\/\/www.thebamboofamily.com\/fr\/product\/gourde-reutilisable\/\" \/>\n<meta property=\"og:locale\" content=\"fr_FR\" \/>\n<meta property=\"og:type\" content=\"article\" \/>\n<meta property=\"og:title\" content=\"Gourde R\u00e9utilisable - THE BAMBOO FAMILY -\" \/>\n<meta property=\"og:description\" content=\"Coffret de 10 Gourdes R\u00e9utilisables adapt\u00e9e pour toute la famille. Facile \u00e0 Remplir et \u00e0 Nettoyer. \u00c9cologique, \u00c9conomique and R\u00e9utilisable.\" \/>\n<meta property=\"og:url\" content=\"https:\/\/www.thebamboofamily.com\/fr\/product\/gourde-reutilisable\/\" \/>\n<meta property=\"og:site_name\" content=\"THE BAMBOO FAMILY\" \/>\n<meta property=\"article:publisher\" content=\"https:\/\/www.facebook.com\/thebamboofamilytbf\" \/>\n<meta property=\"article:modified_time\" content=\"2024-03-28T12:06:15+00:00\" \/>\n<meta property=\"og:image\" content=\"https:\/\/www.thebamboofamily.com\/wp-content\/uploads\/2020\/05\/1.-Photo-Principale-800x800.jpg\" \/>\n\t<meta property=\"og:image:width\" content=\"800\" \/>\n\t<meta property=\"og:image:height\" content=\"800\" \/>\n\t<meta property=\"og:image:type\" content=\"image\/jpeg\" \/>\n<meta name=\"twitter:card\" content=\"summary_large_image\" \/>\n<meta name=\"twitter:label1\" content=\"Dur\u00e9e de lecture estim\u00e9e\" \/>\n\t<meta name=\"twitter:data1\" content=\"3 minutes\" \/>\n<script type=\"application\/ld+json\" class=\"yoast-schema-graph\">{\"@context\":\"https:\/\/schema.org\",\"@graph\":[{\"@type\":\"WebPage\",\"@id\":\"https:\/\/www.thebamboofamily.com\/fr\/product\/gourde-reutilisable\/\",\"url\":\"https:\/\/www.thebamboofamily.com\/fr\/product\/gourde-reutilisable\/\",\"name\":\"Gourde R\u00e9utilisable - THE BAMBOO FAMILY -\",\"isPartOf\":{\"@id\":\"https:\/\/www.thebamboofamily.com\/#website\"},\"datePublished\":\"2020-05-26T18:06:02+00:00\",\"dateModified\":\"2024-03-28T12:06:15+00:00\",\"description\":\"Coffret de 10 Gourdes R\u00e9utilisables adapt\u00e9e pour toute la famille. Facile \u00e0 Remplir et \u00e0 Nettoyer. \u00c9cologique, \u00c9conomique and R\u00e9utilisable.\",\"breadcrumb\":{\"@id\":\"https:\/\/www.thebamboofamily.com\/fr\/product\/gourde-reutilisable\/#breadcrumb\"},\"inLanguage\":\"fr-FR\",\"potentialAction\":[{\"@type\":\"ReadAction\",\"target\":[\"https:\/\/www.thebamboofamily.com\/fr\/product\/gourde-reutilisable\/\"]}]},{\"@type\":\"BreadcrumbList\",\"@id\":\"https:\/\/www.thebamboofamily.com\/fr\/product\/gourde-reutilisable\/#breadcrumb\",\"itemListElement\":[{\"@type\":\"ListItem\",\"position\":1,\"name\":\"Accueil\",\"item\":\"https:\/\/www.thebamboofamily.com\/fr\/\"},{\"@type\":\"ListItem\",\"position\":2,\"name\":\"Buy\",\"item\":\"https:\/\/www.thebamboofamily.com\/shop\/\"},{\"@type\":\"ListItem\",\"position\":3,\"name\":\"Gourde R\u00e9utilisable\"}]},{\"@type\":\"WebSite\",\"@id\":\"https:\/\/www.thebamboofamily.com\/#website\",\"url\":\"https:\/\/www.thebamboofamily.com\/\",\"name\":\"THE BAMBOO FAMILY\",\"description\":\"\",\"publisher\":{\"@id\":\"https:\/\/www.thebamboofamily.com\/#organization\"},\"potentialAction\":[{\"@type\":\"SearchAction\",\"target\":{\"@type\":\"EntryPoint\",\"urlTemplate\":\"https:\/\/www.thebamboofamily.com\/?s={search_term_string}\"},\"query-input\":\"required name=search_term_string\"}],\"inLanguage\":\"fr-FR\"},{\"@type\":\"Organization\",\"@id\":\"https:\/\/www.thebamboofamily.com\/#organization\",\"name\":\"THE BAMBOO FAMILY\",\"url\":\"https:\/\/www.thebamboofamily.com\/\",\"logo\":{\"@type\":\"ImageObject\",\"inLanguage\":\"fr-FR\",\"@id\":\"https:\/\/www.thebamboofamily.com\/#\/schema\/logo\/image\/\",\"url\":\"https:\/\/www.thebamboofamily.com\/wp-content\/uploads\/2020\/06\/logo-vert-scaled.jpg\",\"contentUrl\":\"https:\/\/www.thebamboofamily.com\/wp-content\/uploads\/2020\/06\/logo-vert-scaled.jpg\",\"width\":2560,\"height\":1459,\"caption\":\"THE BAMBOO FAMILY\"},\"image\":{\"@id\":\"https:\/\/www.thebamboofamily.com\/#\/schema\/logo\/image\/\"},\"sameAs\":[\"https:\/\/www.facebook.com\/thebamboofamilytbf\",\"https:\/\/www.instagram.com\/the.bamboo.family\/\",\"https:\/\/www.pinterest.fr\/thebamboof\/\",\"https:\/\/www.youtube.com\/channel\/UCkYEQIEzn2AIXg6inQxDa3A\"]}]}<\/script>\n<!-- \/ Yoast SEO plugin. -->","yoast_head_json":{"title":"Gourde R\u00e9utilisable - THE BAMBOO FAMILY -","description":"Coffret de 10 Gourdes R\u00e9utilisables adapt\u00e9e pour toute la famille. Facile \u00e0 Remplir et \u00e0 Nettoyer. \u00c9cologique, \u00c9conomique and R\u00e9utilisable.","robots":{"index":"index","follow":"follow","max-snippet":"max-snippet:-1","max-image-preview":"max-image-preview:large","max-video-preview":"max-video-preview:-1"},"canonical":"https:\/\/www.thebamboofamily.com\/fr\/product\/gourde-reutilisable\/","og_locale":"fr_FR","og_type":"article","og_title":"Gourde R\u00e9utilisable - THE BAMBOO FAMILY -","og_description":"Coffret de 10 Gourdes R\u00e9utilisables adapt\u00e9e pour toute la famille. Facile \u00e0 Remplir et \u00e0 Nettoyer. \u00c9cologique, \u00c9conomique and R\u00e9utilisable.","og_url":"https:\/\/www.thebamboofamily.com\/fr\/product\/gourde-reutilisable\/","og_site_name":"THE BAMBOO FAMILY","article_publisher":"https:\/\/www.facebook.com\/thebamboofamilytbf","article_modified_time":"2024-03-28T12:06:15+00:00","og_image":[{"width":800,"height":800,"url":"https:\/\/www.thebamboofamily.com\/wp-content\/uploads\/2020\/05\/1.-Photo-Principale-800x800.jpg","type":"image\/jpeg"}],"twitter_card":"summary_large_image","twitter_misc":{"Dur\u00e9e de lecture estim\u00e9e":"3 minutes"},"schema":{"@context":"https:\/\/schema.org","@graph":[{"@type":"WebPage","@id":"https:\/\/www.thebamboofamily.com\/fr\/product\/gourde-reutilisable\/","url":"https:\/\/www.thebamboofamily.com\/fr\/product\/gourde-reutilisable\/","name":"Gourde R\u00e9utilisable - THE BAMBOO FAMILY -","isPartOf":{"@id":"https:\/\/www.thebamboofamily.com\/#website"},"datePublished":"2020-05-26T18:06:02+00:00","dateModified":"2024-03-28T12:06:15+00:00","description":"Coffret de 10 Gourdes R\u00e9utilisables adapt\u00e9e pour toute la famille. Facile \u00e0 Remplir et \u00e0 Nettoyer. \u00c9cologique, \u00c9conomique and R\u00e9utilisable.","breadcrumb":{"@id":"https:\/\/www.thebamboofamily.com\/fr\/product\/gourde-reutilisable\/#breadcrumb"},"inLanguage":"fr-FR","potentialAction":[{"@type":"ReadAction","target":["https:\/\/www.thebamboofamily.com\/fr\/product\/gourde-reutilisable\/"]}]},{"@type":"BreadcrumbList","@id":"https:\/\/www.thebamboofamily.com\/fr\/product\/gourde-reutilisable\/#breadcrumb","itemListElement":[{"@type":"ListItem","position":1,"name":"Accueil","item":"https:\/\/www.thebamboofamily.com\/fr\/"},{"@type":"ListItem","position":2,"name":"Buy","item":"https:\/\/www.thebamboofamily.com\/shop\/"},{"@type":"ListItem","position":3,"name":"Gourde R\u00e9utilisable"}]},{"@type":"WebSite","@id":"https:\/\/www.thebamboofamily.com\/#website","url":"https:\/\/www.thebamboofamily.com\/","name":"THE BAMBOO FAMILY","description":"","publisher":{"@id":"https:\/\/www.thebamboofamily.com\/#organization"},"potentialAction":[{"@type":"SearchAction","target":{"@type":"EntryPoint","urlTemplate":"https:\/\/www.thebamboofamily.com\/?s={search_term_string}"},"query-input":"required name=search_term_string"}],"inLanguage":"fr-FR"},{"@type":"Organization","@id":"https:\/\/www.thebamboofamily.com\/#organization","name":"THE BAMBOO FAMILY","url":"https:\/\/www.thebamboofamily.com\/","logo":{"@type":"ImageObject","inLanguage":"fr-FR","@id":"https:\/\/www.thebamboofamily.com\/#\/schema\/logo\/image\/","url":"https:\/\/www.thebamboofamily.com\/wp-content\/uploads\/2020\/06\/logo-vert-scaled.jpg","contentUrl":"https:\/\/www.thebamboofamily.com\/wp-content\/uploads\/2020\/06\/logo-vert-scaled.jpg","width":2560,"height":1459,"caption":"THE BAMBOO FAMILY"},"image":{"@id":"https:\/\/www.thebamboofamily.com\/#\/schema\/logo\/image\/"},"sameAs":["https:\/\/www.facebook.com\/thebamboofamilytbf","https:\/\/www.instagram.com\/the.bamboo.family\/","https:\/\/www.pinterest.fr\/thebamboof\/","https:\/\/www.youtube.com\/channel\/UCkYEQIEzn2AIXg6inQxDa3A"]}]}},"_links":{"self":[{"href":"https:\/\/www.thebamboofamily.com\/fr\/wp-json\/wp\/v2\/product\/390"}],"collection":[{"href":"https:\/\/www.thebamboofamily.com\/fr\/wp-json\/wp\/v2\/product"}],"about":[{"href":"https:\/\/www.thebamboofamily.com\/fr\/wp-json\/wp\/v2\/types\/product"}],"replies":[{"embeddable":true,"href":"https:\/\/www.thebamboofamily.com\/fr\/wp-json\/wp\/v2\/comments?post=390"}],"wp:featuredmedia":[{"embeddable":true,"href":"https:\/\/www.thebamboofamily.com\/fr\/wp-json\/wp\/v2\/media\/393"}],"wp:attachment":[{"href":"https:\/\/www.thebamboofamily.com\/fr\/wp-json\/wp\/v2\/media?parent=390"}],"wp:term":[{"taxonomy":"product_cat","embeddable":true,"href":"https:\/\/www.thebamboofamily.com\/fr\/wp-json\/wp\/v2\/product_cat?post=390"},{"taxonomy":"product_tag","embeddable":true,"href":"https:\/\/www.thebamboofamily.com\/fr\/wp-json\/wp\/v2\/product_tag?post=390"}],"curies":[{"name":"wp","href":"https:\/\/api.w.org\/{rel}","templated":true}]}}