{"id":355,"date":"2020-05-26T14:33:39","date_gmt":"2020-05-26T12:33:39","guid":{"rendered":"https:\/\/www.thebamboofamily.com\/?page_id=355"},"modified":"2020-05-26T21:40:52","modified_gmt":"2020-05-26T19:40:52","slug":"faq","status":"publish","type":"page","link":"https:\/\/www.thebamboofamily.com\/fr\/faq\/","title":{"rendered":"FAQ"},"content":{"rendered":"\n  <div id=\"page-header-1841959209\" class=\"page-header-wrapper\">\n  <div class=\"page-title dark featured-title\">\n\n    \n    <div class=\"page-title-inner container align-center text-center flex-row-col medium-flex-wrap\" >\n              <div class=\"title-wrapper uppercase flex-col\">\n          <h1 class=\"entry-title mb-0\">\n            Foire aux questions          <\/h1>\n        <\/div>\n                    <div class=\"title-content flex-col\">\n              <\/div>\n    <\/div>\n\n       <\/div>\n    <\/div>\n  \n\n\t<div id=\"gap-1572034539\" class=\"gap-element clearfix\" style=\"display:block; height:auto;\">\n\t\t\n<style>\n#gap-1572034539 {\n  padding-top: 30px;\n}\n<\/style>\n\t<\/div>\n\t\n\n\n\n\n<p><\/p>\n\n<p><\/p>\n<p>Les r\u00e9ponses aux questions les plus fr\u00e9quemment pos\u00e9es se trouvent ci-dessous:<\/p>\n\n\n<div class=\"accordion\">\n\n\t<div id=\"accordion-2304843069\" class=\"accordion-item\">\n\t\t<a id=\"accordion-2304843069-label\" class=\"accordion-title plain\" href=\"#accordion-item-avec_quels_types_d&#039;aliments_puis-je_remplir_ma_gourde_the_bamboo_family_?\" aria-expanded=\"false\" aria-controls=\"accordion-2304843069-content\" >\n\t\t\t<button class=\"toggle\" aria-label=\"Toggle\"><i class=\"icon-angle-down\"><\/i><\/button>\n\t\t\t<span>Avec quels types d'aliments puis-je remplir ma gourde The Bamboo Family ?<\/span>\n\t\t<\/a>\n\t\t<div id=\"accordion-2304843069-content\" class=\"accordion-inner\" aria-labelledby=\"accordion-2304843069-label\" >\n\t\t\t\n\n<ul>\n<li>Vous pouvez remplir votre gourde avec des pur\u00e9es de fruits, des pur\u00e9es de l\u00e9gumes, de la compote de pommes, des smoothies, du yaourt \u00e0 boire ou toute pr\u00e9paration faite maison\u2026<\/li>\n<\/ul>\n\n\t\t<\/div>\n\t<\/div>\n\t\n\t<div id=\"accordion-4087490274\" class=\"accordion-item\">\n\t\t<a id=\"accordion-4087490274-label\" class=\"accordion-title plain\" href=\"#accordion-item-o\u00f9_puis-je_utiliser_ma_gourde_the_bamboo_family?\" aria-expanded=\"false\" aria-controls=\"accordion-4087490274-content\" >\n\t\t\t<button class=\"toggle\" aria-label=\"Toggle\"><i class=\"icon-angle-down\"><\/i><\/button>\n\t\t\t<span>O\u00f9 puis-je utiliser ma gourde The Bamboo Family?<\/span>\n\t\t<\/a>\n\t\t<div id=\"accordion-4087490274-content\" class=\"accordion-inner\" aria-labelledby=\"accordion-4087490274-label\" >\n\t\t\t\n\n<ul>\n<li>Vous pouvez emporter les gourdes The Bamboo Family o\u00f9 vous le souhaitez : au sport, \u00e0 l\u2019\u00e9cole, \u00e0 la plage, au travail, au parc, en voiture, \u00a0en pique nique \u2026<\/li>\n<\/ul>\n\n\t\t<\/div>\n\t<\/div>\n\t\n\t<div id=\"accordion-3317130253\" class=\"accordion-item\">\n\t\t<a id=\"accordion-3317130253-label\" class=\"accordion-title plain\" href=\"#accordion-item-comment_remplir_ma_gourde_the_bamboo_family_?\" aria-expanded=\"false\" aria-controls=\"accordion-3317130253-content\" >\n\t\t\t<button class=\"toggle\" aria-label=\"Toggle\"><i class=\"icon-angle-down\"><\/i><\/button>\n\t\t\t<span>Comment remplir ma gourde The Bamboo Family ?<\/span>\n\t\t<\/a>\n\t\t<div id=\"accordion-3317130253-content\" class=\"accordion-inner\" aria-labelledby=\"accordion-3317130253-label\" >\n\t\t\t\n\n<ul>\n<li>Nous vous conseillons de compl\u00e9ter au pr\u00e9alable le pr\u00e9nom, la date de mise en gourde et le contenu avant de remplir votre gourde r\u00e9utilisable.<\/li>\n<li>Fermer la gourde \u00e0 l\u2019aide du bouchon fourni.<\/li>\n<li>Ouvrir la fermeture \u00ab DOUBLE ZIP \u00bb de votre gourde.<\/li>\n<li>Elargir le fond de la gourde au maximum avec votre main.<\/li>\n<li>Puis, positionner la gourde sur une table pour qu\u2019elle tienne debout, avec le bouchon du c\u00f4t\u00e9 droit.<\/li>\n<li>Mettre en place l\u2019entonnoir au milieu de l\u2019ouverture de la gourde et zippez les extr\u00e9mit\u00e9s, pour \u00e9viter que l\u2019entonnoir ne bouge.<\/li>\n<li>Verser votre nourriture pr\u00e9f\u00e9r\u00e9e \u00e0 l\u2019aide de l\u2019entonnoir.<\/li>\n<li>Veiller \u00e0 ne pas d\u00e9passer le trait de remplissage (150 ml) pour \u00e9viter tout d\u00e9bordement lors de la fermeture de la gourde.<\/li>\n<li>Retirer l\u2019entonnoir et fermer ensuite le \u00ab DOUBLE ZIP \u00bb par pression des doigts sur toute la longueur du zip, jusqu\u2019\u00e0 entendre des clics de fermeture.<\/li>\n<li>Enfin, pincer le zip SANS REL\u00c2CHEMENT \u00e0 l\u2019aide du pouce et de l\u2019index sur toute la longueur du zip afin de s\u2019assurer de la fermeture \u00e9tanche du zip. Lorsque vous n\u2019entendrez plus de clics de fermeture, le \u00ab DOUBLE ZIP \u00bb sera correctement ferm\u00e9.<\/li>\n<li>Bon \u00e0 savoir : The Bamboo Family est \u00e9galement compatible avec toutes les stations de remplissage.<\/li>\n<\/ul>\n\n\t\t<\/div>\n\t<\/div>\n\t\n\t<div id=\"accordion-3059296050\" class=\"accordion-item\">\n\t\t<a id=\"accordion-3059296050-label\" class=\"accordion-title plain\" href=\"#accordion-item-comment_nettoyer_ma_gourde_the_bamboo_family_?\" aria-expanded=\"false\" aria-controls=\"accordion-3059296050-content\" >\n\t\t\t<button class=\"toggle\" aria-label=\"Toggle\"><i class=\"icon-angle-down\"><\/i><\/button>\n\t\t\t<span>Comment nettoyer ma gourde The Bamboo Family ?<\/span>\n\t\t<\/a>\n\t\t<div id=\"accordion-3059296050-content\" class=\"accordion-inner\" aria-labelledby=\"accordion-3059296050-label\" >\n\t\t\t\n\n<ul>\n<li>La gourde The Bamboo Family se lave \u00e0 la main avec de l\u2019eau chaude savonneuse<\/li>\n<li>Le goupillon vous permettra de laver le bec de la gourde en toute efficacit\u00e9.<\/li>\n<li>La transparence du verso de la gourde vous aidera \u00e0 mieux localiser les endroits \u00e0 nettoyer.<\/li>\n<li>La gourde est con\u00e7ue avec des angles arrondis pour \u00e9viter que la nourriture ne reste dans les coins.<\/li>\n<li>La gourde r\u00e9utilisable se lave \u00e9galement au lave-vaisselle dans le panier haut, apr\u00e8s un rin\u00e7age au pr\u00e9alable.<\/li>\n<li>Nous vous recommandons le lavage \u00e0 la main pour prolonger la dur\u00e9e d&rsquo;utilisation de vos gourdes.<\/li>\n<li>La gourde est con\u00e7ue pour tenir debout, ainsi vous pouvez la laisser s\u00e9cher \u00e0 l\u2019envers.<\/li>\n<\/ul>\n\n\t\t<\/div>\n\t<\/div>\n\t\n\t<div id=\"accordion-3747884433\" class=\"accordion-item\">\n\t\t<a id=\"accordion-3747884433-label\" class=\"accordion-title plain\" href=\"#accordion-item-dois-je_nettoyer_ma_gourde_the_bamboo_family_avant_la_premi\u00e8re_utilisation?\" aria-expanded=\"false\" aria-controls=\"accordion-3747884433-content\" >\n\t\t\t<button class=\"toggle\" aria-label=\"Toggle\"><i class=\"icon-angle-down\"><\/i><\/button>\n\t\t\t<span>Dois-je nettoyer ma gourde The Bamboo Family avant la premi\u00e8re utilisation?<\/span>\n\t\t<\/a>\n\t\t<div id=\"accordion-3747884433-content\" class=\"accordion-inner\" aria-labelledby=\"accordion-3747884433-label\" >\n\t\t\t\n\n<ul>\n<li>Nous vous recommandons de laver la gourde \u00e0 l&rsquo;eau chaude savonneuse ou de la laver au lave-vaisselle avant la premi\u00e8re utilisation.<\/li>\n<\/ul>\n\n\t\t<\/div>\n\t<\/div>\n\t\n\t<div id=\"accordion-1822083870\" class=\"accordion-item\">\n\t\t<a id=\"accordion-1822083870-label\" class=\"accordion-title plain\" href=\"#accordion-item-les_gourdes_the_bamboo_family_sont-elles_saines_?\" aria-expanded=\"false\" aria-controls=\"accordion-1822083870-content\" >\n\t\t\t<button class=\"toggle\" aria-label=\"Toggle\"><i class=\"icon-angle-down\"><\/i><\/button>\n\t\t\t<span>Les gourdes The Bamboo Family sont-elles saines ?<\/span>\n\t\t<\/a>\n\t\t<div id=\"accordion-1822083870-content\" class=\"accordion-inner\" aria-labelledby=\"accordion-1822083870-label\" >\n\t\t\t\n\n<ul>\n<li>Oui bien \u00e9videmment !<\/li>\n<li>Les gourdes The Bamboo Family sont sans danger pour votre famille et pour l&rsquo;environnement.<\/li>\n<li>Nos gourdes sont garanties sans BPA, sans phtalates et sans PVC.<\/li>\n<\/ul>\n\n\t\t<\/div>\n\t<\/div>\n\t\n\t<div id=\"accordion-2864243373\" class=\"accordion-item\">\n\t\t<a id=\"accordion-2864243373-label\" class=\"accordion-title plain\" href=\"#accordion-item-peut-on_transporter_une_gourde_the_bamboo_family_sans_risque_de_fuite_?\" aria-expanded=\"false\" aria-controls=\"accordion-2864243373-content\" >\n\t\t\t<button class=\"toggle\" aria-label=\"Toggle\"><i class=\"icon-angle-down\"><\/i><\/button>\n\t\t\t<span>Peut-on transporter une gourde The Bamboo Family sans risque de fuite ?<\/span>\n\t\t<\/a>\n\t\t<div id=\"accordion-2864243373-content\" class=\"accordion-inner\" aria-labelledby=\"accordion-2864243373-label\" >\n\t\t\t\n\n<ul>\n<li>Oui bien \u00e9videmment\u00a0!<\/li>\n<li>Les gourdes The Bamboo Family sont con\u00e7ues sp\u00e9cialement avec une fermeture de type \u00ab DOUBLE ZIP \u00bbqui assure un maximum d\u2019\u00e9tanch\u00e9it\u00e9.<\/li>\n<li>Pour une \u00e9tanch\u00e9it\u00e9 optimale il faut veiller \u00e0 bien fermer la fermeture \u00ab DOUBLE ZIP \u00bb en suivant les consignes de remplissage d\u00e9crites pr\u00e9c\u00e9demment.<\/li>\n<li>La gourde ne s\u2019ouvrira pas en effectuant une simple pression ou par les petites mains de b\u00e9b\u00e9.<\/li>\n<li>La gourde ne s&rsquo;ouvrira que si vous ouvrez intentionnellement la fermeture \u00ab DOUBLE ZIP \u00bb.<\/li>\n<\/ul>\n\n\t\t<\/div>\n\t<\/div>\n\t\n\t<div id=\"accordion-3376047308\" class=\"accordion-item\">\n\t\t<a id=\"accordion-3376047308-label\" class=\"accordion-title plain\" href=\"#accordion-item-ma_gourde_the_bamboo_family_peut-elle_\u00eatre_conserv\u00e9e_au_r\u00e9frig\u00e9rateur_ou_au_cong\u00e9lateur_?\" aria-expanded=\"false\" aria-controls=\"accordion-3376047308-content\" >\n\t\t\t<button class=\"toggle\" aria-label=\"Toggle\"><i class=\"icon-angle-down\"><\/i><\/button>\n\t\t\t<span>Ma gourde The Bamboo Family peut-elle \u00eatre conserv\u00e9e au r\u00e9frig\u00e9rateur ou au cong\u00e9lateur ?<\/span>\n\t\t<\/a>\n\t\t<div id=\"accordion-3376047308-content\" class=\"accordion-inner\" aria-labelledby=\"accordion-3376047308-label\" >\n\t\t\t\n\n<ul>\n<li>Oui bien \u00e9videmment !<\/li>\n<li>Vous pouvez conserver votre gourde au r\u00e9frig\u00e9rateur.<\/li>\n<li>Vous pouvez \u00e9galement pr\u00e9parer vos recettes \u00ab MAISON \u00bb en quantit\u00e9 et les conserver au cong\u00e9lateur dans vos gourdes.<\/li>\n<li>Vous aurez des gourdes pr\u00eates \u00e0 l\u2019emploi \u00e0 chaque fois que vous en aurez besoin et cela vous permettra un gain de temps consid\u00e9rable.<\/li>\n<li>Nous vous recommandons de ne pas d\u00e9passer une dur\u00e9e de conservation de 3 jours au r\u00e9frig\u00e9rateur (selon le type d\u2019aliment).<\/li>\n<li>ASTUCE : Nous vous conseillons d\u2019utiliser un bol d\u2019eau ti\u00e8de ou de chauffer au bain marie pour d\u00e9congeler vos gourdes.<\/li>\n<\/ul>\n\n\t\t<\/div>\n\t<\/div>\n\t\n\t<div id=\"accordion-1189249963\" class=\"accordion-item\">\n\t\t<a id=\"accordion-1189249963-label\" class=\"accordion-title plain\" href=\"#accordion-item-ma_gourde_the_bamboo_family_peut-elle_\u00eatre_r\u00e9chauff\u00e9e_au_micro-ondes_?\" aria-expanded=\"false\" aria-controls=\"accordion-1189249963-content\" >\n\t\t\t<button class=\"toggle\" aria-label=\"Toggle\"><i class=\"icon-angle-down\"><\/i><\/button>\n\t\t\t<span>Ma gourde The Bamboo Family peut-elle \u00eatre r\u00e9chauff\u00e9e au micro-ondes ?<\/span>\n\t\t<\/a>\n\t\t<div id=\"accordion-1189249963-content\" class=\"accordion-inner\" aria-labelledby=\"accordion-1189249963-label\" >\n\t\t\t\n\n<ul>\n<li>Nous vous recommandons de ne pas r\u00e9chauffer les gourdes au micro-ondes.<\/li>\n<li>Lors du chauffage au micro-ondes, le contenu de la gourde ne chauffe pas souvent de mani\u00e8re uniforme et cela peut causer des risques de br\u00fblures.<\/li>\n<\/ul>\n\n\t\t<\/div>\n\t<\/div>\n\t\n\n<\/div>\n\n","protected":false},"excerpt":{"rendered":"<p>Les r\u00e9ponses aux questions les plus fr\u00e9quemment pos\u00e9es se trouvent ci-dessous:<\/p>\n","protected":false},"author":1,"featured_media":0,"parent":0,"menu_order":0,"comment_status":"closed","ping_status":"closed","template":"","meta":[],"yoast_head":"<!-- This site is optimized with the Yoast SEO plugin v20.8 - https:\/\/yoast.com\/wordpress\/plugins\/seo\/ -->\n<title>FAQ - THE BAMBOO FAMILY<\/title>\n<meta name=\"robots\" content=\"index, follow, max-snippet:-1, max-image-preview:large, max-video-preview:-1\" \/>\n<link rel=\"canonical\" href=\"https:\/\/www.thebamboofamily.com\/fr\/faq\/\" \/>\n<meta property=\"og:locale\" content=\"fr_FR\" \/>\n<meta property=\"og:type\" content=\"article\" \/>\n<meta property=\"og:title\" content=\"FAQ - THE BAMBOO FAMILY\" \/>\n<meta property=\"og:description\" content=\"Les r\u00e9ponses aux questions les plus fr\u00e9quemment pos\u00e9es se trouvent ci-dessous:\" \/>\n<meta property=\"og:url\" content=\"https:\/\/www.thebamboofamily.com\/fr\/faq\/\" \/>\n<meta property=\"og:site_name\" content=\"THE BAMBOO FAMILY\" \/>\n<meta property=\"article:publisher\" content=\"https:\/\/www.facebook.com\/thebamboofamilytbf\" \/>\n<meta property=\"article:modified_time\" content=\"2020-05-26T19:40:52+00:00\" \/>\n<meta name=\"twitter:card\" content=\"summary_large_image\" \/>\n<meta name=\"twitter:label1\" content=\"Dur\u00e9e de lecture estim\u00e9e\" \/>\n\t<meta name=\"twitter:data1\" content=\"4 minutes\" \/>\n<script type=\"application\/ld+json\" class=\"yoast-schema-graph\">{\"@context\":\"https:\/\/schema.org\",\"@graph\":[{\"@type\":\"WebPage\",\"@id\":\"https:\/\/www.thebamboofamily.com\/fr\/faq\/\",\"url\":\"https:\/\/www.thebamboofamily.com\/fr\/faq\/\",\"name\":\"FAQ - THE BAMBOO FAMILY\",\"isPartOf\":{\"@id\":\"https:\/\/www.thebamboofamily.com\/#website\"},\"datePublished\":\"2020-05-26T12:33:39+00:00\",\"dateModified\":\"2020-05-26T19:40:52+00:00\",\"breadcrumb\":{\"@id\":\"https:\/\/www.thebamboofamily.com\/fr\/faq\/#breadcrumb\"},\"inLanguage\":\"fr-FR\",\"potentialAction\":[{\"@type\":\"ReadAction\",\"target\":[\"https:\/\/www.thebamboofamily.com\/fr\/faq\/\"]}]},{\"@type\":\"BreadcrumbList\",\"@id\":\"https:\/\/www.thebamboofamily.com\/fr\/faq\/#breadcrumb\",\"itemListElement\":[{\"@type\":\"ListItem\",\"position\":1,\"name\":\"Accueil\",\"item\":\"https:\/\/www.thebamboofamily.com\/fr\/\"},{\"@type\":\"ListItem\",\"position\":2,\"name\":\"FAQ\"}]},{\"@type\":\"WebSite\",\"@id\":\"https:\/\/www.thebamboofamily.com\/#website\",\"url\":\"https:\/\/www.thebamboofamily.com\/\",\"name\":\"THE BAMBOO FAMILY\",\"description\":\"\",\"publisher\":{\"@id\":\"https:\/\/www.thebamboofamily.com\/#organization\"},\"potentialAction\":[{\"@type\":\"SearchAction\",\"target\":{\"@type\":\"EntryPoint\",\"urlTemplate\":\"https:\/\/www.thebamboofamily.com\/?s={search_term_string}\"},\"query-input\":\"required name=search_term_string\"}],\"inLanguage\":\"fr-FR\"},{\"@type\":\"Organization\",\"@id\":\"https:\/\/www.thebamboofamily.com\/#organization\",\"name\":\"THE BAMBOO FAMILY\",\"url\":\"https:\/\/www.thebamboofamily.com\/\",\"logo\":{\"@type\":\"ImageObject\",\"inLanguage\":\"fr-FR\",\"@id\":\"https:\/\/www.thebamboofamily.com\/#\/schema\/logo\/image\/\",\"url\":\"https:\/\/www.thebamboofamily.com\/wp-content\/uploads\/2020\/06\/logo-vert-scaled.jpg\",\"contentUrl\":\"https:\/\/www.thebamboofamily.com\/wp-content\/uploads\/2020\/06\/logo-vert-scaled.jpg\",\"width\":2560,\"height\":1459,\"caption\":\"THE BAMBOO FAMILY\"},\"image\":{\"@id\":\"https:\/\/www.thebamboofamily.com\/#\/schema\/logo\/image\/\"},\"sameAs\":[\"https:\/\/www.facebook.com\/thebamboofamilytbf\",\"https:\/\/www.instagram.com\/the.bamboo.family\/\",\"https:\/\/www.pinterest.fr\/thebamboof\/\",\"https:\/\/www.youtube.com\/channel\/UCkYEQIEzn2AIXg6inQxDa3A\"]}]}<\/script>\n<!-- \/ Yoast SEO plugin. -->","yoast_head_json":{"title":"FAQ - THE BAMBOO FAMILY","robots":{"index":"index","follow":"follow","max-snippet":"max-snippet:-1","max-image-preview":"max-image-preview:large","max-video-preview":"max-video-preview:-1"},"canonical":"https:\/\/www.thebamboofamily.com\/fr\/faq\/","og_locale":"fr_FR","og_type":"article","og_title":"FAQ - THE BAMBOO FAMILY","og_description":"Les r\u00e9ponses aux questions les plus fr\u00e9quemment pos\u00e9es se trouvent ci-dessous:","og_url":"https:\/\/www.thebamboofamily.com\/fr\/faq\/","og_site_name":"THE BAMBOO FAMILY","article_publisher":"https:\/\/www.facebook.com\/thebamboofamilytbf","article_modified_time":"2020-05-26T19:40:52+00:00","twitter_card":"summary_large_image","twitter_misc":{"Dur\u00e9e de lecture estim\u00e9e":"4 minutes"},"schema":{"@context":"https:\/\/schema.org","@graph":[{"@type":"WebPage","@id":"https:\/\/www.thebamboofamily.com\/fr\/faq\/","url":"https:\/\/www.thebamboofamily.com\/fr\/faq\/","name":"FAQ - THE BAMBOO FAMILY","isPartOf":{"@id":"https:\/\/www.thebamboofamily.com\/#website"},"datePublished":"2020-05-26T12:33:39+00:00","dateModified":"2020-05-26T19:40:52+00:00","breadcrumb":{"@id":"https:\/\/www.thebamboofamily.com\/fr\/faq\/#breadcrumb"},"inLanguage":"fr-FR","potentialAction":[{"@type":"ReadAction","target":["https:\/\/www.thebamboofamily.com\/fr\/faq\/"]}]},{"@type":"BreadcrumbList","@id":"https:\/\/www.thebamboofamily.com\/fr\/faq\/#breadcrumb","itemListElement":[{"@type":"ListItem","position":1,"name":"Accueil","item":"https:\/\/www.thebamboofamily.com\/fr\/"},{"@type":"ListItem","position":2,"name":"FAQ"}]},{"@type":"WebSite","@id":"https:\/\/www.thebamboofamily.com\/#website","url":"https:\/\/www.thebamboofamily.com\/","name":"THE BAMBOO FAMILY","description":"","publisher":{"@id":"https:\/\/www.thebamboofamily.com\/#organization"},"potentialAction":[{"@type":"SearchAction","target":{"@type":"EntryPoint","urlTemplate":"https:\/\/www.thebamboofamily.com\/?s={search_term_string}"},"query-input":"required name=search_term_string"}],"inLanguage":"fr-FR"},{"@type":"Organization","@id":"https:\/\/www.thebamboofamily.com\/#organization","name":"THE BAMBOO FAMILY","url":"https:\/\/www.thebamboofamily.com\/","logo":{"@type":"ImageObject","inLanguage":"fr-FR","@id":"https:\/\/www.thebamboofamily.com\/#\/schema\/logo\/image\/","url":"https:\/\/www.thebamboofamily.com\/wp-content\/uploads\/2020\/06\/logo-vert-scaled.jpg","contentUrl":"https:\/\/www.thebamboofamily.com\/wp-content\/uploads\/2020\/06\/logo-vert-scaled.jpg","width":2560,"height":1459,"caption":"THE BAMBOO FAMILY"},"image":{"@id":"https:\/\/www.thebamboofamily.com\/#\/schema\/logo\/image\/"},"sameAs":["https:\/\/www.facebook.com\/thebamboofamilytbf","https:\/\/www.instagram.com\/the.bamboo.family\/","https:\/\/www.pinterest.fr\/thebamboof\/","https:\/\/www.youtube.com\/channel\/UCkYEQIEzn2AIXg6inQxDa3A"]}]}},"_links":{"self":[{"href":"https:\/\/www.thebamboofamily.com\/fr\/wp-json\/wp\/v2\/pages\/355"}],"collection":[{"href":"https:\/\/www.thebamboofamily.com\/fr\/wp-json\/wp\/v2\/pages"}],"about":[{"href":"https:\/\/www.thebamboofamily.com\/fr\/wp-json\/wp\/v2\/types\/page"}],"author":[{"embeddable":true,"href":"https:\/\/www.thebamboofamily.com\/fr\/wp-json\/wp\/v2\/users\/1"}],"replies":[{"embeddable":true,"href":"https:\/\/www.thebamboofamily.com\/fr\/wp-json\/wp\/v2\/comments?post=355"}],"version-history":[{"count":9,"href":"https:\/\/www.thebamboofamily.com\/fr\/wp-json\/wp\/v2\/pages\/355\/revisions"}],"predecessor-version":[{"id":409,"href":"https:\/\/www.thebamboofamily.com\/fr\/wp-json\/wp\/v2\/pages\/355\/revisions\/409"}],"wp:attachment":[{"href":"https:\/\/www.thebamboofamily.com\/fr\/wp-json\/wp\/v2\/media?parent=355"}],"curies":[{"name":"wp","href":"https:\/\/api.w.org\/{rel}","templated":true}]}}