{"id":2550,"date":"2021-11-20T21:22:45","date_gmt":"2021-11-20T20:22:45","guid":{"rendered":"https:\/\/www.thebamboofamily.com\/?page_id=2550"},"modified":"2021-11-20T21:30:20","modified_gmt":"2021-11-20T20:30:20","slug":"retours-et-remboursements","status":"publish","type":"page","link":"https:\/\/www.thebamboofamily.com\/fr\/retours-et-remboursements\/","title":{"rendered":"Retours et Remboursements"},"content":{"rendered":"\n  <div id=\"page-header-2096650898\" class=\"page-header-wrapper\">\n  <div class=\"page-title dark featured-title\">\n\n    \n    <div class=\"page-title-inner container align-center text-center flex-row-col medium-flex-wrap\" >\n              <div class=\"title-wrapper uppercase flex-col\">\n          <h1 class=\"entry-title mb-0\">\n            Retours et Remboursements          <\/h1>\n        <\/div>\n                    <div class=\"title-content flex-col\">\n              <\/div>\n    <\/div>\n\n       <\/div>\n    <\/div>\n  \n\n\t<div id=\"gap-1770200308\" class=\"gap-element clearfix\" style=\"display:block; height:auto;\">\n\t\t\n<style>\n#gap-1770200308 {\n  padding-top: 30px;\n}\n<\/style>\n\t<\/div>\n\t\n\n<p>Le Client b\u00e9n\u00e9ficie d\u2019un droit de r\u00e9tractation qu\u2019il peut exercer sans avoir \u00e0 motiver sa d\u00e9cision et sans p\u00e9nalit\u00e9s dans un d\u00e9lai de quatorze jours \u00e0 compter de la r\u00e9ception du Produit par le Client.<\/p>\n<p>Le Client informe la soci\u00e9t\u00e9 HOLDING FRANCE de vouloir exercer son droit de r\u00e9tractation en lui adressant avant l\u2019expiration du d\u00e9lai de r\u00e9tractation, par courrier postal \u00e0 l&rsquo;adresse suivante HOLDING FRANCE 31 rue Gerhard 92800 Puteaux ou par courrier \u00e9lectronique \u00e0 l&rsquo;adresse suivante <a href=\"mailto:contact@thebamboofamily.com\">contact@thebamboofamily.com<\/a> , sa d\u00e9claration exprimant sa volont\u00e9 de se r\u00e9tracter.<\/p>\n<p>HOLDING France sera tenu de rembourser au Client la totalit\u00e9 des sommes vers\u00e9es, c\u2019est-\u00e0-dire le prix principal de la commande et les frais de livraison du Produit, sous r\u00e9serve de la condition suivante : le Produit est renvoy\u00e9 neuf, non utilis\u00e9 et dans son emballage d\u2019origine, accompagn\u00e9 de l\u2019ensemble des accessoires et de son manuel d\u2019utilisation.<\/p>\n<p>Le remboursement du Client interviendra sans retard injustifi\u00e9 et, au plus tard, quatorze jours \u00e0 compter du jour o\u00f9 la soci\u00e9t\u00e9 HOLDING FRANCE sera inform\u00e9e de la d\u00e9cision du Client de se r\u00e9tracter. Le remboursement sera effectu\u00e9 en utilisant le m\u00eame moyen de paiement que celui utilis\u00e9 par le Client pour la transaction initiale. HOLDING France se r\u00e9serve le droit de diff\u00e9rer le remboursement jusqu\u2019\u00e0 la premi\u00e8re des deux dates intervenant entre la r\u00e9ception du Produit objet de la r\u00e9tractation ou la fourniture par le Client d\u2019une preuve d\u2019exp\u00e9dition du Produit.<\/p>\n<p>Les co\u00fbts directs de renvoi du Produit objet de la r\u00e9tractation restent \u00e0 la charge du Client.<\/p>\n\n","protected":false},"excerpt":{"rendered":"","protected":false},"author":1,"featured_media":0,"parent":0,"menu_order":0,"comment_status":"closed","ping_status":"closed","template":"","meta":[],"yoast_head":"<!-- This site is optimized with the Yoast SEO plugin v20.8 - https:\/\/yoast.com\/wordpress\/plugins\/seo\/ -->\n<title>Retours et Remboursements - THE BAMBOO FAMILY<\/title>\n<meta name=\"robots\" content=\"index, follow, max-snippet:-1, max-image-preview:large, max-video-preview:-1\" \/>\n<link rel=\"canonical\" href=\"https:\/\/www.thebamboofamily.com\/fr\/retours-et-remboursements\/\" \/>\n<meta property=\"og:locale\" content=\"fr_FR\" \/>\n<meta property=\"og:type\" content=\"article\" \/>\n<meta property=\"og:title\" content=\"Retours et Remboursements - THE BAMBOO FAMILY\" \/>\n<meta property=\"og:url\" content=\"https:\/\/www.thebamboofamily.com\/fr\/retours-et-remboursements\/\" \/>\n<meta property=\"og:site_name\" content=\"THE BAMBOO FAMILY\" \/>\n<meta property=\"article:publisher\" content=\"https:\/\/www.facebook.com\/thebamboofamilytbf\" \/>\n<meta property=\"article:modified_time\" content=\"2021-11-20T20:30:20+00:00\" \/>\n<meta name=\"twitter:card\" content=\"summary_large_image\" \/>\n<meta name=\"twitter:label1\" content=\"Dur\u00e9e de lecture estim\u00e9e\" \/>\n\t<meta name=\"twitter:data1\" content=\"2 minutes\" \/>\n<script type=\"application\/ld+json\" class=\"yoast-schema-graph\">{\"@context\":\"https:\/\/schema.org\",\"@graph\":[{\"@type\":\"WebPage\",\"@id\":\"https:\/\/www.thebamboofamily.com\/fr\/retours-et-remboursements\/\",\"url\":\"https:\/\/www.thebamboofamily.com\/fr\/retours-et-remboursements\/\",\"name\":\"Retours et Remboursements - THE BAMBOO FAMILY\",\"isPartOf\":{\"@id\":\"https:\/\/www.thebamboofamily.com\/#website\"},\"datePublished\":\"2021-11-20T20:22:45+00:00\",\"dateModified\":\"2021-11-20T20:30:20+00:00\",\"breadcrumb\":{\"@id\":\"https:\/\/www.thebamboofamily.com\/fr\/retours-et-remboursements\/#breadcrumb\"},\"inLanguage\":\"fr-FR\",\"potentialAction\":[{\"@type\":\"ReadAction\",\"target\":[\"https:\/\/www.thebamboofamily.com\/fr\/retours-et-remboursements\/\"]}]},{\"@type\":\"BreadcrumbList\",\"@id\":\"https:\/\/www.thebamboofamily.com\/fr\/retours-et-remboursements\/#breadcrumb\",\"itemListElement\":[{\"@type\":\"ListItem\",\"position\":1,\"name\":\"Accueil\",\"item\":\"https:\/\/www.thebamboofamily.com\/fr\/\"},{\"@type\":\"ListItem\",\"position\":2,\"name\":\"Retours et Remboursements\"}]},{\"@type\":\"WebSite\",\"@id\":\"https:\/\/www.thebamboofamily.com\/#website\",\"url\":\"https:\/\/www.thebamboofamily.com\/\",\"name\":\"THE BAMBOO FAMILY\",\"description\":\"\",\"publisher\":{\"@id\":\"https:\/\/www.thebamboofamily.com\/#organization\"},\"potentialAction\":[{\"@type\":\"SearchAction\",\"target\":{\"@type\":\"EntryPoint\",\"urlTemplate\":\"https:\/\/www.thebamboofamily.com\/?s={search_term_string}\"},\"query-input\":\"required name=search_term_string\"}],\"inLanguage\":\"fr-FR\"},{\"@type\":\"Organization\",\"@id\":\"https:\/\/www.thebamboofamily.com\/#organization\",\"name\":\"THE BAMBOO FAMILY\",\"url\":\"https:\/\/www.thebamboofamily.com\/\",\"logo\":{\"@type\":\"ImageObject\",\"inLanguage\":\"fr-FR\",\"@id\":\"https:\/\/www.thebamboofamily.com\/#\/schema\/logo\/image\/\",\"url\":\"https:\/\/www.thebamboofamily.com\/wp-content\/uploads\/2020\/06\/logo-vert-scaled.jpg\",\"contentUrl\":\"https:\/\/www.thebamboofamily.com\/wp-content\/uploads\/2020\/06\/logo-vert-scaled.jpg\",\"width\":2560,\"height\":1459,\"caption\":\"THE BAMBOO FAMILY\"},\"image\":{\"@id\":\"https:\/\/www.thebamboofamily.com\/#\/schema\/logo\/image\/\"},\"sameAs\":[\"https:\/\/www.facebook.com\/thebamboofamilytbf\",\"https:\/\/www.instagram.com\/the.bamboo.family\/\",\"https:\/\/www.pinterest.fr\/thebamboof\/\",\"https:\/\/www.youtube.com\/channel\/UCkYEQIEzn2AIXg6inQxDa3A\"]}]}<\/script>\n<!-- \/ Yoast SEO plugin. -->","yoast_head_json":{"title":"Retours et Remboursements - THE BAMBOO FAMILY","robots":{"index":"index","follow":"follow","max-snippet":"max-snippet:-1","max-image-preview":"max-image-preview:large","max-video-preview":"max-video-preview:-1"},"canonical":"https:\/\/www.thebamboofamily.com\/fr\/retours-et-remboursements\/","og_locale":"fr_FR","og_type":"article","og_title":"Retours et Remboursements - THE BAMBOO FAMILY","og_url":"https:\/\/www.thebamboofamily.com\/fr\/retours-et-remboursements\/","og_site_name":"THE BAMBOO FAMILY","article_publisher":"https:\/\/www.facebook.com\/thebamboofamilytbf","article_modified_time":"2021-11-20T20:30:20+00:00","twitter_card":"summary_large_image","twitter_misc":{"Dur\u00e9e de lecture estim\u00e9e":"2 minutes"},"schema":{"@context":"https:\/\/schema.org","@graph":[{"@type":"WebPage","@id":"https:\/\/www.thebamboofamily.com\/fr\/retours-et-remboursements\/","url":"https:\/\/www.thebamboofamily.com\/fr\/retours-et-remboursements\/","name":"Retours et Remboursements - THE BAMBOO FAMILY","isPartOf":{"@id":"https:\/\/www.thebamboofamily.com\/#website"},"datePublished":"2021-11-20T20:22:45+00:00","dateModified":"2021-11-20T20:30:20+00:00","breadcrumb":{"@id":"https:\/\/www.thebamboofamily.com\/fr\/retours-et-remboursements\/#breadcrumb"},"inLanguage":"fr-FR","potentialAction":[{"@type":"ReadAction","target":["https:\/\/www.thebamboofamily.com\/fr\/retours-et-remboursements\/"]}]},{"@type":"BreadcrumbList","@id":"https:\/\/www.thebamboofamily.com\/fr\/retours-et-remboursements\/#breadcrumb","itemListElement":[{"@type":"ListItem","position":1,"name":"Accueil","item":"https:\/\/www.thebamboofamily.com\/fr\/"},{"@type":"ListItem","position":2,"name":"Retours et Remboursements"}]},{"@type":"WebSite","@id":"https:\/\/www.thebamboofamily.com\/#website","url":"https:\/\/www.thebamboofamily.com\/","name":"THE BAMBOO FAMILY","description":"","publisher":{"@id":"https:\/\/www.thebamboofamily.com\/#organization"},"potentialAction":[{"@type":"SearchAction","target":{"@type":"EntryPoint","urlTemplate":"https:\/\/www.thebamboofamily.com\/?s={search_term_string}"},"query-input":"required name=search_term_string"}],"inLanguage":"fr-FR"},{"@type":"Organization","@id":"https:\/\/www.thebamboofamily.com\/#organization","name":"THE BAMBOO FAMILY","url":"https:\/\/www.thebamboofamily.com\/","logo":{"@type":"ImageObject","inLanguage":"fr-FR","@id":"https:\/\/www.thebamboofamily.com\/#\/schema\/logo\/image\/","url":"https:\/\/www.thebamboofamily.com\/wp-content\/uploads\/2020\/06\/logo-vert-scaled.jpg","contentUrl":"https:\/\/www.thebamboofamily.com\/wp-content\/uploads\/2020\/06\/logo-vert-scaled.jpg","width":2560,"height":1459,"caption":"THE BAMBOO FAMILY"},"image":{"@id":"https:\/\/www.thebamboofamily.com\/#\/schema\/logo\/image\/"},"sameAs":["https:\/\/www.facebook.com\/thebamboofamilytbf","https:\/\/www.instagram.com\/the.bamboo.family\/","https:\/\/www.pinterest.fr\/thebamboof\/","https:\/\/www.youtube.com\/channel\/UCkYEQIEzn2AIXg6inQxDa3A"]}]}},"_links":{"self":[{"href":"https:\/\/www.thebamboofamily.com\/fr\/wp-json\/wp\/v2\/pages\/2550"}],"collection":[{"href":"https:\/\/www.thebamboofamily.com\/fr\/wp-json\/wp\/v2\/pages"}],"about":[{"href":"https:\/\/www.thebamboofamily.com\/fr\/wp-json\/wp\/v2\/types\/page"}],"author":[{"embeddable":true,"href":"https:\/\/www.thebamboofamily.com\/fr\/wp-json\/wp\/v2\/users\/1"}],"replies":[{"embeddable":true,"href":"https:\/\/www.thebamboofamily.com\/fr\/wp-json\/wp\/v2\/comments?post=2550"}],"version-history":[{"count":7,"href":"https:\/\/www.thebamboofamily.com\/fr\/wp-json\/wp\/v2\/pages\/2550\/revisions"}],"predecessor-version":[{"id":2560,"href":"https:\/\/www.thebamboofamily.com\/fr\/wp-json\/wp\/v2\/pages\/2550\/revisions\/2560"}],"wp:attachment":[{"href":"https:\/\/www.thebamboofamily.com\/fr\/wp-json\/wp\/v2\/media?parent=2550"}],"curies":[{"name":"wp","href":"https:\/\/api.w.org\/{rel}","templated":true}]}}