{"id":834,"date":"2020-05-26T20:06:02","date_gmt":"2020-06-05T16:38:00","guid":{"rendered":"https:\/\/www.thebamboofamily.com\/product\/cantimploras-reutilizables\/"},"modified":"2023-05-21T16:35:25","modified_gmt":"2023-05-21T14:35:25","slug":"cantimploras-reutilizables","status":"publish","type":"product","link":"https:\/\/www.thebamboofamily.com\/es\/product\/cantimploras-reutilizables\/","title":{"rendered":"Cantimploras Reutilizables"},"content":{"rendered":"<p>\ud83c\udf0d SANO : Le garantizamos un producto de calidad, una botella sin bpa, ftalato y PVC.<\/p>\n<p>\ud83c\udf0d N\u00d3MADA y PARA TODA LA FAMILIA: Lote de 10 cantimploras reutilizables de 150 ml para degustar compota, yogur para beber, batido, pur\u00e9 &#8230; o cualquier preparaci\u00f3n. Su cantimplora reutilizable se puede llevar a la escuela, a dar un paseo, en coche, o en picnic&#8230;<\/p>\n<p>\ud83c\udf0d dise\u00f1o sobrio y ecol\u00f3gico : Te encantar\u00e1 esta cantimplora reutilizable con un dise\u00f1o atractivo adecuado para toda la familia. Esta cantimplora reutilizable divertir\u00e1 a sus hijos y permitir\u00e1 a los m\u00e1s peque\u00f1os adquirir r\u00e1pidamente su autonom\u00eda.<\/p>\n<p>\ud83c\udf0d limpieza recargable y simplificada : Cada cantimplora reutilizable se beneficia de un GRAN ABIERTO EN EL TIEMPO y no por debajo de la mayor\u00eda de las otras cantimploras reutilizables. Este sistema permite que la cantimplora reutilizable se quede con un fuelle. La caja se acompa\u00f1a de un embudo ofrecido que le permite un llenado simplificado gracias a la amplia apertura. La transparencia y las esquinas redondeadas le proporcionar\u00e1n una limpieza f\u00e1cil. Tambi\u00e9n adecuado para el lavavajillas<\/p>\n<p>\ud83c\udf0d RESIDUOS CERO, OBJETIVO ECOL\u00d3GICO Y ECON\u00d3MICO : Reduciendo sus gastos a la vez que preserva nuestro planeta reduciendo nuestros residuos. Cada caja de 10 cantimploras reutilizables <span class=\"a-text-bold\">evita <\/span>la producci\u00f3n de residuos de cientos de calabazas desechables. Cada cantimplora reutilizable contiene la inscripci\u00f3n \u00bb Para salvar nuestro planeta, no me tiren, soy reutilizable. \u00bb para evitar que su cantimplora reutilizable se deseche sin darse cuenta.<\/p>\n<div class=\"container section-title-container\" ><h2 class=\"section-title section-title-center\"><b><\/b><span class=\"section-title-main\" ><i class=\"icon-star\" ><\/i>CONTENIDO DE LA CAJA<\/span><b><\/b><\/h2><\/div>\n\n\t\t<div class=\"tabbed-content\">\n\t\t\t\n\t\t\t<ul class=\"nav nav-line-grow nav-uppercase nav-size-large nav-left\" role=\"tablist\"><li id=\"tab-10-cantimploras-reutilizables\" class=\"tab active has-icon\" role=\"presentation\"><a href=\"#tab_10-cantimploras-reutilizables\" role=\"tab\" aria-selected=\"true\" aria-controls=\"tab_10-cantimploras-reutilizables\"><span>10 cantimploras reutilizables<\/span><\/a><\/li>\n<li id=\"tab-1-embudo\" class=\"tab has-icon\" role=\"presentation\"><a href=\"#tab_1-embudo\" tabindex=\"-1\" role=\"tab\" aria-selected=\"false\" aria-controls=\"tab_1-embudo\"><span>1 EMBUDO<\/span><\/a><\/li>\n<li id=\"tab-1-cepillo\" class=\"tab has-icon\" role=\"presentation\"><a href=\"#tab_1-cepillo\" tabindex=\"-1\" role=\"tab\" aria-selected=\"false\" aria-controls=\"tab_1-cepillo\"><span>1 cepillo<\/span><\/a><\/li>\n<li id=\"tab-5-tapas-m\u00e1s\" class=\"tab has-icon\" role=\"presentation\"><a href=\"#tab_5-tapas-m\u00e1s\" tabindex=\"-1\" role=\"tab\" aria-selected=\"false\" aria-controls=\"tab_5-tapas-m\u00e1s\"><span>5 tapas m\u00e1s<\/span><\/a><\/li><\/ul><div class=\"tab-panels\"><div id=\"tab_10-cantimploras-reutilizables\" class=\"panel active entry-content\" role=\"tabpanel\" aria-labelledby=\"tab-10-cantimploras-reutilizables\">\n<div class=\"row row-dashed\"  id=\"row-1399985365\">\n\n\t<div id=\"col-1649647705\" class=\"col medium-6 small-12 large-6\"  data-animate=\"bounceInLeft\">\n\t\t\t\t<div class=\"col-inner text-center\"  >\n\t\t\t\n\t\t\t\n<h3>10 Cantimploras Reutilizables<\/h3>\n<ul>\n<li style=\"text-align: left;\">Lote de 10 cantimploras reutilizables con una capacidad de 150 ml.<\/li>\n<li style=\"text-align: left;\">Dise\u00f1o adecuado para j\u00f3venes y mayores.<\/li>\n<li style=\"text-align: left;\">Sellado \u00f3ptimo utilizando el cierre \u00abDOBLE ZIP\u00bb.<\/li>\n<li style=\"text-align: left;\">Almacenamiento apto para nevera y congelador.<\/li>\n<li style=\"text-align: left;\">Transparencia para evaluar la cantidad restante y facilitar la limpieza.<\/li>\n<\/ul>\n\t\t<\/div>\n\t\t\t\t\t<\/div>\n\n\t\n\n\t<div id=\"col-1964923606\" class=\"col medium-6 small-12 large-6\"  data-animate=\"bounceInLeft\">\n\t\t\t\t<div class=\"col-inner\"  >\n\t\t\t\n\t\t\t\n\t<div class=\"img has-hover x md-x lg-x y md-y lg-y\" id=\"image_865608062\">\n\t\t\t\t\t\t\t\t<div class=\"img-inner image-zoom dark\" >\n\t\t\t<img width=\"510\" height=\"340\" src=\"https:\/\/www.thebamboofamily.com\/wp-content\/uploads\/2020\/05\/10-gourdes-510x340-1.jpg\" class=\"attachment-medium size-medium\" alt=\"gourdes the bamboo family\" decoding=\"async\" \/>\t\t\t\t\t\t\n\t\t\t\t\t<\/div>\n\t\t\t\t\t\t\t\t\n<style>\n#image_865608062 {\n  width: 100%;\n}\n<\/style>\n\t<\/div>\n\t\n\t\t<\/div>\n\t\t\t\t\t<\/div>\n\n\t\n<\/div>\n<\/div>\n<div id=\"tab_1-embudo\" class=\"panel entry-content\" role=\"tabpanel\" aria-labelledby=\"tab-1-embudo\">\n<div class=\"row row-dashed\"  id=\"row-143677285\">\n\n\t<div id=\"col-1254579655\" class=\"col medium-6 small-12 large-6\"  >\n\t\t\t\t<div class=\"col-inner\"  >\n\t\t\t\n\t\t\t\n<h3 style=\"text-align: center;\">1 Embudo Gratis<\/h3>\n<ul>\n<li style=\"text-align: left;\">Puede llenar f\u00e1cilmente su cantimplora reutilizable con el embudo plegable gratuito.<\/li>\n<li style=\"text-align: left;\">El embudo le permitir\u00e1 llenar la cantimplora reutilizable limpiamente.<\/li>\n<li style=\"text-align: left;\">Despu\u00e9s de usarlo, puede doblarlo para ahorrar espacio.<\/li>\n<\/ul>\n\t\t<\/div>\n\t\t\t\t\t<\/div>\n\n\t\n\n\t<div id=\"col-1857636356\" class=\"col medium-6 small-12 large-6\"  >\n\t\t\t\t<div class=\"col-inner\"  >\n\t\t\t\n\t\t\t\n\t<div class=\"img has-hover x md-x lg-x y md-y lg-y\" id=\"image_1291903176\">\n\t\t\t\t\t\t\t\t<div class=\"img-inner image-zoom dark\" >\n\t\t\t<img width=\"510\" height=\"340\" src=\"https:\/\/www.thebamboofamily.com\/wp-content\/uploads\/2020\/05\/entonnoir-510x340-1.jpg\" class=\"attachment-large size-large\" alt=\"entonnoir\" decoding=\"async\" \/>\t\t\t\t\t\t\n\t\t\t\t\t<\/div>\n\t\t\t\t\t\t\t\t\n<style>\n#image_1291903176 {\n  width: 100%;\n}\n<\/style>\n\t<\/div>\n\t\n\t\t<\/div>\n\t\t\t\t\t<\/div>\n\n\t\n<\/div>\n<\/div>\n<div id=\"tab_1-cepillo\" class=\"panel entry-content\" role=\"tabpanel\" aria-labelledby=\"tab-1-cepillo\">\n<div class=\"row row-dashed\"  id=\"row-1170002972\">\n\n\t<div id=\"col-614758417\" class=\"col medium-6 small-12 large-6\"  >\n\t\t\t\t<div class=\"col-inner\"  >\n\t\t\t\n\t\t\t\n<h3 style=\"text-align: center;\">1 Cepillo Gratis<\/h3>\n<ul>\n<li style=\"text-align: left;\"><span data-text-color=\"success\">Se proporciona un cepillo de limpieza en la caja para permitirle limpiar a fondo la boca de la cantimplora reutilizable.<\/span><\/li>\n<\/ul>\n\t\t<\/div>\n\t\t\t\t\t<\/div>\n\n\t\n\n\t<div id=\"col-1681279980\" class=\"col medium-6 small-12 large-6\"  >\n\t\t\t\t<div class=\"col-inner\"  >\n\t\t\t\n\t\t\t\n\t<div class=\"img has-hover x md-x lg-x y md-y lg-y\" id=\"image_993486391\">\n\t\t\t\t\t\t\t\t<div class=\"img-inner image-zoom dark\" >\n\t\t\t<img width=\"510\" height=\"340\" src=\"https:\/\/www.thebamboofamily.com\/wp-content\/uploads\/2020\/05\/goupillon-510x340-1.jpg\" class=\"attachment-medium size-medium\" alt=\"goupillon\" decoding=\"async\" \/>\t\t\t\t\t\t\n\t\t\t\t\t<\/div>\n\t\t\t\t\t\t\t\t\n<style>\n#image_993486391 {\n  width: 100%;\n}\n<\/style>\n\t<\/div>\n\t\n\t\t<\/div>\n\t\t\t\t\t<\/div>\n\n\t\n<\/div>\n<\/div>\n<div id=\"tab_5-tapas-m\u00e1s\" class=\"panel entry-content\" role=\"tabpanel\" aria-labelledby=\"tab-5-tapas-m\u00e1s\">\n<div class=\"row row-dashed\"  id=\"row-861615321\">\n\n\t<div id=\"col-2132760711\" class=\"col medium-6 small-12 large-6\"  >\n\t\t\t\t<div class=\"col-inner\"  >\n\t\t\t\n\t\t\t\n<h3 style=\"text-align: center;\">5 tapas adicionales ofrecidos<\/h3>\n<ul>\n<li><span data-text-color=\"success\">Su caja tambi\u00e9n incluye 5 tapas adicionales en caso de p\u00e9rdida.<\/span><\/li>\n<\/ul>\n\t\t<\/div>\n\t\t\t\t\t<\/div>\n\n\t\n\n\t<div id=\"col-565710069\" class=\"col medium-6 small-12 large-6\"  >\n\t\t\t\t<div class=\"col-inner\"  >\n\t\t\t\n\t\t\t\n\t<div class=\"img has-hover x md-x lg-x y md-y lg-y\" id=\"image_593640560\">\n\t\t\t\t\t\t\t\t<div class=\"img-inner image-zoom dark\" >\n\t\t\t<img width=\"510\" height=\"340\" src=\"https:\/\/www.thebamboofamily.com\/wp-content\/uploads\/2020\/05\/5-caps-510x340-1.jpg\" class=\"attachment-medium size-medium\" alt=\"bouchons gourde r\u00e9utilisable\" decoding=\"async\" \/>\t\t\t\t\t\t\n\t\t\t\t\t<\/div>\n\t\t\t\t\t\t\t\t\n<style>\n#image_593640560 {\n  width: 100%;\n}\n<\/style>\n\t<\/div>\n\t\n\t\t<\/div>\n\t\t\t\t\t<\/div>\n\n\t\n<\/div>\n<\/div><\/div><\/div>\n","protected":false},"excerpt":{"rendered":"<p>Caja 10 cantimploras reutilizables 150 ml<br \/>\nSimplicidad para llenar y limpiar<br \/>\nSe ofrece un embudo + un cepillo y 5 tapas adicionales<\/p>\n","protected":false},"featured_media":835,"comment_status":"open","ping_status":"closed","template":"","meta":[],"product_cat":[114],"product_tag":[116,117,115],"yoast_head":"<!-- This site is optimized with the Yoast SEO plugin v20.8 - https:\/\/yoast.com\/wordpress\/plugins\/seo\/ -->\n<title>Cantimploras Reutilizables - THE BAMBOO FAMILY<\/title>\n<meta name=\"robots\" content=\"index, follow, max-snippet:-1, max-image-preview:large, max-video-preview:-1\" \/>\n<link rel=\"canonical\" href=\"https:\/\/www.thebamboofamily.com\/es\/product\/cantimploras-reutilizables\/\" \/>\n<meta property=\"og:locale\" content=\"es_ES\" \/>\n<meta property=\"og:type\" content=\"article\" \/>\n<meta property=\"og:title\" content=\"Cantimploras Reutilizables - THE BAMBOO FAMILY\" \/>\n<meta property=\"og:description\" content=\"Caja 10 cantimploras reutilizables 150 ml Simplicidad para llenar y limpiar Se ofrece un embudo + un cepillo y 5 tapas adicionales\" \/>\n<meta property=\"og:url\" content=\"https:\/\/www.thebamboofamily.com\/es\/product\/cantimploras-reutilizables\/\" \/>\n<meta property=\"og:site_name\" content=\"THE BAMBOO FAMILY\" \/>\n<meta property=\"article:publisher\" content=\"https:\/\/www.facebook.com\/thebamboofamilytbf\" \/>\n<meta property=\"article:modified_time\" content=\"2023-05-21T14:35:25+00:00\" \/>\n<meta property=\"og:image\" content=\"https:\/\/www.thebamboofamily.com\/wp-content\/uploads\/2020\/05\/1.-Photo-Principale-800x800.jpg\" \/>\n\t<meta property=\"og:image:width\" content=\"800\" \/>\n\t<meta property=\"og:image:height\" content=\"800\" \/>\n\t<meta property=\"og:image:type\" content=\"image\/jpeg\" \/>\n<meta name=\"twitter:card\" content=\"summary_large_image\" \/>\n<meta name=\"twitter:label1\" content=\"Tiempo de lectura\" \/>\n\t<meta name=\"twitter:data1\" content=\"2 minutos\" \/>\n<script type=\"application\/ld+json\" class=\"yoast-schema-graph\">{\"@context\":\"https:\/\/schema.org\",\"@graph\":[{\"@type\":\"WebPage\",\"@id\":\"https:\/\/www.thebamboofamily.com\/es\/product\/cantimploras-reutilizables\/\",\"url\":\"https:\/\/www.thebamboofamily.com\/es\/product\/cantimploras-reutilizables\/\",\"name\":\"Cantimploras Reutilizables - THE BAMBOO FAMILY\",\"isPartOf\":{\"@id\":\"https:\/\/www.thebamboofamily.com\/#website\"},\"datePublished\":\"2020-06-05T16:38:00+00:00\",\"dateModified\":\"2023-05-21T14:35:25+00:00\",\"breadcrumb\":{\"@id\":\"https:\/\/www.thebamboofamily.com\/es\/product\/cantimploras-reutilizables\/#breadcrumb\"},\"inLanguage\":\"es\",\"potentialAction\":[{\"@type\":\"ReadAction\",\"target\":[\"https:\/\/www.thebamboofamily.com\/es\/product\/cantimploras-reutilizables\/\"]}]},{\"@type\":\"BreadcrumbList\",\"@id\":\"https:\/\/www.thebamboofamily.com\/es\/product\/cantimploras-reutilizables\/#breadcrumb\",\"itemListElement\":[{\"@type\":\"ListItem\",\"position\":1,\"name\":\"Accueil\",\"item\":\"https:\/\/www.thebamboofamily.com\/es\/\"},{\"@type\":\"ListItem\",\"position\":2,\"name\":\"Buy\",\"item\":\"https:\/\/www.thebamboofamily.com\/shop\/\"},{\"@type\":\"ListItem\",\"position\":3,\"name\":\"Cantimploras Reutilizables\"}]},{\"@type\":\"WebSite\",\"@id\":\"https:\/\/www.thebamboofamily.com\/#website\",\"url\":\"https:\/\/www.thebamboofamily.com\/\",\"name\":\"THE BAMBOO FAMILY\",\"description\":\"\",\"publisher\":{\"@id\":\"https:\/\/www.thebamboofamily.com\/#organization\"},\"potentialAction\":[{\"@type\":\"SearchAction\",\"target\":{\"@type\":\"EntryPoint\",\"urlTemplate\":\"https:\/\/www.thebamboofamily.com\/?s={search_term_string}\"},\"query-input\":\"required name=search_term_string\"}],\"inLanguage\":\"es\"},{\"@type\":\"Organization\",\"@id\":\"https:\/\/www.thebamboofamily.com\/#organization\",\"name\":\"THE BAMBOO FAMILY\",\"url\":\"https:\/\/www.thebamboofamily.com\/\",\"logo\":{\"@type\":\"ImageObject\",\"inLanguage\":\"es\",\"@id\":\"https:\/\/www.thebamboofamily.com\/#\/schema\/logo\/image\/\",\"url\":\"https:\/\/www.thebamboofamily.com\/wp-content\/uploads\/2020\/06\/logo-vert-scaled.jpg\",\"contentUrl\":\"https:\/\/www.thebamboofamily.com\/wp-content\/uploads\/2020\/06\/logo-vert-scaled.jpg\",\"width\":2560,\"height\":1459,\"caption\":\"THE BAMBOO FAMILY\"},\"image\":{\"@id\":\"https:\/\/www.thebamboofamily.com\/#\/schema\/logo\/image\/\"},\"sameAs\":[\"https:\/\/www.facebook.com\/thebamboofamilytbf\",\"https:\/\/www.instagram.com\/the.bamboo.family\/\",\"https:\/\/www.pinterest.fr\/thebamboof\/\",\"https:\/\/www.youtube.com\/channel\/UCkYEQIEzn2AIXg6inQxDa3A\"]}]}<\/script>\n<!-- \/ Yoast SEO plugin. -->","yoast_head_json":{"title":"Cantimploras Reutilizables - THE BAMBOO FAMILY","robots":{"index":"index","follow":"follow","max-snippet":"max-snippet:-1","max-image-preview":"max-image-preview:large","max-video-preview":"max-video-preview:-1"},"canonical":"https:\/\/www.thebamboofamily.com\/es\/product\/cantimploras-reutilizables\/","og_locale":"es_ES","og_type":"article","og_title":"Cantimploras Reutilizables - THE BAMBOO FAMILY","og_description":"Caja 10 cantimploras reutilizables 150 ml Simplicidad para llenar y limpiar Se ofrece un embudo + un cepillo y 5 tapas adicionales","og_url":"https:\/\/www.thebamboofamily.com\/es\/product\/cantimploras-reutilizables\/","og_site_name":"THE BAMBOO FAMILY","article_publisher":"https:\/\/www.facebook.com\/thebamboofamilytbf","article_modified_time":"2023-05-21T14:35:25+00:00","og_image":[{"width":800,"height":800,"url":"https:\/\/www.thebamboofamily.com\/wp-content\/uploads\/2020\/05\/1.-Photo-Principale-800x800.jpg","type":"image\/jpeg"}],"twitter_card":"summary_large_image","twitter_misc":{"Tiempo de lectura":"2 minutos"},"schema":{"@context":"https:\/\/schema.org","@graph":[{"@type":"WebPage","@id":"https:\/\/www.thebamboofamily.com\/es\/product\/cantimploras-reutilizables\/","url":"https:\/\/www.thebamboofamily.com\/es\/product\/cantimploras-reutilizables\/","name":"Cantimploras Reutilizables - THE BAMBOO FAMILY","isPartOf":{"@id":"https:\/\/www.thebamboofamily.com\/#website"},"datePublished":"2020-06-05T16:38:00+00:00","dateModified":"2023-05-21T14:35:25+00:00","breadcrumb":{"@id":"https:\/\/www.thebamboofamily.com\/es\/product\/cantimploras-reutilizables\/#breadcrumb"},"inLanguage":"es","potentialAction":[{"@type":"ReadAction","target":["https:\/\/www.thebamboofamily.com\/es\/product\/cantimploras-reutilizables\/"]}]},{"@type":"BreadcrumbList","@id":"https:\/\/www.thebamboofamily.com\/es\/product\/cantimploras-reutilizables\/#breadcrumb","itemListElement":[{"@type":"ListItem","position":1,"name":"Accueil","item":"https:\/\/www.thebamboofamily.com\/es\/"},{"@type":"ListItem","position":2,"name":"Buy","item":"https:\/\/www.thebamboofamily.com\/shop\/"},{"@type":"ListItem","position":3,"name":"Cantimploras Reutilizables"}]},{"@type":"WebSite","@id":"https:\/\/www.thebamboofamily.com\/#website","url":"https:\/\/www.thebamboofamily.com\/","name":"THE BAMBOO FAMILY","description":"","publisher":{"@id":"https:\/\/www.thebamboofamily.com\/#organization"},"potentialAction":[{"@type":"SearchAction","target":{"@type":"EntryPoint","urlTemplate":"https:\/\/www.thebamboofamily.com\/?s={search_term_string}"},"query-input":"required name=search_term_string"}],"inLanguage":"es"},{"@type":"Organization","@id":"https:\/\/www.thebamboofamily.com\/#organization","name":"THE BAMBOO FAMILY","url":"https:\/\/www.thebamboofamily.com\/","logo":{"@type":"ImageObject","inLanguage":"es","@id":"https:\/\/www.thebamboofamily.com\/#\/schema\/logo\/image\/","url":"https:\/\/www.thebamboofamily.com\/wp-content\/uploads\/2020\/06\/logo-vert-scaled.jpg","contentUrl":"https:\/\/www.thebamboofamily.com\/wp-content\/uploads\/2020\/06\/logo-vert-scaled.jpg","width":2560,"height":1459,"caption":"THE BAMBOO FAMILY"},"image":{"@id":"https:\/\/www.thebamboofamily.com\/#\/schema\/logo\/image\/"},"sameAs":["https:\/\/www.facebook.com\/thebamboofamilytbf","https:\/\/www.instagram.com\/the.bamboo.family\/","https:\/\/www.pinterest.fr\/thebamboof\/","https:\/\/www.youtube.com\/channel\/UCkYEQIEzn2AIXg6inQxDa3A"]}]}},"_links":{"self":[{"href":"https:\/\/www.thebamboofamily.com\/es\/wp-json\/wp\/v2\/product\/834"}],"collection":[{"href":"https:\/\/www.thebamboofamily.com\/es\/wp-json\/wp\/v2\/product"}],"about":[{"href":"https:\/\/www.thebamboofamily.com\/es\/wp-json\/wp\/v2\/types\/product"}],"replies":[{"embeddable":true,"href":"https:\/\/www.thebamboofamily.com\/es\/wp-json\/wp\/v2\/comments?post=834"}],"wp:featuredmedia":[{"embeddable":true,"href":"https:\/\/www.thebamboofamily.com\/es\/wp-json\/wp\/v2\/media\/835"}],"wp:attachment":[{"href":"https:\/\/www.thebamboofamily.com\/es\/wp-json\/wp\/v2\/media?parent=834"}],"wp:term":[{"taxonomy":"product_cat","embeddable":true,"href":"https:\/\/www.thebamboofamily.com\/es\/wp-json\/wp\/v2\/product_cat?post=834"},{"taxonomy":"product_tag","embeddable":true,"href":"https:\/\/www.thebamboofamily.com\/es\/wp-json\/wp\/v2\/product_tag?post=834"}],"curies":[{"name":"wp","href":"https:\/\/api.w.org\/{rel}","templated":true}]}}