{"id":626,"date":"2020-06-05T15:58:22","date_gmt":"2020-06-05T13:58:22","guid":{"rendered":"https:\/\/www.thebamboofamily.com\/preguntas-mas-frecuentes\/"},"modified":"2020-06-11T11:28:53","modified_gmt":"2020-06-11T09:28:53","slug":"preguntas-mas-frecuentes","status":"publish","type":"page","link":"https:\/\/www.thebamboofamily.com\/es\/preguntas-mas-frecuentes\/","title":{"rendered":"Preguntas M\u00e1s Frecuentes"},"content":{"rendered":"\n  <div id=\"page-header-279869840\" class=\"page-header-wrapper\">\n  <div class=\"page-title dark featured-title\">\n\n    \n    <div class=\"page-title-inner container align-center text-center flex-row-col medium-flex-wrap\" >\n              <div class=\"title-wrapper uppercase flex-col\">\n          <h1 class=\"entry-title mb-0\">\n            Preguntas m\u00e1s frecuentes          <\/h1>\n        <\/div>\n                    <div class=\"title-content flex-col\">\n              <\/div>\n    <\/div>\n\n       <\/div>\n    <\/div>\n  \n\n\t<div id=\"gap-535184902\" class=\"gap-element clearfix\" style=\"display:block; height:auto;\">\n\t\t\n<style>\n#gap-535184902 {\n  padding-top: 30px;\n}\n<\/style>\n\t<\/div>\n\t\n\n\n\n<p><\/p>\n\n<p><\/p>\n<p>Las respuestas a las preguntas m\u00e1s frecuentes se pueden encontrar a continuaci\u00f3n:<\/p>\n\n<div class=\"accordion\">\n\n\t<div id=\"accordion-1479477257\" class=\"accordion-item\">\n\t\t<a id=\"accordion-1479477257-label\" class=\"accordion-title plain\" href=\"#accordion-item-\u00bfcon_qu\u00e9_tipos_de_comida_puedo_llenar_mi_cantimplora_reutilizable_the_bamboo_family?\" aria-expanded=\"false\" aria-controls=\"accordion-1479477257-content\" >\n\t\t\t<button class=\"toggle\" aria-label=\"Toggle\"><i class=\"icon-angle-down\"><\/i><\/button>\n\t\t\t<span>\u00bfCon qu\u00e9 tipos de comida puedo llenar mi cantimplora reutilizable The Bamboo Family?<\/span>\n\t\t<\/a>\n\t\t<div id=\"accordion-1479477257-content\" class=\"accordion-inner\" aria-labelledby=\"accordion-1479477257-label\" >\n\t\t\t\n\n<ul>\n<li>Puedes llenar tu cantimplora reutilizable con pur\u00e9s de frutas, pur\u00e9s de verduras, compota de manzana, batidos, yogur para beber o cualquier preparaci\u00f3n casera&#8230;<\/li>\n<\/ul>\n\n\t\t<\/div>\n\t<\/div>\n\t\n\t<div id=\"accordion-1354791302\" class=\"accordion-item\">\n\t\t<a id=\"accordion-1354791302-label\" class=\"accordion-title plain\" href=\"#accordion-item-\u00bfd\u00f3nde_puedo_usar_mi_cantimplora_reutilizable_the_bamboo_family?\" aria-expanded=\"false\" aria-controls=\"accordion-1354791302-content\" >\n\t\t\t<button class=\"toggle\" aria-label=\"Toggle\"><i class=\"icon-angle-down\"><\/i><\/button>\n\t\t\t<span>\u00bfD\u00f3nde puedo usar mi cantimplora reutilizable The Bamboo Family?<\/span>\n\t\t<\/a>\n\t\t<div id=\"accordion-1354791302-content\" class=\"accordion-inner\" aria-labelledby=\"accordion-1354791302-label\" >\n\t\t\t\n\n<ul>\n<li>Puedes llevar cantimplora reutilizable The Bamboo Family donde quieras: en deportes, escuela, playa, trabajo, parque, coche, picnic&#8230;<\/li>\n<\/ul>\n\n\t\t<\/div>\n\t<\/div>\n\t\n\t<div id=\"accordion-751130035\" class=\"accordion-item\">\n\t\t<a id=\"accordion-751130035-label\" class=\"accordion-title plain\" href=\"#accordion-item-\u00bfc\u00f3mo_lleno_mi_cantimplora_reutilizable_the_bamboo_family?\" aria-expanded=\"false\" aria-controls=\"accordion-751130035-content\" >\n\t\t\t<button class=\"toggle\" aria-label=\"Toggle\"><i class=\"icon-angle-down\"><\/i><\/button>\n\t\t\t<span>\u00bfC\u00f3mo lleno mi cantimplora reutilizable The Bamboo Family?<\/span>\n\t\t<\/a>\n\t\t<div id=\"accordion-751130035-content\" class=\"accordion-inner\" aria-labelledby=\"accordion-751130035-label\" >\n\t\t\t\n\n<ul>\n<li>Le aconsejamos que complete su nombre, fecha de la botella y contenido de antemano antes de rellenar su cantimplora reutilizable.<\/li>\n<li>Cierre la cantimplora reutilizable con el tapa suministrado.<\/li>\n<li>Abra el cierre \u00abDOUBLE ZIP\u00bb de su cantimplora reutilizable.<\/li>\n<li>Extiende la parte inferior de la cantimplora reutilizable al m\u00e1ximo con la mano.<\/li>\n<li>A continuaci\u00f3n, coloque la cantimplora reutilizable sobre una mesa para ponerse de pie, con la tapa en el lado derecho.<\/li>\n<li>Coloque el embudo en el centro de la abertura de la cantimplora reutilizable y cierre los extremos, para evitar que el embudo se mueva.<\/li>\n<li>Vierta su comida favorita en el embudo.<\/li>\n<li>Tenga cuidado de no exceder la l\u00ednea de llenado (150 ml) para evitar el desbordamiento al cerrar el cantimplora reutilizable.<\/li>\n<li>Retire el embudo y luego cierre el \u00abDOUBLE ZIP\u00bb presionando los dedos a lo largo de toda la longitud de la cremallera, hasta que oiga los clics de cierre.<\/li>\n<li>Finalmente, pellizca la cremallera sin AENTMENT CON el pulgar y el dedo \u00edndice a lo largo de toda la longitud de la cremallera para asegurarte de que la cremallera est\u00e9 bien cerrada. Cuando ya no escuche clics de cierre, el \u00abDOUBLE ZIP\u00bb se cerrar\u00e1 correctamente.<\/li>\n<li>Bueno saber: The Bamboo Family tambi\u00e9n es compatible con todas las estaciones de servicio.<\/li>\n<\/ul>\n\n\t\t<\/div>\n\t<\/div>\n\t\n\t<div id=\"accordion-3991417336\" class=\"accordion-item\">\n\t\t<a id=\"accordion-3991417336-label\" class=\"accordion-title plain\" href=\"#accordion-item-\u00bfc\u00f3mo_limpio_mi_cantimplora_reutilizable_the_bamboo_family?\" aria-expanded=\"false\" aria-controls=\"accordion-3991417336-content\" >\n\t\t\t<button class=\"toggle\" aria-label=\"Toggle\"><i class=\"icon-angle-down\"><\/i><\/button>\n\t\t\t<span>\u00bfC\u00f3mo limpio mi cantimplora reutilizable The Bamboo Family?<\/span>\n\t\t<\/a>\n\t\t<div id=\"accordion-3991417336-content\" class=\"accordion-inner\" aria-labelledby=\"accordion-3991417336-label\" >\n\t\t\t\n\n<ul>\n<li>La cantimplora reutilizable The Bamboo Family se lava a mano con agua jabonosa caliente<\/li>\n<li>El cepillo le permitir\u00e1 lavar el cuello de la cantimplora reutilizable de manera eficiente.<\/li>\n<li>La transparencia de la parte posterior de la cantimplora reutilizable le ayudar\u00e1 a localizar mejor los lugares para limpiar.<\/li>\n<li>La cantimplora reutilizable est\u00e1 dise\u00f1ada con \u00e1ngulos redondeados para evitar que los alimentos permanezcan en las esquinas.<\/li>\n<li>La cantimplora reutilizable tambi\u00e9n se lava en el lavavajillas en la cesta superior, despu\u00e9s de enjuagar de antemano.<\/li>\n<li>Recomendamos lavarse las manos para prolongar la vida \u00fatil de sus cantimplora reutilizable.<\/li>\n<li>La cantimplora reutilizable est\u00e1 dise\u00f1ada para mantenerse en posici\u00f3n vertical, por lo que puede dejar que se seque al rev\u00e9s.<\/li>\n<\/ul>\n\n\t\t<\/div>\n\t<\/div>\n\t\n\t<div id=\"accordion-2547300897\" class=\"accordion-item\">\n\t\t<a id=\"accordion-2547300897-label\" class=\"accordion-title plain\" href=\"#accordion-item-\u00bfnecesito_limpiar_mi_cantimplora_reutilizable_the_bamboo_family_antes_del_primer_uso?\" aria-expanded=\"false\" aria-controls=\"accordion-2547300897-content\" >\n\t\t\t<button class=\"toggle\" aria-label=\"Toggle\"><i class=\"icon-angle-down\"><\/i><\/button>\n\t\t\t<span>\u00bfNecesito limpiar mi cantimplora reutilizable The Bamboo Family antes del primer uso?<\/span>\n\t\t<\/a>\n\t\t<div id=\"accordion-2547300897-content\" class=\"accordion-inner\" aria-labelledby=\"accordion-2547300897-label\" >\n\t\t\t\n\n<ul>\n<li>Recomendamos lavar la cantimplora reutilizable en agua jabonosa caliente o lavarla en el lavavajillas antes del primer uso.<\/li>\n<\/ul>\n\n\t\t<\/div>\n\t<\/div>\n\t\n\t<div id=\"accordion-1348758024\" class=\"accordion-item\">\n\t\t<a id=\"accordion-1348758024-label\" class=\"accordion-title plain\" href=\"#accordion-item-\u00bflas_cantimploras_reutilizables_the_bamboo_family_son_saludables?\" aria-expanded=\"false\" aria-controls=\"accordion-1348758024-content\" >\n\t\t\t<button class=\"toggle\" aria-label=\"Toggle\"><i class=\"icon-angle-down\"><\/i><\/button>\n\t\t\t<span>\u00bfLas cantimploras reutilizables The Bamboo Family son saludables?<\/span>\n\t\t<\/a>\n\t\t<div id=\"accordion-1348758024-content\" class=\"accordion-inner\" aria-labelledby=\"accordion-1348758024-label\" >\n\t\t\t\n\n<ul>\n<li>\u00a1Por supuesto que s\u00ed!<\/li>\n<li>Las cantimploras reutilizables The Bamboo Family son seguras para su familia y el medio ambiente.<\/li>\n<li>Nuestras cantimploras reutilizables est\u00e1n garantizadas sin BPA, ftalatos y PVC.<\/li>\n<\/ul>\n\n\t\t<\/div>\n\t<\/div>\n\t\n\t<div id=\"accordion-1658405399\" class=\"accordion-item\">\n\t\t<a id=\"accordion-1658405399-label\" class=\"accordion-title plain\" href=\"#accordion-item-\u00bfse_puede_transportar_una_cantimplora_reutilizable_the_bamboo_family_sin_riesgo_de_fugas?\" aria-expanded=\"false\" aria-controls=\"accordion-1658405399-content\" >\n\t\t\t<button class=\"toggle\" aria-label=\"Toggle\"><i class=\"icon-angle-down\"><\/i><\/button>\n\t\t\t<span>\u00bfSe puede transportar una cantimplora reutilizable The Bamboo Family sin riesgo de fugas?<\/span>\n\t\t<\/a>\n\t\t<div id=\"accordion-1658405399-content\" class=\"accordion-inner\" aria-labelledby=\"accordion-1658405399-label\" >\n\t\t\t\n\n<ul>\n<li>\u00a1Por supuesto que s\u00ed!<\/li>\n<li>Las cantimploras reutilizables The Bamboo Family est\u00e1n especialmente dise\u00f1adas con un cierre \u00abDOUBLE ZIP\u00bb que garantiza la m\u00e1xima impermeabilizaci\u00f3n.<\/li>\n<li>Para una impermeabilizaci\u00f3n \u00f3ptima, aseg\u00farese de cerrar el cierre \u00abDOUBLE ZIP\u00bb siguiendo las instrucciones de llenado descritas anteriormente.<\/li>\n<li>El cantimplora reutilizable no se abrir\u00e1 con solo tocar un bot\u00f3n ni con las manos peque\u00f1as del beb\u00e9.<\/li>\n<li>La cantimplora reutilizable solo se abrir\u00e1 si abre intencionalmente el cierre \u00abDOUBLE ZIP\u00bb.<\/li>\n<\/ul>\n\n\t\t<\/div>\n\t<\/div>\n\t\n\t<div id=\"accordion-3792772197\" class=\"accordion-item\">\n\t\t<a id=\"accordion-3792772197-label\" class=\"accordion-title plain\" href=\"#accordion-item-\u00bfse_puede_guardar_la_cantimplora_reutilizable_the_bamboo_family_en_el_refrigerador_o_congelador?\" aria-expanded=\"false\" aria-controls=\"accordion-3792772197-content\" >\n\t\t\t<button class=\"toggle\" aria-label=\"Toggle\"><i class=\"icon-angle-down\"><\/i><\/button>\n\t\t\t<span>\u00bfSe puede guardar la cantimplora reutilizable The Bamboo Family en el refrigerador o congelador?<\/span>\n\t\t<\/a>\n\t\t<div id=\"accordion-3792772197-content\" class=\"accordion-inner\" aria-labelledby=\"accordion-3792772197-label\" >\n\t\t\t\n\n<ul>\n<li>\u00a1Por supuesto que s\u00ed!<\/li>\n<li>Puedes guardar tu cantimplora reutilizable en el refrigerador.<\/li>\n<li>Tambi\u00e9n puede preparar sus recetas \u00abCASERAS\u00bb en cantidad y almacenarlas en el congelador en sus cantimploras reutilizables.<\/li>\n<li>Tendr\u00e1s cantimploras reutilizables listas para usar siempre que las necesites y esto te ahorrar\u00e1 mucho tiempo.<\/li>\n<li>Le recomendamos que no exceda una vida \u00fatil de 3 d\u00edas en el refrigerador (dependiendo del tipo de alimento).<\/li>\n<li>CONSEJO: Le aconsejamos que use un taz\u00f3n de agua tibia o caliente en un bain marie para descongelar sus cantimploras reutilizables.<\/li>\n<\/ul>\n\n\t\t<\/div>\n\t<\/div>\n\t\n\t<div id=\"accordion-3571299276\" class=\"accordion-item\">\n\t\t<a id=\"accordion-3571299276-label\" class=\"accordion-title plain\" href=\"#accordion-item-\u00bfse_puede_recalentar_mi_cantimplora_reutilizable_the_bamboo_family_en_el_microondas?\" aria-expanded=\"false\" aria-controls=\"accordion-3571299276-content\" >\n\t\t\t<button class=\"toggle\" aria-label=\"Toggle\"><i class=\"icon-angle-down\"><\/i><\/button>\n\t\t\t<span>\u00bfSe puede recalentar mi cantimplora reutilizable The Bamboo Family en el microondas?<\/span>\n\t\t<\/a>\n\t\t<div id=\"accordion-3571299276-content\" class=\"accordion-inner\" aria-labelledby=\"accordion-3571299276-label\" >\n\t\t\t\n\n<ul>\n<li>Le recomendamos que no caliente las cantimploras reutilizables en el microondas.<\/li>\n<li>Al calentar en el microondas, el contenido de la cantimplora reutilizable a menudo no se calienta uniformemente y esto puede causar quemaduras.<\/li>\n<\/ul>\n\n\t\t<\/div>\n\t<\/div>\n\t\n\n<\/div>\n\n","protected":false},"excerpt":{"rendered":"<p>Las respuestas a las preguntas m\u00e1s frecuentes se pueden encontrar a continuaci\u00f3n:<\/p>\n","protected":false},"author":1,"featured_media":0,"parent":0,"menu_order":0,"comment_status":"closed","ping_status":"closed","template":"","meta":[],"yoast_head":"<!-- This site is optimized with the Yoast SEO plugin v20.8 - https:\/\/yoast.com\/wordpress\/plugins\/seo\/ -->\n<title>Preguntas M\u00e1s Frecuentes - THE BAMBOO FAMILY<\/title>\n<meta name=\"robots\" content=\"index, follow, max-snippet:-1, max-image-preview:large, max-video-preview:-1\" \/>\n<link rel=\"canonical\" href=\"https:\/\/www.thebamboofamily.com\/es\/preguntas-mas-frecuentes\/\" \/>\n<meta property=\"og:locale\" content=\"es_ES\" \/>\n<meta property=\"og:type\" content=\"article\" \/>\n<meta property=\"og:title\" content=\"Preguntas M\u00e1s Frecuentes - THE BAMBOO FAMILY\" \/>\n<meta property=\"og:description\" content=\"Las respuestas a las preguntas m\u00e1s frecuentes se pueden encontrar a continuaci\u00f3n:\" \/>\n<meta property=\"og:url\" content=\"https:\/\/www.thebamboofamily.com\/es\/preguntas-mas-frecuentes\/\" \/>\n<meta property=\"og:site_name\" content=\"THE BAMBOO FAMILY\" \/>\n<meta property=\"article:publisher\" content=\"https:\/\/www.facebook.com\/thebamboofamilytbf\" \/>\n<meta property=\"article:modified_time\" content=\"2020-06-11T09:28:53+00:00\" \/>\n<meta name=\"twitter:card\" content=\"summary_large_image\" \/>\n<meta name=\"twitter:label1\" content=\"Tiempo de lectura\" \/>\n\t<meta name=\"twitter:data1\" content=\"4 minutos\" \/>\n<script type=\"application\/ld+json\" class=\"yoast-schema-graph\">{\"@context\":\"https:\/\/schema.org\",\"@graph\":[{\"@type\":\"WebPage\",\"@id\":\"https:\/\/www.thebamboofamily.com\/es\/preguntas-mas-frecuentes\/\",\"url\":\"https:\/\/www.thebamboofamily.com\/es\/preguntas-mas-frecuentes\/\",\"name\":\"Preguntas M\u00e1s Frecuentes - THE BAMBOO FAMILY\",\"isPartOf\":{\"@id\":\"https:\/\/www.thebamboofamily.com\/#website\"},\"datePublished\":\"2020-06-05T13:58:22+00:00\",\"dateModified\":\"2020-06-11T09:28:53+00:00\",\"breadcrumb\":{\"@id\":\"https:\/\/www.thebamboofamily.com\/es\/preguntas-mas-frecuentes\/#breadcrumb\"},\"inLanguage\":\"es\",\"potentialAction\":[{\"@type\":\"ReadAction\",\"target\":[\"https:\/\/www.thebamboofamily.com\/es\/preguntas-mas-frecuentes\/\"]}]},{\"@type\":\"BreadcrumbList\",\"@id\":\"https:\/\/www.thebamboofamily.com\/es\/preguntas-mas-frecuentes\/#breadcrumb\",\"itemListElement\":[{\"@type\":\"ListItem\",\"position\":1,\"name\":\"Accueil\",\"item\":\"https:\/\/www.thebamboofamily.com\/es\/\"},{\"@type\":\"ListItem\",\"position\":2,\"name\":\"Preguntas M\u00e1s Frecuentes\"}]},{\"@type\":\"WebSite\",\"@id\":\"https:\/\/www.thebamboofamily.com\/#website\",\"url\":\"https:\/\/www.thebamboofamily.com\/\",\"name\":\"THE BAMBOO FAMILY\",\"description\":\"\",\"publisher\":{\"@id\":\"https:\/\/www.thebamboofamily.com\/#organization\"},\"potentialAction\":[{\"@type\":\"SearchAction\",\"target\":{\"@type\":\"EntryPoint\",\"urlTemplate\":\"https:\/\/www.thebamboofamily.com\/?s={search_term_string}\"},\"query-input\":\"required name=search_term_string\"}],\"inLanguage\":\"es\"},{\"@type\":\"Organization\",\"@id\":\"https:\/\/www.thebamboofamily.com\/#organization\",\"name\":\"THE BAMBOO FAMILY\",\"url\":\"https:\/\/www.thebamboofamily.com\/\",\"logo\":{\"@type\":\"ImageObject\",\"inLanguage\":\"es\",\"@id\":\"https:\/\/www.thebamboofamily.com\/#\/schema\/logo\/image\/\",\"url\":\"https:\/\/www.thebamboofamily.com\/wp-content\/uploads\/2020\/06\/logo-vert-scaled.jpg\",\"contentUrl\":\"https:\/\/www.thebamboofamily.com\/wp-content\/uploads\/2020\/06\/logo-vert-scaled.jpg\",\"width\":2560,\"height\":1459,\"caption\":\"THE BAMBOO FAMILY\"},\"image\":{\"@id\":\"https:\/\/www.thebamboofamily.com\/#\/schema\/logo\/image\/\"},\"sameAs\":[\"https:\/\/www.facebook.com\/thebamboofamilytbf\",\"https:\/\/www.instagram.com\/the.bamboo.family\/\",\"https:\/\/www.pinterest.fr\/thebamboof\/\",\"https:\/\/www.youtube.com\/channel\/UCkYEQIEzn2AIXg6inQxDa3A\"]}]}<\/script>\n<!-- \/ Yoast SEO plugin. -->","yoast_head_json":{"title":"Preguntas M\u00e1s Frecuentes - THE BAMBOO FAMILY","robots":{"index":"index","follow":"follow","max-snippet":"max-snippet:-1","max-image-preview":"max-image-preview:large","max-video-preview":"max-video-preview:-1"},"canonical":"https:\/\/www.thebamboofamily.com\/es\/preguntas-mas-frecuentes\/","og_locale":"es_ES","og_type":"article","og_title":"Preguntas M\u00e1s Frecuentes - THE BAMBOO FAMILY","og_description":"Las respuestas a las preguntas m\u00e1s frecuentes se pueden encontrar a continuaci\u00f3n:","og_url":"https:\/\/www.thebamboofamily.com\/es\/preguntas-mas-frecuentes\/","og_site_name":"THE BAMBOO FAMILY","article_publisher":"https:\/\/www.facebook.com\/thebamboofamilytbf","article_modified_time":"2020-06-11T09:28:53+00:00","twitter_card":"summary_large_image","twitter_misc":{"Tiempo de lectura":"4 minutos"},"schema":{"@context":"https:\/\/schema.org","@graph":[{"@type":"WebPage","@id":"https:\/\/www.thebamboofamily.com\/es\/preguntas-mas-frecuentes\/","url":"https:\/\/www.thebamboofamily.com\/es\/preguntas-mas-frecuentes\/","name":"Preguntas M\u00e1s Frecuentes - THE BAMBOO FAMILY","isPartOf":{"@id":"https:\/\/www.thebamboofamily.com\/#website"},"datePublished":"2020-06-05T13:58:22+00:00","dateModified":"2020-06-11T09:28:53+00:00","breadcrumb":{"@id":"https:\/\/www.thebamboofamily.com\/es\/preguntas-mas-frecuentes\/#breadcrumb"},"inLanguage":"es","potentialAction":[{"@type":"ReadAction","target":["https:\/\/www.thebamboofamily.com\/es\/preguntas-mas-frecuentes\/"]}]},{"@type":"BreadcrumbList","@id":"https:\/\/www.thebamboofamily.com\/es\/preguntas-mas-frecuentes\/#breadcrumb","itemListElement":[{"@type":"ListItem","position":1,"name":"Accueil","item":"https:\/\/www.thebamboofamily.com\/es\/"},{"@type":"ListItem","position":2,"name":"Preguntas M\u00e1s Frecuentes"}]},{"@type":"WebSite","@id":"https:\/\/www.thebamboofamily.com\/#website","url":"https:\/\/www.thebamboofamily.com\/","name":"THE BAMBOO FAMILY","description":"","publisher":{"@id":"https:\/\/www.thebamboofamily.com\/#organization"},"potentialAction":[{"@type":"SearchAction","target":{"@type":"EntryPoint","urlTemplate":"https:\/\/www.thebamboofamily.com\/?s={search_term_string}"},"query-input":"required name=search_term_string"}],"inLanguage":"es"},{"@type":"Organization","@id":"https:\/\/www.thebamboofamily.com\/#organization","name":"THE BAMBOO FAMILY","url":"https:\/\/www.thebamboofamily.com\/","logo":{"@type":"ImageObject","inLanguage":"es","@id":"https:\/\/www.thebamboofamily.com\/#\/schema\/logo\/image\/","url":"https:\/\/www.thebamboofamily.com\/wp-content\/uploads\/2020\/06\/logo-vert-scaled.jpg","contentUrl":"https:\/\/www.thebamboofamily.com\/wp-content\/uploads\/2020\/06\/logo-vert-scaled.jpg","width":2560,"height":1459,"caption":"THE BAMBOO FAMILY"},"image":{"@id":"https:\/\/www.thebamboofamily.com\/#\/schema\/logo\/image\/"},"sameAs":["https:\/\/www.facebook.com\/thebamboofamilytbf","https:\/\/www.instagram.com\/the.bamboo.family\/","https:\/\/www.pinterest.fr\/thebamboof\/","https:\/\/www.youtube.com\/channel\/UCkYEQIEzn2AIXg6inQxDa3A"]}]}},"_links":{"self":[{"href":"https:\/\/www.thebamboofamily.com\/es\/wp-json\/wp\/v2\/pages\/626"}],"collection":[{"href":"https:\/\/www.thebamboofamily.com\/es\/wp-json\/wp\/v2\/pages"}],"about":[{"href":"https:\/\/www.thebamboofamily.com\/es\/wp-json\/wp\/v2\/types\/page"}],"author":[{"embeddable":true,"href":"https:\/\/www.thebamboofamily.com\/es\/wp-json\/wp\/v2\/users\/1"}],"replies":[{"embeddable":true,"href":"https:\/\/www.thebamboofamily.com\/es\/wp-json\/wp\/v2\/comments?post=626"}],"version-history":[{"count":7,"href":"https:\/\/www.thebamboofamily.com\/es\/wp-json\/wp\/v2\/pages\/626\/revisions"}],"predecessor-version":[{"id":1247,"href":"https:\/\/www.thebamboofamily.com\/es\/wp-json\/wp\/v2\/pages\/626\/revisions\/1247"}],"wp:attachment":[{"href":"https:\/\/www.thebamboofamily.com\/es\/wp-json\/wp\/v2\/media?parent=626"}],"curies":[{"name":"wp","href":"https:\/\/api.w.org\/{rel}","templated":true}]}}