{"id":2582,"date":"2021-11-20T22:04:00","date_gmt":"2021-11-20T21:04:00","guid":{"rendered":"https:\/\/www.thebamboofamily.com\/devolucion-y-reembolso\/"},"modified":"2021-11-20T22:04:01","modified_gmt":"2021-11-20T21:04:01","slug":"devolucion-y-reembolso","status":"publish","type":"page","link":"https:\/\/www.thebamboofamily.com\/es\/devolucion-y-reembolso\/","title":{"rendered":"DEVOLUCI\u00d3N Y REEMBOLSO"},"content":{"rendered":"\n  <div id=\"page-header-537556700\" class=\"page-header-wrapper\">\n  <div class=\"page-title dark featured-title\">\n\n    \n    <div class=\"page-title-inner container align-center text-center flex-row-col medium-flex-wrap\" >\n              <div class=\"title-wrapper uppercase flex-col\">\n          <h1 class=\"entry-title mb-0\">\n            DEVOLUCI\u00d3N Y REEMBOLSO          <\/h1>\n        <\/div>\n                    <div class=\"title-content flex-col\">\n              <\/div>\n    <\/div>\n\n       <\/div>\n    <\/div>\n  \n\n\t<div id=\"gap-1067877526\" class=\"gap-element clearfix\" style=\"display:block; height:auto;\">\n\t\t\n<style>\n#gap-1067877526 {\n  padding-top: 30px;\n}\n<\/style>\n\t<\/div>\n\t\n\n<p>El Cliente tiene el derecho de desistimiento sin tener que justificarlo y sin penalizaci\u00f3n dentro de los catorce d\u00edas posteriores a la recepci\u00f3n del Producto por parte del Cliente.<\/p>\n<p>Cuando el Cliente desee ejercer su derecho de desistimiento, deber\u00e1 informar a HOLDING FRANCE al respecto envi\u00e1ndole antes del vencimiento del per\u00edodo de desistimiento de catorce d\u00edas, por correo certificado o correo electr\u00f3nico <a href=\"mailto:contact@thebamboofamily.com\">contact@thebamboofamily.com<\/a> , su deseo de retractarse.<\/p>\n<p>La empresa HOLDING France deber\u00e1 reembolsar al Cliente todas las sumas pagadas, a saber, el precio principal del pedido, as\u00ed como los costos de entrega del Producto, siempre que el Producto se devuelva en un estado considerado nuevo, no utilizado, condicionado en su embalaje original y no debe haber sufrido ning\u00fan da\u00f1o (inscripci\u00f3n de ning\u00fan tipo, deformaci\u00f3n, etc.).<\/p>\n<p>El producto devuelto tambi\u00e9n debe ir acompa\u00f1ado de todos los accesorios y su manual de usuario. Despu\u00e9s de examinar la queja y en caso de autorizaci\u00f3n para devolver los Productos, el Vendedor informar\u00e1 al Cliente. El Cliente recibir\u00e1 un reembolso a m\u00e1s tardar, dentro de un per\u00edodo de catorce d\u00edas a partir del d\u00eda en que HOLDING FRANCE sea informado de la decisi\u00f3n del Cliente de retirarse. El reembolso se realizar\u00e1 utilizando el mismo m\u00e9todo de pago que el utilizado por el Cliente al pagar el Producto. HOLDIING France se reserva el derecho de diferir el reembolso hasta la primera de las dos fechas entre la recepci\u00f3n del Producto sujeto a retiro o la provisi\u00f3n por parte del Cliente de un comprobante de env\u00edo del Producto.<\/p>\n<p>Los costos de devoluci\u00f3n del Producto, en caso de retiro por parte del Cliente, siguen siendo responsabilidad del Cliente.<\/p>\n\n","protected":false},"excerpt":{"rendered":"","protected":false},"author":1,"featured_media":0,"parent":0,"menu_order":0,"comment_status":"closed","ping_status":"closed","template":"","meta":[],"yoast_head":"<!-- This site is optimized with the Yoast SEO plugin v20.8 - https:\/\/yoast.com\/wordpress\/plugins\/seo\/ -->\n<title>DEVOLUCI\u00d3N Y REEMBOLSO - THE BAMBOO FAMILY<\/title>\n<meta name=\"robots\" content=\"index, follow, max-snippet:-1, max-image-preview:large, max-video-preview:-1\" \/>\n<link rel=\"canonical\" href=\"https:\/\/www.thebamboofamily.com\/es\/devolucion-y-reembolso\/\" \/>\n<meta property=\"og:locale\" content=\"es_ES\" \/>\n<meta property=\"og:type\" content=\"article\" \/>\n<meta property=\"og:title\" content=\"DEVOLUCI\u00d3N Y REEMBOLSO - THE BAMBOO FAMILY\" \/>\n<meta property=\"og:url\" content=\"https:\/\/www.thebamboofamily.com\/es\/devolucion-y-reembolso\/\" \/>\n<meta property=\"og:site_name\" content=\"THE BAMBOO FAMILY\" \/>\n<meta property=\"article:publisher\" content=\"https:\/\/www.facebook.com\/thebamboofamilytbf\" \/>\n<meta property=\"article:modified_time\" content=\"2021-11-20T21:04:01+00:00\" \/>\n<meta name=\"twitter:card\" content=\"summary_large_image\" \/>\n<meta name=\"twitter:label1\" content=\"Tiempo de lectura\" \/>\n\t<meta name=\"twitter:data1\" content=\"2 minutos\" \/>\n<script type=\"application\/ld+json\" class=\"yoast-schema-graph\">{\"@context\":\"https:\/\/schema.org\",\"@graph\":[{\"@type\":\"WebPage\",\"@id\":\"https:\/\/www.thebamboofamily.com\/es\/devolucion-y-reembolso\/\",\"url\":\"https:\/\/www.thebamboofamily.com\/es\/devolucion-y-reembolso\/\",\"name\":\"DEVOLUCI\u00d3N Y REEMBOLSO - THE BAMBOO FAMILY\",\"isPartOf\":{\"@id\":\"https:\/\/www.thebamboofamily.com\/#website\"},\"datePublished\":\"2021-11-20T21:04:00+00:00\",\"dateModified\":\"2021-11-20T21:04:01+00:00\",\"breadcrumb\":{\"@id\":\"https:\/\/www.thebamboofamily.com\/es\/devolucion-y-reembolso\/#breadcrumb\"},\"inLanguage\":\"es\",\"potentialAction\":[{\"@type\":\"ReadAction\",\"target\":[\"https:\/\/www.thebamboofamily.com\/es\/devolucion-y-reembolso\/\"]}]},{\"@type\":\"BreadcrumbList\",\"@id\":\"https:\/\/www.thebamboofamily.com\/es\/devolucion-y-reembolso\/#breadcrumb\",\"itemListElement\":[{\"@type\":\"ListItem\",\"position\":1,\"name\":\"Accueil\",\"item\":\"https:\/\/www.thebamboofamily.com\/es\/\"},{\"@type\":\"ListItem\",\"position\":2,\"name\":\"DEVOLUCI\u00d3N Y REEMBOLSO\"}]},{\"@type\":\"WebSite\",\"@id\":\"https:\/\/www.thebamboofamily.com\/#website\",\"url\":\"https:\/\/www.thebamboofamily.com\/\",\"name\":\"THE BAMBOO FAMILY\",\"description\":\"\",\"publisher\":{\"@id\":\"https:\/\/www.thebamboofamily.com\/#organization\"},\"potentialAction\":[{\"@type\":\"SearchAction\",\"target\":{\"@type\":\"EntryPoint\",\"urlTemplate\":\"https:\/\/www.thebamboofamily.com\/?s={search_term_string}\"},\"query-input\":\"required name=search_term_string\"}],\"inLanguage\":\"es\"},{\"@type\":\"Organization\",\"@id\":\"https:\/\/www.thebamboofamily.com\/#organization\",\"name\":\"THE BAMBOO FAMILY\",\"url\":\"https:\/\/www.thebamboofamily.com\/\",\"logo\":{\"@type\":\"ImageObject\",\"inLanguage\":\"es\",\"@id\":\"https:\/\/www.thebamboofamily.com\/#\/schema\/logo\/image\/\",\"url\":\"https:\/\/www.thebamboofamily.com\/wp-content\/uploads\/2020\/06\/logo-vert-scaled.jpg\",\"contentUrl\":\"https:\/\/www.thebamboofamily.com\/wp-content\/uploads\/2020\/06\/logo-vert-scaled.jpg\",\"width\":2560,\"height\":1459,\"caption\":\"THE BAMBOO FAMILY\"},\"image\":{\"@id\":\"https:\/\/www.thebamboofamily.com\/#\/schema\/logo\/image\/\"},\"sameAs\":[\"https:\/\/www.facebook.com\/thebamboofamilytbf\",\"https:\/\/www.instagram.com\/the.bamboo.family\/\",\"https:\/\/www.pinterest.fr\/thebamboof\/\",\"https:\/\/www.youtube.com\/channel\/UCkYEQIEzn2AIXg6inQxDa3A\"]}]}<\/script>\n<!-- \/ Yoast SEO plugin. -->","yoast_head_json":{"title":"DEVOLUCI\u00d3N Y REEMBOLSO - THE BAMBOO FAMILY","robots":{"index":"index","follow":"follow","max-snippet":"max-snippet:-1","max-image-preview":"max-image-preview:large","max-video-preview":"max-video-preview:-1"},"canonical":"https:\/\/www.thebamboofamily.com\/es\/devolucion-y-reembolso\/","og_locale":"es_ES","og_type":"article","og_title":"DEVOLUCI\u00d3N Y REEMBOLSO - THE BAMBOO FAMILY","og_url":"https:\/\/www.thebamboofamily.com\/es\/devolucion-y-reembolso\/","og_site_name":"THE BAMBOO FAMILY","article_publisher":"https:\/\/www.facebook.com\/thebamboofamilytbf","article_modified_time":"2021-11-20T21:04:01+00:00","twitter_card":"summary_large_image","twitter_misc":{"Tiempo de lectura":"2 minutos"},"schema":{"@context":"https:\/\/schema.org","@graph":[{"@type":"WebPage","@id":"https:\/\/www.thebamboofamily.com\/es\/devolucion-y-reembolso\/","url":"https:\/\/www.thebamboofamily.com\/es\/devolucion-y-reembolso\/","name":"DEVOLUCI\u00d3N Y REEMBOLSO - THE BAMBOO FAMILY","isPartOf":{"@id":"https:\/\/www.thebamboofamily.com\/#website"},"datePublished":"2021-11-20T21:04:00+00:00","dateModified":"2021-11-20T21:04:01+00:00","breadcrumb":{"@id":"https:\/\/www.thebamboofamily.com\/es\/devolucion-y-reembolso\/#breadcrumb"},"inLanguage":"es","potentialAction":[{"@type":"ReadAction","target":["https:\/\/www.thebamboofamily.com\/es\/devolucion-y-reembolso\/"]}]},{"@type":"BreadcrumbList","@id":"https:\/\/www.thebamboofamily.com\/es\/devolucion-y-reembolso\/#breadcrumb","itemListElement":[{"@type":"ListItem","position":1,"name":"Accueil","item":"https:\/\/www.thebamboofamily.com\/es\/"},{"@type":"ListItem","position":2,"name":"DEVOLUCI\u00d3N Y REEMBOLSO"}]},{"@type":"WebSite","@id":"https:\/\/www.thebamboofamily.com\/#website","url":"https:\/\/www.thebamboofamily.com\/","name":"THE BAMBOO FAMILY","description":"","publisher":{"@id":"https:\/\/www.thebamboofamily.com\/#organization"},"potentialAction":[{"@type":"SearchAction","target":{"@type":"EntryPoint","urlTemplate":"https:\/\/www.thebamboofamily.com\/?s={search_term_string}"},"query-input":"required name=search_term_string"}],"inLanguage":"es"},{"@type":"Organization","@id":"https:\/\/www.thebamboofamily.com\/#organization","name":"THE BAMBOO FAMILY","url":"https:\/\/www.thebamboofamily.com\/","logo":{"@type":"ImageObject","inLanguage":"es","@id":"https:\/\/www.thebamboofamily.com\/#\/schema\/logo\/image\/","url":"https:\/\/www.thebamboofamily.com\/wp-content\/uploads\/2020\/06\/logo-vert-scaled.jpg","contentUrl":"https:\/\/www.thebamboofamily.com\/wp-content\/uploads\/2020\/06\/logo-vert-scaled.jpg","width":2560,"height":1459,"caption":"THE BAMBOO FAMILY"},"image":{"@id":"https:\/\/www.thebamboofamily.com\/#\/schema\/logo\/image\/"},"sameAs":["https:\/\/www.facebook.com\/thebamboofamilytbf","https:\/\/www.instagram.com\/the.bamboo.family\/","https:\/\/www.pinterest.fr\/thebamboof\/","https:\/\/www.youtube.com\/channel\/UCkYEQIEzn2AIXg6inQxDa3A"]}]}},"_links":{"self":[{"href":"https:\/\/www.thebamboofamily.com\/es\/wp-json\/wp\/v2\/pages\/2582"}],"collection":[{"href":"https:\/\/www.thebamboofamily.com\/es\/wp-json\/wp\/v2\/pages"}],"about":[{"href":"https:\/\/www.thebamboofamily.com\/es\/wp-json\/wp\/v2\/types\/page"}],"author":[{"embeddable":true,"href":"https:\/\/www.thebamboofamily.com\/es\/wp-json\/wp\/v2\/users\/1"}],"replies":[{"embeddable":true,"href":"https:\/\/www.thebamboofamily.com\/es\/wp-json\/wp\/v2\/comments?post=2582"}],"version-history":[{"count":1,"href":"https:\/\/www.thebamboofamily.com\/es\/wp-json\/wp\/v2\/pages\/2582\/revisions"}],"predecessor-version":[{"id":2583,"href":"https:\/\/www.thebamboofamily.com\/es\/wp-json\/wp\/v2\/pages\/2582\/revisions\/2583"}],"wp:attachment":[{"href":"https:\/\/www.thebamboofamily.com\/es\/wp-json\/wp\/v2\/media?parent=2582"}],"curies":[{"name":"wp","href":"https:\/\/api.w.org\/{rel}","templated":true}]}}