{"id":1034,"date":"2020-06-10T23:06:31","date_gmt":"2020-06-10T21:06:31","guid":{"rendered":"https:\/\/www.thebamboofamily.com\/politica-de-confidencialidad\/"},"modified":"2020-06-11T11:28:40","modified_gmt":"2020-06-11T09:28:40","slug":"politica-de-confidencialidad","status":"publish","type":"page","link":"https:\/\/www.thebamboofamily.com\/es\/politica-de-confidencialidad\/","title":{"rendered":"Pol\u00edtica De Confidencialidad"},"content":{"rendered":"\n  <div id=\"page-header-719366306\" class=\"page-header-wrapper\">\n  <div class=\"page-title dark featured-title\">\n\n    \n    <div class=\"page-title-inner container align-center text-center flex-row-col medium-flex-wrap\" >\n              <div class=\"title-wrapper uppercase flex-col\">\n          <h1 class=\"entry-title mb-0\">\n            Pol\u00edtica de confidencialidad          <\/h1>\n        <\/div>\n                    <div class=\"title-content flex-col\">\n              <\/div>\n    <\/div>\n\n       <\/div>\n    <\/div>\n  \n\n\t<div id=\"gap-1864432356\" class=\"gap-element clearfix\" style=\"display:block; height:auto;\">\n\t\t\n<style>\n#gap-1864432356 {\n  padding-top: 30px;\n}\n<\/style>\n\t<\/div>\n\t\n\n<h2 class=\"wp-block-heading\">Qui\u00e9nes somos ?<\/h2>\n\n<p>La direcci\u00f3n de nuestro sitio web es: https:\/\/www.thebamboofamily.com.<\/p>\n\n<h2 class=\"wp-block-heading\">Uso de los datos personales recopilados.<\/h2>\n\n<h3 class=\"wp-block-heading\">Comentarios<\/h3>\n\n<p>Cuando deja un comentario en nuestro sitio web, los datos ingresados \u200b\u200ben el formulario de comentarios, pero tambi\u00e9n su direcci\u00f3n IP y el agente de usuario de su navegador se recopilan para ayudarnos a detectar comentarios no deseados.<\/p>\n\n<p>Se puede enviar una cadena an\u00f3nima creada a partir de su direcci\u00f3n de correo electr\u00f3nico (tambi\u00e9n conocida como hash) al servicio Gravatar para verificar si la est\u00e1 utilizando. Las cl\u00e1usulas de confidencialidad del servicio Gravatar est\u00e1n disponibles aqu\u00ed: https:\/\/automattic.com\/privacy\/. Despu\u00e9s de la validaci\u00f3n de su comentario, su foto de perfil ser\u00e1 visible p\u00fablicamente junto a su comentario.<\/p>\n\n<h3 class=\"wp-block-heading\">Medios de comunicaci\u00f3n<\/h3>\n\n<p>Si es un usuario registrado y sube im\u00e1genes al sitio web, le recomendamos que evite subir im\u00e1genes que contengan datos EXIF \u200b\u200bde coordenadas GPS. Los visitantes de su sitio web pueden descargar y extraer datos de ubicaci\u00f3n de estas im\u00e1genes.<\/p>\n\n<h3 class=\"wp-block-heading\">Formularios de contacto<\/h3>\n\n<h3 class=\"wp-block-heading\">Cookies<\/h3>\n\n<p>Si publica un comentario en nuestro sitio, se le ofrecer\u00e1 guardar su nombre, direcci\u00f3n de correo electr\u00f3nico y sitio web en cookies. Es solo para su conveniencia para que no tenga que ingresar esta informaci\u00f3n si publica otro comentario m\u00e1s tarde. Estas cookies caducan despu\u00e9s de un a\u00f1o.<\/p>\n\n<p>Si tiene una cuenta e inicia sesi\u00f3n en este sitio, se crear\u00e1 una cookie temporal para determinar si su navegador acepta cookies. No contiene datos personales y se eliminar\u00e1 autom\u00e1ticamente cuando cierre su navegador.<\/p>\n\n<p>Cuando inicie sesi\u00f3n, configuraremos una serie de cookies para almacenar su informaci\u00f3n de inicio de sesi\u00f3n y sus preferencias de pantalla. La vida \u00fatil de una cookie de inicio de sesi\u00f3n es de dos d\u00edas, la de una cookie de opci\u00f3n de pantalla es de un a\u00f1o. Si marca \u00abRecordarme\u00bb, su cookie de inicio de sesi\u00f3n se mantendr\u00e1 durante dos semanas. Si cierra sesi\u00f3n en su cuenta, se eliminar\u00e1 la cookie de inicio de sesi\u00f3n.<\/p>\n\n<p>Al modificar o publicar una publicaci\u00f3n, se guardar\u00e1 una cookie adicional en su navegador. Esta cookie no incluye ning\u00fan dato personal. Solo dice la identificaci\u00f3n de la publicaci\u00f3n que acaba de editar. Caduca despu\u00e9s de un d\u00eda.<\/p>\n\n<h3 class=\"wp-block-heading\">Contenido incrustado de otros sitios<\/h3>\n\n<p>Los art\u00edculos en este sitio pueden incluir contenido integrado (por ejemplo, videos, im\u00e1genes, art\u00edculos, etc.). Le contenu int\u00e9gr\u00e9 depuis d\u2019autres sites se comporte de la m\u00eame mani\u00e8re que si le visiteur se rendait sur cet autre site.<\/p>\n\n<p>Estos sitios web pueden recopilar datos sobre usted, usar cookies, incrustar herramientas de seguimiento de terceros, rastrear sus interacciones con este contenido incrustado si tiene una cuenta conectada a su sitio web.<\/p>\n\n<h3 class=\"wp-block-heading\">Audiencia m\u00e9tricas y m\u00e9tricas<\/h3>\n\n<h2 class=\"wp-block-heading\">Uso y transmisi\u00f3n de sus datos personales.<\/h2>\n\n<h2 class=\"wp-block-heading\">Per\u00edodos de almacenamiento de sus datos.<\/h2>\n\n<p>Si deja un comentario, el comentario y sus metadatos se mantienen indefinidamente. Esto reconoce y aprueba autom\u00e1ticamente los siguientes comentarios en lugar de dejarlos en la cola de moderaci\u00f3n.<\/p>\n\n<p>Para los usuarios que se registran en nuestro sitio (si es posible), tambi\u00e9n almacenamos los datos personales indicados en su perfil. Todos los usuarios pueden ver, modificar o eliminar su informaci\u00f3n personal en cualquier momento (excepto su nombre de usuario \u00b7 ice). Los administradores del sitio tambi\u00e9n pueden ver y modificar esta informaci\u00f3n.<\/p>\n\n<h2 class=\"wp-block-heading\">Los derechos que tienes sobre tus datos<\/h2>\n\n<p>Si tiene una cuenta o ha dejado comentarios en el sitio, puede solicitar recibir un archivo que contenga todos los datos personales que tenemos sobre usted, incluidos los que nos ha proporcionado. Tambi\u00e9n puede solicitar la eliminaci\u00f3n de los datos personales que le conciernen. Esto no tiene en cuenta los datos almacenados por razones administrativas, legales o de seguridad.<\/p>\n\n<h2 class=\"wp-block-heading\">Transmisi\u00f3n de sus datos personales.<\/h2>\n\n<p>Los comentarios de los visitantes se pueden verificar utilizando un servicio automatizado de detecci\u00f3n de spam.<\/p>\n\n<h2 class=\"wp-block-heading\">Informaci\u00f3n del contacto<\/h2>\n\n<h2 class=\"wp-block-heading\">informaciones suplementarias<\/h2>\n\n<h3 class=\"wp-block-heading\">C\u00f3mo protegemos sus datos<\/h3>\n\n<h3 class=\"wp-block-heading\">Procedimientos implementados en caso de fuga de datos<\/h3>\n\n<h3 class=\"wp-block-heading\">Servicios de terceros que nos transmiten datos.<\/h3>\n\n<h3 class=\"wp-block-heading\">Operaciones automatizadas de comercializaci\u00f3n y \/ o creaci\u00f3n de perfiles realizadas con datos personales.<\/h3>\n\n<h3 class=\"wp-block-heading\">Visualizaci\u00f3n de informaci\u00f3n relacionada con sectores sujetos a regulaciones espec\u00edficas.<\/h3>\n","protected":false},"excerpt":{"rendered":"<p>Qui\u00e9nes somos ? La direcci\u00f3n de nuestro sitio web es: https:\/\/www.thebamboofamily.com. Uso de los datos personales recopilados. Comentarios Cuando deja un comentario en nuestro sitio web, los datos ingresados \u200b\u200ben el formulario de comentarios, pero tambi\u00e9n su direcci\u00f3n IP y el agente de usuario de su navegador se recopilan para ayudarnos a detectar comentarios no [&#8230;]\n","protected":false},"author":1,"featured_media":0,"parent":0,"menu_order":0,"comment_status":"closed","ping_status":"closed","template":"","meta":[],"yoast_head":"<!-- This site is optimized with the Yoast SEO plugin v20.8 - https:\/\/yoast.com\/wordpress\/plugins\/seo\/ -->\n<title>Pol\u00edtica De Confidencialidad - THE BAMBOO FAMILY<\/title>\n<meta name=\"robots\" content=\"index, follow, max-snippet:-1, max-image-preview:large, max-video-preview:-1\" \/>\n<link rel=\"canonical\" href=\"https:\/\/www.thebamboofamily.com\/es\/politica-de-confidencialidad\/\" \/>\n<meta property=\"og:locale\" content=\"es_ES\" \/>\n<meta property=\"og:type\" content=\"article\" \/>\n<meta property=\"og:title\" content=\"Pol\u00edtica De Confidencialidad - THE BAMBOO FAMILY\" \/>\n<meta property=\"og:description\" content=\"Qui\u00e9nes somos ? La direcci\u00f3n de nuestro sitio web es: https:\/\/www.thebamboofamily.com. Uso de los datos personales recopilados. Comentarios Cuando deja un comentario en nuestro sitio web, los datos ingresados \u200b\u200ben el formulario de comentarios, pero tambi\u00e9n su direcci\u00f3n IP y el agente de usuario de su navegador se recopilan para ayudarnos a detectar comentarios no [...]\" \/>\n<meta property=\"og:url\" content=\"https:\/\/www.thebamboofamily.com\/es\/politica-de-confidencialidad\/\" \/>\n<meta property=\"og:site_name\" content=\"THE BAMBOO FAMILY\" \/>\n<meta property=\"article:publisher\" content=\"https:\/\/www.facebook.com\/thebamboofamilytbf\" \/>\n<meta property=\"article:modified_time\" content=\"2020-06-11T09:28:40+00:00\" \/>\n<meta name=\"twitter:card\" content=\"summary_large_image\" \/>\n<meta name=\"twitter:label1\" content=\"Tiempo de lectura\" \/>\n\t<meta name=\"twitter:data1\" content=\"4 minutos\" \/>\n<script type=\"application\/ld+json\" class=\"yoast-schema-graph\">{\"@context\":\"https:\/\/schema.org\",\"@graph\":[{\"@type\":\"WebPage\",\"@id\":\"https:\/\/www.thebamboofamily.com\/es\/politica-de-confidencialidad\/\",\"url\":\"https:\/\/www.thebamboofamily.com\/es\/politica-de-confidencialidad\/\",\"name\":\"Pol\u00edtica De Confidencialidad - THE BAMBOO FAMILY\",\"isPartOf\":{\"@id\":\"https:\/\/www.thebamboofamily.com\/#website\"},\"datePublished\":\"2020-06-10T21:06:31+00:00\",\"dateModified\":\"2020-06-11T09:28:40+00:00\",\"breadcrumb\":{\"@id\":\"https:\/\/www.thebamboofamily.com\/es\/politica-de-confidencialidad\/#breadcrumb\"},\"inLanguage\":\"es\",\"potentialAction\":[{\"@type\":\"ReadAction\",\"target\":[\"https:\/\/www.thebamboofamily.com\/es\/politica-de-confidencialidad\/\"]}]},{\"@type\":\"BreadcrumbList\",\"@id\":\"https:\/\/www.thebamboofamily.com\/es\/politica-de-confidencialidad\/#breadcrumb\",\"itemListElement\":[{\"@type\":\"ListItem\",\"position\":1,\"name\":\"Accueil\",\"item\":\"https:\/\/www.thebamboofamily.com\/es\/\"},{\"@type\":\"ListItem\",\"position\":2,\"name\":\"Pol\u00edtica De Confidencialidad\"}]},{\"@type\":\"WebSite\",\"@id\":\"https:\/\/www.thebamboofamily.com\/#website\",\"url\":\"https:\/\/www.thebamboofamily.com\/\",\"name\":\"THE BAMBOO FAMILY\",\"description\":\"\",\"publisher\":{\"@id\":\"https:\/\/www.thebamboofamily.com\/#organization\"},\"potentialAction\":[{\"@type\":\"SearchAction\",\"target\":{\"@type\":\"EntryPoint\",\"urlTemplate\":\"https:\/\/www.thebamboofamily.com\/?s={search_term_string}\"},\"query-input\":\"required name=search_term_string\"}],\"inLanguage\":\"es\"},{\"@type\":\"Organization\",\"@id\":\"https:\/\/www.thebamboofamily.com\/#organization\",\"name\":\"THE BAMBOO FAMILY\",\"url\":\"https:\/\/www.thebamboofamily.com\/\",\"logo\":{\"@type\":\"ImageObject\",\"inLanguage\":\"es\",\"@id\":\"https:\/\/www.thebamboofamily.com\/#\/schema\/logo\/image\/\",\"url\":\"https:\/\/www.thebamboofamily.com\/wp-content\/uploads\/2020\/06\/logo-vert-scaled.jpg\",\"contentUrl\":\"https:\/\/www.thebamboofamily.com\/wp-content\/uploads\/2020\/06\/logo-vert-scaled.jpg\",\"width\":2560,\"height\":1459,\"caption\":\"THE BAMBOO FAMILY\"},\"image\":{\"@id\":\"https:\/\/www.thebamboofamily.com\/#\/schema\/logo\/image\/\"},\"sameAs\":[\"https:\/\/www.facebook.com\/thebamboofamilytbf\",\"https:\/\/www.instagram.com\/the.bamboo.family\/\",\"https:\/\/www.pinterest.fr\/thebamboof\/\",\"https:\/\/www.youtube.com\/channel\/UCkYEQIEzn2AIXg6inQxDa3A\"]}]}<\/script>\n<!-- \/ Yoast SEO plugin. -->","yoast_head_json":{"title":"Pol\u00edtica De Confidencialidad - THE BAMBOO FAMILY","robots":{"index":"index","follow":"follow","max-snippet":"max-snippet:-1","max-image-preview":"max-image-preview:large","max-video-preview":"max-video-preview:-1"},"canonical":"https:\/\/www.thebamboofamily.com\/es\/politica-de-confidencialidad\/","og_locale":"es_ES","og_type":"article","og_title":"Pol\u00edtica De Confidencialidad - THE BAMBOO FAMILY","og_description":"Qui\u00e9nes somos ? La direcci\u00f3n de nuestro sitio web es: https:\/\/www.thebamboofamily.com. Uso de los datos personales recopilados. Comentarios Cuando deja un comentario en nuestro sitio web, los datos ingresados \u200b\u200ben el formulario de comentarios, pero tambi\u00e9n su direcci\u00f3n IP y el agente de usuario de su navegador se recopilan para ayudarnos a detectar comentarios no [...]","og_url":"https:\/\/www.thebamboofamily.com\/es\/politica-de-confidencialidad\/","og_site_name":"THE BAMBOO FAMILY","article_publisher":"https:\/\/www.facebook.com\/thebamboofamilytbf","article_modified_time":"2020-06-11T09:28:40+00:00","twitter_card":"summary_large_image","twitter_misc":{"Tiempo de lectura":"4 minutos"},"schema":{"@context":"https:\/\/schema.org","@graph":[{"@type":"WebPage","@id":"https:\/\/www.thebamboofamily.com\/es\/politica-de-confidencialidad\/","url":"https:\/\/www.thebamboofamily.com\/es\/politica-de-confidencialidad\/","name":"Pol\u00edtica De Confidencialidad - THE BAMBOO FAMILY","isPartOf":{"@id":"https:\/\/www.thebamboofamily.com\/#website"},"datePublished":"2020-06-10T21:06:31+00:00","dateModified":"2020-06-11T09:28:40+00:00","breadcrumb":{"@id":"https:\/\/www.thebamboofamily.com\/es\/politica-de-confidencialidad\/#breadcrumb"},"inLanguage":"es","potentialAction":[{"@type":"ReadAction","target":["https:\/\/www.thebamboofamily.com\/es\/politica-de-confidencialidad\/"]}]},{"@type":"BreadcrumbList","@id":"https:\/\/www.thebamboofamily.com\/es\/politica-de-confidencialidad\/#breadcrumb","itemListElement":[{"@type":"ListItem","position":1,"name":"Accueil","item":"https:\/\/www.thebamboofamily.com\/es\/"},{"@type":"ListItem","position":2,"name":"Pol\u00edtica De Confidencialidad"}]},{"@type":"WebSite","@id":"https:\/\/www.thebamboofamily.com\/#website","url":"https:\/\/www.thebamboofamily.com\/","name":"THE BAMBOO FAMILY","description":"","publisher":{"@id":"https:\/\/www.thebamboofamily.com\/#organization"},"potentialAction":[{"@type":"SearchAction","target":{"@type":"EntryPoint","urlTemplate":"https:\/\/www.thebamboofamily.com\/?s={search_term_string}"},"query-input":"required name=search_term_string"}],"inLanguage":"es"},{"@type":"Organization","@id":"https:\/\/www.thebamboofamily.com\/#organization","name":"THE BAMBOO FAMILY","url":"https:\/\/www.thebamboofamily.com\/","logo":{"@type":"ImageObject","inLanguage":"es","@id":"https:\/\/www.thebamboofamily.com\/#\/schema\/logo\/image\/","url":"https:\/\/www.thebamboofamily.com\/wp-content\/uploads\/2020\/06\/logo-vert-scaled.jpg","contentUrl":"https:\/\/www.thebamboofamily.com\/wp-content\/uploads\/2020\/06\/logo-vert-scaled.jpg","width":2560,"height":1459,"caption":"THE BAMBOO FAMILY"},"image":{"@id":"https:\/\/www.thebamboofamily.com\/#\/schema\/logo\/image\/"},"sameAs":["https:\/\/www.facebook.com\/thebamboofamilytbf","https:\/\/www.instagram.com\/the.bamboo.family\/","https:\/\/www.pinterest.fr\/thebamboof\/","https:\/\/www.youtube.com\/channel\/UCkYEQIEzn2AIXg6inQxDa3A"]}]}},"_links":{"self":[{"href":"https:\/\/www.thebamboofamily.com\/es\/wp-json\/wp\/v2\/pages\/1034"}],"collection":[{"href":"https:\/\/www.thebamboofamily.com\/es\/wp-json\/wp\/v2\/pages"}],"about":[{"href":"https:\/\/www.thebamboofamily.com\/es\/wp-json\/wp\/v2\/types\/page"}],"author":[{"embeddable":true,"href":"https:\/\/www.thebamboofamily.com\/es\/wp-json\/wp\/v2\/users\/1"}],"replies":[{"embeddable":true,"href":"https:\/\/www.thebamboofamily.com\/es\/wp-json\/wp\/v2\/comments?post=1034"}],"version-history":[{"count":11,"href":"https:\/\/www.thebamboofamily.com\/es\/wp-json\/wp\/v2\/pages\/1034\/revisions"}],"predecessor-version":[{"id":1246,"href":"https:\/\/www.thebamboofamily.com\/es\/wp-json\/wp\/v2\/pages\/1034\/revisions\/1246"}],"wp:attachment":[{"href":"https:\/\/www.thebamboofamily.com\/es\/wp-json\/wp\/v2\/media?parent=1034"}],"curies":[{"name":"wp","href":"https:\/\/api.w.org\/{rel}","templated":true}]}}