{"id":1011,"date":"2020-06-10T22:30:31","date_gmt":"2020-06-10T20:30:31","guid":{"rendered":"https:\/\/www.thebamboofamily.com\/notas-legales\/"},"modified":"2021-01-11T10:08:09","modified_gmt":"2021-01-11T09:08:09","slug":"notas-legales","status":"publish","type":"page","link":"https:\/\/www.thebamboofamily.com\/es\/notas-legales\/","title":{"rendered":"Notas legales"},"content":{"rendered":"\n  <div id=\"page-header-608500503\" class=\"page-header-wrapper\">\n  <div class=\"page-title dark featured-title\">\n\n    \n    <div class=\"page-title-inner container align-center text-center flex-row-col medium-flex-wrap\" >\n              <div class=\"title-wrapper uppercase flex-col\">\n          <h1 class=\"entry-title mb-0\">\n            Notas legales          <\/h1>\n        <\/div>\n                    <div class=\"title-content flex-col\">\n              <\/div>\n    <\/div>\n\n       <\/div>\n    <\/div>\n  \n\n\t<div id=\"gap-1163093231\" class=\"gap-element clearfix\" style=\"display:block; height:auto;\">\n\t\t\n<style>\n#gap-1163093231 {\n  padding-top: 30px;\n}\n<\/style>\n\t<\/div>\n\t\n\n<h3>EDITOR<\/h3>\n<p><span style=\"color: #000000;\">El sitio <a href=\"https:\/\/www.thebamboofamily.com\">thebamboofamily.com<\/a> es publicado por la empresa Auto-emprendedor HOLDING FRANCE.<\/span><\/p>\n<p>HOLDING FRANCE<br \/><span style=\"color: #000000;\">31 rue Gerhard\u00a0<br \/>92800 Puteaux<br \/>Siret Numero : 811 190 560 00029 \u00a0<br \/>mail: <a href=\"mailto:contact@thebamboofamily.com\">contact@thebamboofamily.com<\/a><br \/><\/span><span style=\"color: #000000;\">El director de publicaci\u00f3n del sitio es Pinhas Zini.<\/span><\/p>\n<h3>ANFITRI\u00d3N<\/h3>\n<p><span style=\"color: #000000;\">OVH <br \/>2 rue kellerman <br \/>BP 80157 <br \/>59053 ROUBAIX CEDEX 1<br \/>mail :<\/span> <a href=\"mailto:support@ovh.com\">support@ovh.com<\/a><br \/><span style=\"color: #000000;\">tel\u00e9fono: 0 899 701 761<\/span><\/p>\n<h3>TI Y LIBERTAD<\/h3>\n<p><span style=\"color: #000000;\">El sitio <a href=\"https:\/\/www.thebamboofamily.com\">thebamboofamily.com<\/a> recopila e implementa el procesamiento automatizado de datos personales para fines<\/span><span style=\"color: #000000;\">gesti\u00f3n de la relaci\u00f3n comercial, prospecci\u00f3n comercial, seguimiento de pedidos, informaci\u00f3n legal o <\/span> <span style=\"color: #000000;\">marketing y m\u00e1s generalmente para intereses leg\u00edtimos. Estos datos son utilizados por el sitio <a href=\"https:\/\/www.thebamboofamily.com\">thebamboofamily.com<\/a>.<\/span><\/p>\n<p><span style=\"color: #000000;\">Los datos personales se conservar\u00e1n mientras dure la relaci\u00f3n comercial o, si es necesario, durante el tiempo necesario para el logro de los fines. El sitio <a href=\"https:\/\/www.thebamboofamily.com\">thebamboofamily.com<\/a>\u00a0se compromete a implementar las medidas t\u00e9cnicas y organizativas para garantizar la confidencialidad y seguridad de los datos recopilados.<\/span><\/p>\n<p><span style=\"color: #000000;\">De conformidad con los reglamentos de la Ley N \u00b0 78-17 del 6 de enero de 1978, el interesado tiene derecho a la informaci\u00f3n, acceso, rectificaci\u00f3n, oposici\u00f3n y eliminaci\u00f3n de los datos que le conciernen mediante el env\u00edo <\/span><br \/><span style=\"color: #000000;\">un correo electr\u00f3nico a la siguiente direcci\u00f3n: <a href=\"mailto:contact@thebamboofamily.com\">contact@thebamboofamily.com<\/a> acompa\u00f1ado de una copia de un documento de identidad.<\/span><\/p>\n<h3>USO DE COOKIES<\/h3>\n<p><span style=\"color: #000000;\">Sitio web<\/span> <span style=\"color: #000000;\"><a href=\"https:\/\/www.thebamboofamily.com\">thebamboofamily.com<\/a><\/span>\u00a0<span style=\"color: #000000;\">utilise des cookies de mesure d\u2019audience qui sont utilis\u00e9s pour \u00e9tablir des statistiques et des volumes de fr\u00e9quentation et d&#8217;utilisation des divers \u00e9l\u00e9ments composant nos services. El sitio web tambi\u00e9n utiliza cookies de redes sociales que nos permiten compartir informaci\u00f3n en redes sociales.<\/span><\/p>\n<p><span style=\"color: #000000;\">Cookies que<\/span> <span style=\"color: #000000;\"><a href=\"https:\/\/www.thebamboofamily.com\">thebamboofamily.com<\/a><\/span>\u00a0<span style=\"color: #000000;\">los problemas en el sitio tambi\u00e9n nos permiten compartir informaci\u00f3n con anunciantes en otros sitios web para proporcionarle publicidad relevante y espec\u00edfica con sus intereses. Como tal, utilizamos cookies publicitarias. Los datos recopilados son guardados por<\/span> <span style=\"color: #000000;\"><a href=\"https:\/\/www.thebamboofamily.com\">thebamboofamily.com<\/a><\/span><span style=\"color: #000000;\"> y no se transmiten a terceros ni se utilizan para otros fines.<\/span><\/p>\n<p><span style=\"color: #000000;\">De conformidad con la Directiva 2002\/58 \/ CE del 12 de julio de 2002,<\/span> <span style=\"color: #000000;\"><a href=\"https:\/\/www.thebamboofamily.com\">thebamboofamily.com<\/a><\/span>\u00a0<span style=\"color: #000000;\">recoge su consentimiento previo para el dep\u00f3sito de cookies publicitarias, medici\u00f3n de audiencia y uso compartido en redes sociales.<\/span><\/p>\n<p><span style=\"color: #000000;\">Puede elegir en cualquier momento expresar y modificar sus deseos en t\u00e9rminos de cookies, modificando los par\u00e1metros de su navegador o eliminando las cookies ya guardadas. Para m\u00e1s informaci\u00f3n sobre la denegaci\u00f3n y eliminaci\u00f3n de estos\u00ab\u00a0Cookies\u00a0\u00bb o para recibir una notificaci\u00f3n de su recepci\u00f3n mediante un mensaje, consulte la secci\u00f3n de ayuda de su navegador de Internet. Tambi\u00e9n puede consultar el sitio web de CNIL para obtener m\u00e1s informaci\u00f3n sobre las cookies.<\/span><\/p>\n<h3><span style=\"color: #000000;\" data-text-color=\"primary\">ENLACES DE HIPERTEXTO<\/span><\/h3>\n<p><span style=\"color: #000000;\">El sitio<\/span> <span style=\"color: #000000;\"><a href=\"https:\/\/www.thebamboofamily.com\">thebamboofamily.com<\/a><\/span> <span style=\"color: #000000;\">contiene enlaces a otros sitios web. El sitio<\/span> <span style=\"color: #000000;\"><a href=\"https:\/\/www.thebamboofamily.com\">thebamboofamily.com<\/a><\/span>\u00a0<span style=\"color: #000000;\">ofrece estos enlaces para facilitar su b\u00fasqueda y dirigirlo a sitios que probablemente le brinden informaci\u00f3n adicional. Sin embargo, \u00a0Los sitios de Internet evolucionan r\u00e1pidamente, no podemos garantizar o garantizar la calidad permanente del contenido de estos sitios, estos enlaces generados hacia otros sitios se comunican solo como una indicaci\u00f3n y no pueden asumir la responsabilidad de<\/span> <span style=\"color: #000000;\"><a href=\"https:\/\/www.thebamboofamily.com\">thebamboofamily.com<\/a><\/span><span style=\"color: #000000;\">, tanto por su contenido como por sus condiciones de acceso.<\/span><\/p>\n<h3>PROPIEDAD INTELECTUAL<\/h3>\n<p><span style=\"color: #000000;\">El sitio<\/span> <span style=\"color: #000000;\"><a href=\"https:\/\/www.thebamboofamily.com\">thebamboofamily.com<\/a><\/span>\u00a0<span style=\"color: #000000;\">est\u00e1 cubierto por la ley de propiedad intelectual y, en particular, por los art\u00edculos L.112-2 y siguientes y L.341-1 del c\u00f3digo de propiedad intelectual.<\/span><\/p>\n<p><span style=\"color: #000000;\">Este sitio web es operado por<\/span> <span style=\"color: #000000;\"><a href=\"https:\/\/www.thebamboofamily.com\">thebamboofamily.com<\/a><\/span><span style=\"color: #000000;\">. Todo el contenido de este sitio es propiedad exclusiva de<\/span> <span style=\"color: #000000;\"><a href=\"https:\/\/www.thebamboofamily.com\">thebamboofamily.com<\/a><\/span><span style=\"color: #000000;\">. Los logotipos, marcas, fotograf\u00edas, textos, lemas, im\u00e1genes, secuencias animadas con o sin sonido, as\u00ed como cualquier trabajo integrado en el sitio son propiedad de<\/span> <span style=\"color: #000000;\"><a href=\"https:\/\/www.thebamboofamily.com\">thebamboofamily.com<\/a><\/span>.<\/p>\n<p><span style=\"color: #000000;\">Cualquier reproducci\u00f3n, representaci\u00f3n, uso, puesta a disposici\u00f3n o modificaci\u00f3n, por cualquier proceso, de todo o parte del sitio o de todos o parte de los diversos documentos que contienen derechos de propiedad literaria y art\u00edstica, sin haber obtenido autorizaci\u00f3n previa. de<\/span> <span style=\"color: #000000;\"><a href=\"https:\/\/www.thebamboofamily.com\">thebamboofamily.com<\/a><\/span><span style=\"color: #000000;\">, est\u00e1 estrictamente prohibido y constituye un delito de falsificaci\u00f3n (art\u00edculo L.335-2 y siguientes del c\u00f3digo de propiedad intelectual).<\/span><\/p>\n<h3>LEY APLICABLE<\/h3>\n<p><span style=\"color: #000000;\">Se entiende expresamente que cualquier litigio relacionado con el uso del Sitio estar\u00e1 sujeto a la ley francesa y las jurisdicciones francesas.<\/span><\/p>\n<p><span style=\"color: #000000;\">En caso de disputa, el Cliente acepta ponerse en contacto con prioridad.<a href=\"https:\/\/www.thebamboofamily.com\">thebamboofamily.com<\/a><\/span>\u00a0<span style=\"color: #000000;\">para tratar de resolver amigablemente cualquier disputa que pueda surgir entre las partes.<\/span><\/p>\n<p><span style=\"color: #000000;\">En ausencia de conciliaci\u00f3n, los tribunales franceses tendr\u00e1n jurisdicci\u00f3n exclusiva.<\/span><\/p>\n\n","protected":false},"excerpt":{"rendered":"","protected":false},"author":1,"featured_media":0,"parent":0,"menu_order":0,"comment_status":"closed","ping_status":"closed","template":"","meta":[],"yoast_head":"<!-- This site is optimized with the Yoast SEO plugin v20.8 - https:\/\/yoast.com\/wordpress\/plugins\/seo\/ -->\n<title>Notas legales - THE BAMBOO FAMILY<\/title>\n<meta name=\"robots\" content=\"index, follow, max-snippet:-1, max-image-preview:large, max-video-preview:-1\" \/>\n<link rel=\"canonical\" href=\"https:\/\/www.thebamboofamily.com\/es\/notas-legales\/\" \/>\n<meta property=\"og:locale\" content=\"es_ES\" \/>\n<meta property=\"og:type\" content=\"article\" \/>\n<meta property=\"og:title\" content=\"Notas legales - THE BAMBOO FAMILY\" \/>\n<meta property=\"og:url\" content=\"https:\/\/www.thebamboofamily.com\/es\/notas-legales\/\" \/>\n<meta property=\"og:site_name\" content=\"THE BAMBOO FAMILY\" \/>\n<meta property=\"article:publisher\" content=\"https:\/\/www.facebook.com\/thebamboofamilytbf\" \/>\n<meta property=\"article:modified_time\" content=\"2021-01-11T09:08:09+00:00\" \/>\n<meta name=\"twitter:card\" content=\"summary_large_image\" \/>\n<meta name=\"twitter:label1\" content=\"Tiempo de lectura\" \/>\n\t<meta name=\"twitter:data1\" content=\"4 minutos\" \/>\n<script type=\"application\/ld+json\" class=\"yoast-schema-graph\">{\"@context\":\"https:\/\/schema.org\",\"@graph\":[{\"@type\":\"WebPage\",\"@id\":\"https:\/\/www.thebamboofamily.com\/es\/notas-legales\/\",\"url\":\"https:\/\/www.thebamboofamily.com\/es\/notas-legales\/\",\"name\":\"Notas legales - THE BAMBOO FAMILY\",\"isPartOf\":{\"@id\":\"https:\/\/www.thebamboofamily.com\/#website\"},\"datePublished\":\"2020-06-10T20:30:31+00:00\",\"dateModified\":\"2021-01-11T09:08:09+00:00\",\"breadcrumb\":{\"@id\":\"https:\/\/www.thebamboofamily.com\/es\/notas-legales\/#breadcrumb\"},\"inLanguage\":\"es\",\"potentialAction\":[{\"@type\":\"ReadAction\",\"target\":[\"https:\/\/www.thebamboofamily.com\/es\/notas-legales\/\"]}]},{\"@type\":\"BreadcrumbList\",\"@id\":\"https:\/\/www.thebamboofamily.com\/es\/notas-legales\/#breadcrumb\",\"itemListElement\":[{\"@type\":\"ListItem\",\"position\":1,\"name\":\"Accueil\",\"item\":\"https:\/\/www.thebamboofamily.com\/es\/\"},{\"@type\":\"ListItem\",\"position\":2,\"name\":\"Notas legales\"}]},{\"@type\":\"WebSite\",\"@id\":\"https:\/\/www.thebamboofamily.com\/#website\",\"url\":\"https:\/\/www.thebamboofamily.com\/\",\"name\":\"THE BAMBOO FAMILY\",\"description\":\"\",\"publisher\":{\"@id\":\"https:\/\/www.thebamboofamily.com\/#organization\"},\"potentialAction\":[{\"@type\":\"SearchAction\",\"target\":{\"@type\":\"EntryPoint\",\"urlTemplate\":\"https:\/\/www.thebamboofamily.com\/?s={search_term_string}\"},\"query-input\":\"required name=search_term_string\"}],\"inLanguage\":\"es\"},{\"@type\":\"Organization\",\"@id\":\"https:\/\/www.thebamboofamily.com\/#organization\",\"name\":\"THE BAMBOO FAMILY\",\"url\":\"https:\/\/www.thebamboofamily.com\/\",\"logo\":{\"@type\":\"ImageObject\",\"inLanguage\":\"es\",\"@id\":\"https:\/\/www.thebamboofamily.com\/#\/schema\/logo\/image\/\",\"url\":\"https:\/\/www.thebamboofamily.com\/wp-content\/uploads\/2020\/06\/logo-vert-scaled.jpg\",\"contentUrl\":\"https:\/\/www.thebamboofamily.com\/wp-content\/uploads\/2020\/06\/logo-vert-scaled.jpg\",\"width\":2560,\"height\":1459,\"caption\":\"THE BAMBOO FAMILY\"},\"image\":{\"@id\":\"https:\/\/www.thebamboofamily.com\/#\/schema\/logo\/image\/\"},\"sameAs\":[\"https:\/\/www.facebook.com\/thebamboofamilytbf\",\"https:\/\/www.instagram.com\/the.bamboo.family\/\",\"https:\/\/www.pinterest.fr\/thebamboof\/\",\"https:\/\/www.youtube.com\/channel\/UCkYEQIEzn2AIXg6inQxDa3A\"]}]}<\/script>\n<!-- \/ Yoast SEO plugin. -->","yoast_head_json":{"title":"Notas legales - THE BAMBOO FAMILY","robots":{"index":"index","follow":"follow","max-snippet":"max-snippet:-1","max-image-preview":"max-image-preview:large","max-video-preview":"max-video-preview:-1"},"canonical":"https:\/\/www.thebamboofamily.com\/es\/notas-legales\/","og_locale":"es_ES","og_type":"article","og_title":"Notas legales - THE BAMBOO FAMILY","og_url":"https:\/\/www.thebamboofamily.com\/es\/notas-legales\/","og_site_name":"THE BAMBOO FAMILY","article_publisher":"https:\/\/www.facebook.com\/thebamboofamilytbf","article_modified_time":"2021-01-11T09:08:09+00:00","twitter_card":"summary_large_image","twitter_misc":{"Tiempo de lectura":"4 minutos"},"schema":{"@context":"https:\/\/schema.org","@graph":[{"@type":"WebPage","@id":"https:\/\/www.thebamboofamily.com\/es\/notas-legales\/","url":"https:\/\/www.thebamboofamily.com\/es\/notas-legales\/","name":"Notas legales - THE BAMBOO FAMILY","isPartOf":{"@id":"https:\/\/www.thebamboofamily.com\/#website"},"datePublished":"2020-06-10T20:30:31+00:00","dateModified":"2021-01-11T09:08:09+00:00","breadcrumb":{"@id":"https:\/\/www.thebamboofamily.com\/es\/notas-legales\/#breadcrumb"},"inLanguage":"es","potentialAction":[{"@type":"ReadAction","target":["https:\/\/www.thebamboofamily.com\/es\/notas-legales\/"]}]},{"@type":"BreadcrumbList","@id":"https:\/\/www.thebamboofamily.com\/es\/notas-legales\/#breadcrumb","itemListElement":[{"@type":"ListItem","position":1,"name":"Accueil","item":"https:\/\/www.thebamboofamily.com\/es\/"},{"@type":"ListItem","position":2,"name":"Notas legales"}]},{"@type":"WebSite","@id":"https:\/\/www.thebamboofamily.com\/#website","url":"https:\/\/www.thebamboofamily.com\/","name":"THE BAMBOO FAMILY","description":"","publisher":{"@id":"https:\/\/www.thebamboofamily.com\/#organization"},"potentialAction":[{"@type":"SearchAction","target":{"@type":"EntryPoint","urlTemplate":"https:\/\/www.thebamboofamily.com\/?s={search_term_string}"},"query-input":"required name=search_term_string"}],"inLanguage":"es"},{"@type":"Organization","@id":"https:\/\/www.thebamboofamily.com\/#organization","name":"THE BAMBOO FAMILY","url":"https:\/\/www.thebamboofamily.com\/","logo":{"@type":"ImageObject","inLanguage":"es","@id":"https:\/\/www.thebamboofamily.com\/#\/schema\/logo\/image\/","url":"https:\/\/www.thebamboofamily.com\/wp-content\/uploads\/2020\/06\/logo-vert-scaled.jpg","contentUrl":"https:\/\/www.thebamboofamily.com\/wp-content\/uploads\/2020\/06\/logo-vert-scaled.jpg","width":2560,"height":1459,"caption":"THE BAMBOO FAMILY"},"image":{"@id":"https:\/\/www.thebamboofamily.com\/#\/schema\/logo\/image\/"},"sameAs":["https:\/\/www.facebook.com\/thebamboofamilytbf","https:\/\/www.instagram.com\/the.bamboo.family\/","https:\/\/www.pinterest.fr\/thebamboof\/","https:\/\/www.youtube.com\/channel\/UCkYEQIEzn2AIXg6inQxDa3A"]}]}},"_links":{"self":[{"href":"https:\/\/www.thebamboofamily.com\/es\/wp-json\/wp\/v2\/pages\/1011"}],"collection":[{"href":"https:\/\/www.thebamboofamily.com\/es\/wp-json\/wp\/v2\/pages"}],"about":[{"href":"https:\/\/www.thebamboofamily.com\/es\/wp-json\/wp\/v2\/types\/page"}],"author":[{"embeddable":true,"href":"https:\/\/www.thebamboofamily.com\/es\/wp-json\/wp\/v2\/users\/1"}],"replies":[{"embeddable":true,"href":"https:\/\/www.thebamboofamily.com\/es\/wp-json\/wp\/v2\/comments?post=1011"}],"version-history":[{"count":21,"href":"https:\/\/www.thebamboofamily.com\/es\/wp-json\/wp\/v2\/pages\/1011\/revisions"}],"predecessor-version":[{"id":1885,"href":"https:\/\/www.thebamboofamily.com\/es\/wp-json\/wp\/v2\/pages\/1011\/revisions\/1885"}],"wp:attachment":[{"href":"https:\/\/www.thebamboofamily.com\/es\/wp-json\/wp\/v2\/media?parent=1011"}],"curies":[{"name":"wp","href":"https:\/\/api.w.org\/{rel}","templated":true}]}}