{"id":620,"date":"2020-06-05T15:20:36","date_gmt":"2020-06-05T13:20:36","guid":{"rendered":"https:\/\/www.thebamboofamily.com\/haeufig-gestellte-fragen\/"},"modified":"2020-06-11T11:18:44","modified_gmt":"2020-06-11T09:18:44","slug":"haeufig-gestellte-fragen","status":"publish","type":"page","link":"https:\/\/www.thebamboofamily.com\/de\/haeufig-gestellte-fragen\/","title":{"rendered":"H\u00e4ufig Gestellte Fragen"},"content":{"rendered":"\n  <div id=\"page-header-1869630950\" class=\"page-header-wrapper\">\n  <div class=\"page-title dark featured-title\">\n\n    \n    <div class=\"page-title-inner container align-center text-center flex-row-col medium-flex-wrap\" >\n              <div class=\"title-wrapper uppercase flex-col\">\n          <h1 class=\"entry-title mb-0\">\n            H\u00e4ufig gestellte Fragen          <\/h1>\n        <\/div>\n                    <div class=\"title-content flex-col\">\n              <\/div>\n    <\/div>\n\n       <\/div>\n    <\/div>\n  \n\n\t<div id=\"gap-1290672311\" class=\"gap-element clearfix\" style=\"display:block; height:auto;\">\n\t\t\n<style>\n#gap-1290672311 {\n  padding-top: 30px;\n}\n<\/style>\n\t<\/div>\n\t\n\n\n\n<p><\/p>\n\n<p><\/p>\n<p>Die Antworten auf die am h\u00e4ufigsten gestellten Fragen finden Sie unten:<\/p>\n\n<div class=\"accordion\">\n\n\t<div id=\"accordion-261638902\" class=\"accordion-item\">\n\t\t<a id=\"accordion-261638902-label\" class=\"accordion-title plain\" href=\"#accordion-item-mit_welchen_lebensmitteln_kann_ich_meine_quetschies_wiederverwendbar_the_bamboo_family_f\u00fcllen?\" aria-expanded=\"false\" aria-controls=\"accordion-261638902-content\" >\n\t\t\t<button class=\"toggle\" aria-label=\"Umschalten\"><i class=\"icon-angle-down\"><\/i><\/button>\n\t\t\t<span>Mit welchen Lebensmitteln kann ich meine quetschies wiederverwendbar The Bamboo Family f\u00fcllen?<\/span>\n\t\t<\/a>\n\t\t<div id=\"accordion-261638902-content\" class=\"accordion-inner\" aria-labelledby=\"accordion-261638902-label\" >\n\t\t\t\n\n<ul>\n<li>Sie k\u00f6nnen Ihre quetschies wiederverwendbar mit Fruchtp\u00fcrees, Gem\u00fcsep\u00fcrees, Apfelsauce, Smoothies, Joghurt zu trinken oder jede hausgemachte Zubereitung f\u00fcllen&#8230;<\/li>\n<\/ul>\n\n\t\t<\/div>\n\t<\/div>\n\t\n\t<div id=\"accordion-3707874741\" class=\"accordion-item\">\n\t\t<a id=\"accordion-3707874741-label\" class=\"accordion-title plain\" href=\"#accordion-item-wo_kann_ich_meine_the_bamboo_family_quetschies_wiederverwendbar_verwenden?\" aria-expanded=\"false\" aria-controls=\"accordion-3707874741-content\" >\n\t\t\t<button class=\"toggle\" aria-label=\"Umschalten\"><i class=\"icon-angle-down\"><\/i><\/button>\n\t\t\t<span>Wo kann ich meine The Bamboo Family quetschies wiederverwendbar verwenden?<\/span>\n\t\t<\/a>\n\t\t<div id=\"accordion-3707874741-content\" class=\"accordion-inner\" aria-labelledby=\"accordion-3707874741-label\" >\n\t\t\t\n\n<ul>\n<li>Sie k\u00f6nnen The Bamboo Family quetschies wiederverwendbar \u00fcberall hin mitnehmen: sport, schule, strand, arbeiten, parken, auto, picknick&#8230;<\/li>\n<\/ul>\n\n\t\t<\/div>\n\t<\/div>\n\t\n\t<div id=\"accordion-2691385006\" class=\"accordion-item\">\n\t\t<a id=\"accordion-2691385006-label\" class=\"accordion-title plain\" href=\"#accordion-item-wie_f\u00fclle_ich_meine_quetschies_wiederverwendbar_the_bamboo_family_aus?\" aria-expanded=\"false\" aria-controls=\"accordion-2691385006-content\" >\n\t\t\t<button class=\"toggle\" aria-label=\"Umschalten\"><i class=\"icon-angle-down\"><\/i><\/button>\n\t\t\t<span>Wie f\u00fclle ich meine quetschies wiederverwendbar The Bamboo Family aus?<\/span>\n\t\t<\/a>\n\t\t<div id=\"accordion-2691385006-content\" class=\"accordion-inner\" aria-labelledby=\"accordion-2691385006-label\" >\n\t\t\t\n\n<ul>\n<li>Wir empfehlen Ihnen, Ihren Vornamen, Ihr Flaschendatum und Ihren Inhalt vor dem Ausf\u00fcllen Ihrer quetschies wiederverwendbar.<\/li>\n<li>Schlie\u00dfen Sie die quetschies wiederverwendbar mit dem mitgelieferten Kappe.<\/li>\n<li>\u00d6ffnen Sie den &#8222;DOUBLE ZIP&#8220;-Verschluss Ihrer quetschies wiederverwendbar.<\/li>\n<li>Erweitern Sie den Boden der quetschies wiederverwendbar auf das Maximum mit der Hand.<\/li>\n<li>Positionieren Sie dann die quetschies wiederverwendbar auf einem Tisch, um zu stehen, mit der Kappe auf der rechten Seite.<\/li>\n<li>Legen Sie den Trichter in die Mitte des \u00d6ffnens der quetschies wiederverwendbar und zip die Enden, um zu verhindern, dass sich der Trichter bewegt.<\/li>\n<li>Gie\u00dfen Sie Ihr Lieblingsessen in den Trichter.<\/li>\n<li>Achten Sie darauf, die Abf\u00fclllinie (150 ml) nicht zu \u00fcberschreiten, um ein \u00dcberlaufen beim Schlie\u00dfen der quetschies wiederverwendbar zu vermeiden.<\/li>\n<li>Entfernen Sie den Trichter und schlie\u00dfen Sie dann den &#8222;DOUBLE ZIP&#8220;, indem Sie die Finger entlang der gesamten L\u00e4nge des Rei\u00dfverschlusses dr\u00fccken, bis Sie schlie\u00dfende Klicks h\u00f6ren.<\/li>\n<li>Schlie\u00dflich kneifen Sie den Rei\u00dfverschluss ohne AENTMENT MIT Daumen und Zeigefinger \u00fcber die gesamte L\u00e4nge des Rei\u00dfverschlusses, um sicherzustellen, dass der Rei\u00dfverschluss fest geschlossen ist. Wenn Sie keine schlie\u00dfenden Klicks mehr h\u00f6ren, wird das &#8222;DOUBLE ZIP&#8220; ordnungsgem\u00e4\u00df geschlossen.<\/li>\n<li>Gut zu wissen: The Bamboo Family ist auch mit allen Tankstellen kompatibel.<\/li>\n<\/ul>\n\n\t\t<\/div>\n\t<\/div>\n\t\n\t<div id=\"accordion-3468843401\" class=\"accordion-item\">\n\t\t<a id=\"accordion-3468843401-label\" class=\"accordion-title plain\" href=\"#accordion-item-wie_reinige_ich_meine_the_bamboo_family_quetschies_wiederverwendbar?\" aria-expanded=\"false\" aria-controls=\"accordion-3468843401-content\" >\n\t\t\t<button class=\"toggle\" aria-label=\"Umschalten\"><i class=\"icon-angle-down\"><\/i><\/button>\n\t\t\t<span>Wie reinige ich meine The Bamboo Family quetschies wiederverwendbar?<\/span>\n\t\t<\/a>\n\t\t<div id=\"accordion-3468843401-content\" class=\"accordion-inner\" aria-labelledby=\"accordion-3468843401-label\" >\n\t\t\t\n\n<ul>\n<li>Die The Bamboo Family quetschies wiederverwendbar w\u00e4rst von Hand mit hei\u00dfem Seifenwasser<\/li>\n<li>Der Flaschenb\u00fcrste erm\u00f6glicht es Ihnen, den Schnabel der quetschies wiederverwendbar effizient zu waschen.<\/li>\n<li>Die Transparenz der R\u00fcckseite der quetschies wiederverwendbar wird Ihnen helfen, die Orte besser zu finden, um zu reinigen.<\/li>\n<li>Die quetschies wiederverwendbar ist mit abgerundeten Winkeln ausgelegt, um zu verhindern, dass Lebensmittel in den Ecken bleiben.<\/li>\n<li>Die quetschies wiederverwendbar w\u00e4rt auch in der Sp\u00fclmaschine im oberen Korb, nachdem sie vorher gesp\u00fclt hat.<\/li>\n<li>Wir empfehlen Das H\u00e4ndewaschen, um die Lebensdauer Ihrer quetschies wiederverwendbar zu verl\u00e4ngern.<\/li>\n<li>Die quetschies wiederverwendbar ist so konzipiert, dass sie aufrecht steht, so dass Sie sie auf dem Kopf trocknen lassen k\u00f6nnen.<\/li>\n<\/ul>\n\n\t\t<\/div>\n\t<\/div>\n\t\n\t<div id=\"accordion-916282623\" class=\"accordion-item\">\n\t\t<a id=\"accordion-916282623-label\" class=\"accordion-title plain\" href=\"#accordion-item-muss_ich_meine_the_bamboo_family_quetschies_wiederverwendbar_vor_dem_ersten_gebrauch_reinigen?\" aria-expanded=\"false\" aria-controls=\"accordion-916282623-content\" >\n\t\t\t<button class=\"toggle\" aria-label=\"Umschalten\"><i class=\"icon-angle-down\"><\/i><\/button>\n\t\t\t<span>Muss ich meine The Bamboo Family quetschies wiederverwendbar vor dem ersten Gebrauch reinigen?<\/span>\n\t\t<\/a>\n\t\t<div id=\"accordion-916282623-content\" class=\"accordion-inner\" aria-labelledby=\"accordion-916282623-label\" >\n\t\t\t\n\n<ul>\n<li>Wir empfehlen, die quetschies wiederverwendbar vor dem ersten Gebrauch in hei\u00dfem Seifenwasser zu waschen oder in der Sp\u00fclmaschine zu waschen.<\/li>\n<\/ul>\n\n\t\t<\/div>\n\t<\/div>\n\t\n\t<div id=\"accordion-2814856450\" class=\"accordion-item\">\n\t\t<a id=\"accordion-2814856450-label\" class=\"accordion-title plain\" href=\"#accordion-item-sind_die_bamboo_family_quetschies_wiederverwendbar_gesund?\" aria-expanded=\"false\" aria-controls=\"accordion-2814856450-content\" >\n\t\t\t<button class=\"toggle\" aria-label=\"Umschalten\"><i class=\"icon-angle-down\"><\/i><\/button>\n\t\t\t<span>Sind die Bamboo Family quetschies wiederverwendbar gesund?<\/span>\n\t\t<\/a>\n\t\t<div id=\"accordion-2814856450-content\" class=\"accordion-inner\" aria-labelledby=\"accordion-2814856450-label\" >\n\t\t\t\n\n<ul>\n<li>Ja nat\u00fcrlich!<\/li>\n<li>Die The Bamboo Family quetschies wiederverwendbar sind sicher f\u00fcr Ihre Familie und die Umwelt.<\/li>\n<li>Unsere quetschies wiederverwendbar sind ohne BPA, Phthalate und PVC garantiert.<\/li>\n<\/ul>\n\n\t\t<\/div>\n\t<\/div>\n\t\n\t<div id=\"accordion-502654996\" class=\"accordion-item\">\n\t\t<a id=\"accordion-502654996-label\" class=\"accordion-title plain\" href=\"#accordion-item-kann_eine_quetschies_wiederverwendbar_the_bamboo_family_ohne_leckage_transportiert_werden?\" aria-expanded=\"false\" aria-controls=\"accordion-502654996-content\" >\n\t\t\t<button class=\"toggle\" aria-label=\"Umschalten\"><i class=\"icon-angle-down\"><\/i><\/button>\n\t\t\t<span>Kann eine quetschies wiederverwendbar The Bamboo Family ohne Leckage transportiert werden?<\/span>\n\t\t<\/a>\n\t\t<div id=\"accordion-502654996-content\" class=\"accordion-inner\" aria-labelledby=\"accordion-502654996-label\" >\n\t\t\t\n\n<ul>\n<li>Ja nat\u00fcrlich!<\/li>\n<li>Die The Bamboo Family quetschies wiederverwendbar sind speziell mit einem &#8222;DOUBLE ZIP&#8220;-Verschluss konstruiert, der eine maximale Abdichtung gew\u00e4hrleistet.<\/li>\n<li>Um eine optimale Abdichtung zu erzielen, stellen Sie sicher, dass Sie den Verschluss &#8222;DOUBLE ZIP&#8220; schlie\u00dfen, indem Sie die oben beschriebenen F\u00fcllanweisungen befolgen.<\/li>\n<li>Die quetschies wiederverwendbar \u00f6ffnet sich nicht auf Knopfdruck oder durch die kleinen H\u00e4nde des Babys.<\/li>\n<li>Die quetschies wiederverwendbar \u00f6ffnet sich nur, wenn Sie absichtlich den &#8222;DOUBLE ZIP&#8220;-Verschluss \u00f6ffnen.<\/li>\n<\/ul>\n\n\t\t<\/div>\n\t<\/div>\n\t\n\t<div id=\"accordion-1357798106\" class=\"accordion-item\">\n\t\t<a id=\"accordion-1357798106-label\" class=\"accordion-title plain\" href=\"#accordion-item-kann_die_quetschies_wiederverwendbar_the_bamboo_family_im_k\u00fchlschrank_oder_gefrierschrank_aufbewahrt_werden?\" aria-expanded=\"false\" aria-controls=\"accordion-1357798106-content\" >\n\t\t\t<button class=\"toggle\" aria-label=\"Umschalten\"><i class=\"icon-angle-down\"><\/i><\/button>\n\t\t\t<span>Kann die quetschies wiederverwendbar The Bamboo Family im K\u00fchlschrank oder Gefrierschrank aufbewahrt werden?<\/span>\n\t\t<\/a>\n\t\t<div id=\"accordion-1357798106-content\" class=\"accordion-inner\" aria-labelledby=\"accordion-1357798106-label\" >\n\t\t\t\n\n<ul>\n<li>Ja nat\u00fcrlich!<\/li>\n<li>Sie k\u00f6nnen Ihre quetschies wiederverwendbar im K\u00fchlschrank aufbewahren.<\/li>\n<li>Sie k\u00f6nnen auch Ihre &#8222;HOUSE&#8220;-Rezepte in Quantit\u00e4t zubereiten und sie im Gefrierschrank in Ihren quetschies wiederverwendbar aufbewahren.<\/li>\n<li>Sie haben gebrauchsfertige quetschies wiederverwendbar, wann immer Sie sie brauchen, und dies wird Ihnen viel Zeit sparen.<\/li>\n<li>Wir empfehlen, dass Sie eine Haltbarkeit von 3 Tagen im K\u00fchlschrank nicht \u00fcberschreiten (abh\u00e4ngig von der Art der Nahrung).<\/li>\n<li>TIPP: Wir empfehlen Ihnen, eine Sch\u00fcssel mit lauwarmem Wasser zu verwenden oder in einer Bain marie zu erhitzen, um Ihre quetschies wiederverwendbar aufzutauen.<\/li>\n<\/ul>\n\n\t\t<\/div>\n\t<\/div>\n\t\n\t<div id=\"accordion-427793163\" class=\"accordion-item\">\n\t\t<a id=\"accordion-427793163-label\" class=\"accordion-title plain\" href=\"#accordion-item-kann_meine_quetschies_wiederverwendbar_the_bamboo_family_in_der_mikrowelle_aufgew\u00e4rmt_werden?\" aria-expanded=\"false\" aria-controls=\"accordion-427793163-content\" >\n\t\t\t<button class=\"toggle\" aria-label=\"Umschalten\"><i class=\"icon-angle-down\"><\/i><\/button>\n\t\t\t<span>Kann meine quetschies wiederverwendbar The Bamboo Family in der Mikrowelle aufgew\u00e4rmt werden?<\/span>\n\t\t<\/a>\n\t\t<div id=\"accordion-427793163-content\" class=\"accordion-inner\" aria-labelledby=\"accordion-427793163-label\" >\n\t\t\t\n\n<ul>\n<li>Wir empfehlen, die quetschies wiederverwendbar in der Mikrowelle nicht zu erhitzen.<\/li>\n<li>Beim Erhitzen in der Mikrowelle erhitzt sich der Inhalt der quetschies wiederverwendbar oft nicht gleichm\u00e4\u00dfig und dies kann zu Verbrennungen f\u00fchren.<\/li>\n<\/ul>\n\n\t\t<\/div>\n\t<\/div>\n\t\n\n<\/div>\n\n","protected":false},"excerpt":{"rendered":"<p>Die Antworten auf die am h\u00e4ufigsten gestellten Fragen finden Sie unten:<\/p>\n","protected":false},"author":1,"featured_media":0,"parent":0,"menu_order":0,"comment_status":"closed","ping_status":"closed","template":"","meta":[],"yoast_head":"<!-- This site is optimized with the Yoast SEO plugin v20.8 - https:\/\/yoast.com\/wordpress\/plugins\/seo\/ -->\n<title>H\u00e4ufig Gestellte Fragen - THE BAMBOO FAMILY<\/title>\n<meta name=\"robots\" content=\"index, follow, max-snippet:-1, max-image-preview:large, max-video-preview:-1\" \/>\n<link rel=\"canonical\" href=\"https:\/\/www.thebamboofamily.com\/de\/haeufig-gestellte-fragen\/\" \/>\n<meta property=\"og:locale\" content=\"de_DE\" \/>\n<meta property=\"og:type\" content=\"article\" \/>\n<meta property=\"og:title\" content=\"H\u00e4ufig Gestellte Fragen - THE BAMBOO FAMILY\" \/>\n<meta property=\"og:description\" content=\"Die Antworten auf die am h\u00e4ufigsten gestellten Fragen finden Sie unten:\" \/>\n<meta property=\"og:url\" content=\"https:\/\/www.thebamboofamily.com\/de\/haeufig-gestellte-fragen\/\" \/>\n<meta property=\"og:site_name\" content=\"THE BAMBOO FAMILY\" \/>\n<meta property=\"article:publisher\" content=\"https:\/\/www.facebook.com\/thebamboofamilytbf\" \/>\n<meta property=\"article:modified_time\" content=\"2020-06-11T09:18:44+00:00\" \/>\n<meta name=\"twitter:card\" content=\"summary_large_image\" \/>\n<meta name=\"twitter:label1\" content=\"Gesch\u00e4tzte Lesezeit\" \/>\n\t<meta name=\"twitter:data1\" content=\"4\u00a0Minuten\" \/>\n<script type=\"application\/ld+json\" class=\"yoast-schema-graph\">{\"@context\":\"https:\/\/schema.org\",\"@graph\":[{\"@type\":\"WebPage\",\"@id\":\"https:\/\/www.thebamboofamily.com\/de\/haeufig-gestellte-fragen\/\",\"url\":\"https:\/\/www.thebamboofamily.com\/de\/haeufig-gestellte-fragen\/\",\"name\":\"H\u00e4ufig Gestellte Fragen - THE BAMBOO FAMILY\",\"isPartOf\":{\"@id\":\"https:\/\/www.thebamboofamily.com\/#website\"},\"datePublished\":\"2020-06-05T13:20:36+00:00\",\"dateModified\":\"2020-06-11T09:18:44+00:00\",\"breadcrumb\":{\"@id\":\"https:\/\/www.thebamboofamily.com\/de\/haeufig-gestellte-fragen\/#breadcrumb\"},\"inLanguage\":\"de\",\"potentialAction\":[{\"@type\":\"ReadAction\",\"target\":[\"https:\/\/www.thebamboofamily.com\/de\/haeufig-gestellte-fragen\/\"]}]},{\"@type\":\"BreadcrumbList\",\"@id\":\"https:\/\/www.thebamboofamily.com\/de\/haeufig-gestellte-fragen\/#breadcrumb\",\"itemListElement\":[{\"@type\":\"ListItem\",\"position\":1,\"name\":\"Accueil\",\"item\":\"https:\/\/www.thebamboofamily.com\/de\/\"},{\"@type\":\"ListItem\",\"position\":2,\"name\":\"H\u00e4ufig Gestellte Fragen\"}]},{\"@type\":\"WebSite\",\"@id\":\"https:\/\/www.thebamboofamily.com\/#website\",\"url\":\"https:\/\/www.thebamboofamily.com\/\",\"name\":\"THE BAMBOO FAMILY\",\"description\":\"\",\"publisher\":{\"@id\":\"https:\/\/www.thebamboofamily.com\/#organization\"},\"potentialAction\":[{\"@type\":\"SearchAction\",\"target\":{\"@type\":\"EntryPoint\",\"urlTemplate\":\"https:\/\/www.thebamboofamily.com\/?s={search_term_string}\"},\"query-input\":\"required name=search_term_string\"}],\"inLanguage\":\"de\"},{\"@type\":\"Organization\",\"@id\":\"https:\/\/www.thebamboofamily.com\/#organization\",\"name\":\"THE BAMBOO FAMILY\",\"url\":\"https:\/\/www.thebamboofamily.com\/\",\"logo\":{\"@type\":\"ImageObject\",\"inLanguage\":\"de\",\"@id\":\"https:\/\/www.thebamboofamily.com\/#\/schema\/logo\/image\/\",\"url\":\"https:\/\/www.thebamboofamily.com\/wp-content\/uploads\/2020\/06\/logo-vert-scaled.jpg\",\"contentUrl\":\"https:\/\/www.thebamboofamily.com\/wp-content\/uploads\/2020\/06\/logo-vert-scaled.jpg\",\"width\":2560,\"height\":1459,\"caption\":\"THE BAMBOO FAMILY\"},\"image\":{\"@id\":\"https:\/\/www.thebamboofamily.com\/#\/schema\/logo\/image\/\"},\"sameAs\":[\"https:\/\/www.facebook.com\/thebamboofamilytbf\",\"https:\/\/www.instagram.com\/the.bamboo.family\/\",\"https:\/\/www.pinterest.fr\/thebamboof\/\",\"https:\/\/www.youtube.com\/channel\/UCkYEQIEzn2AIXg6inQxDa3A\"]}]}<\/script>\n<!-- \/ Yoast SEO plugin. -->","yoast_head_json":{"title":"H\u00e4ufig Gestellte Fragen - THE BAMBOO FAMILY","robots":{"index":"index","follow":"follow","max-snippet":"max-snippet:-1","max-image-preview":"max-image-preview:large","max-video-preview":"max-video-preview:-1"},"canonical":"https:\/\/www.thebamboofamily.com\/de\/haeufig-gestellte-fragen\/","og_locale":"de_DE","og_type":"article","og_title":"H\u00e4ufig Gestellte Fragen - THE BAMBOO FAMILY","og_description":"Die Antworten auf die am h\u00e4ufigsten gestellten Fragen finden Sie unten:","og_url":"https:\/\/www.thebamboofamily.com\/de\/haeufig-gestellte-fragen\/","og_site_name":"THE BAMBOO FAMILY","article_publisher":"https:\/\/www.facebook.com\/thebamboofamilytbf","article_modified_time":"2020-06-11T09:18:44+00:00","twitter_card":"summary_large_image","twitter_misc":{"Gesch\u00e4tzte Lesezeit":"4\u00a0Minuten"},"schema":{"@context":"https:\/\/schema.org","@graph":[{"@type":"WebPage","@id":"https:\/\/www.thebamboofamily.com\/de\/haeufig-gestellte-fragen\/","url":"https:\/\/www.thebamboofamily.com\/de\/haeufig-gestellte-fragen\/","name":"H\u00e4ufig Gestellte Fragen - THE BAMBOO FAMILY","isPartOf":{"@id":"https:\/\/www.thebamboofamily.com\/#website"},"datePublished":"2020-06-05T13:20:36+00:00","dateModified":"2020-06-11T09:18:44+00:00","breadcrumb":{"@id":"https:\/\/www.thebamboofamily.com\/de\/haeufig-gestellte-fragen\/#breadcrumb"},"inLanguage":"de","potentialAction":[{"@type":"ReadAction","target":["https:\/\/www.thebamboofamily.com\/de\/haeufig-gestellte-fragen\/"]}]},{"@type":"BreadcrumbList","@id":"https:\/\/www.thebamboofamily.com\/de\/haeufig-gestellte-fragen\/#breadcrumb","itemListElement":[{"@type":"ListItem","position":1,"name":"Accueil","item":"https:\/\/www.thebamboofamily.com\/de\/"},{"@type":"ListItem","position":2,"name":"H\u00e4ufig Gestellte Fragen"}]},{"@type":"WebSite","@id":"https:\/\/www.thebamboofamily.com\/#website","url":"https:\/\/www.thebamboofamily.com\/","name":"THE BAMBOO FAMILY","description":"","publisher":{"@id":"https:\/\/www.thebamboofamily.com\/#organization"},"potentialAction":[{"@type":"SearchAction","target":{"@type":"EntryPoint","urlTemplate":"https:\/\/www.thebamboofamily.com\/?s={search_term_string}"},"query-input":"required name=search_term_string"}],"inLanguage":"de"},{"@type":"Organization","@id":"https:\/\/www.thebamboofamily.com\/#organization","name":"THE BAMBOO FAMILY","url":"https:\/\/www.thebamboofamily.com\/","logo":{"@type":"ImageObject","inLanguage":"de","@id":"https:\/\/www.thebamboofamily.com\/#\/schema\/logo\/image\/","url":"https:\/\/www.thebamboofamily.com\/wp-content\/uploads\/2020\/06\/logo-vert-scaled.jpg","contentUrl":"https:\/\/www.thebamboofamily.com\/wp-content\/uploads\/2020\/06\/logo-vert-scaled.jpg","width":2560,"height":1459,"caption":"THE BAMBOO FAMILY"},"image":{"@id":"https:\/\/www.thebamboofamily.com\/#\/schema\/logo\/image\/"},"sameAs":["https:\/\/www.facebook.com\/thebamboofamilytbf","https:\/\/www.instagram.com\/the.bamboo.family\/","https:\/\/www.pinterest.fr\/thebamboof\/","https:\/\/www.youtube.com\/channel\/UCkYEQIEzn2AIXg6inQxDa3A"]}]}},"_links":{"self":[{"href":"https:\/\/www.thebamboofamily.com\/de\/wp-json\/wp\/v2\/pages\/620"}],"collection":[{"href":"https:\/\/www.thebamboofamily.com\/de\/wp-json\/wp\/v2\/pages"}],"about":[{"href":"https:\/\/www.thebamboofamily.com\/de\/wp-json\/wp\/v2\/types\/page"}],"author":[{"embeddable":true,"href":"https:\/\/www.thebamboofamily.com\/de\/wp-json\/wp\/v2\/users\/1"}],"replies":[{"embeddable":true,"href":"https:\/\/www.thebamboofamily.com\/de\/wp-json\/wp\/v2\/comments?post=620"}],"version-history":[{"count":4,"href":"https:\/\/www.thebamboofamily.com\/de\/wp-json\/wp\/v2\/pages\/620\/revisions"}],"predecessor-version":[{"id":1236,"href":"https:\/\/www.thebamboofamily.com\/de\/wp-json\/wp\/v2\/pages\/620\/revisions\/1236"}],"wp:attachment":[{"href":"https:\/\/www.thebamboofamily.com\/de\/wp-json\/wp\/v2\/media?parent=620"}],"curies":[{"name":"wp","href":"https:\/\/api.w.org\/{rel}","templated":true}]}}