{"id":2574,"date":"2021-11-20T21:54:59","date_gmt":"2021-11-20T20:54:59","guid":{"rendered":"https:\/\/www.thebamboofamily.com\/rueckgabe-und-rueckerstattung\/"},"modified":"2021-11-20T21:55:00","modified_gmt":"2021-11-20T20:55:00","slug":"rueckgabe-und-rueckerstattung","status":"publish","type":"page","link":"https:\/\/www.thebamboofamily.com\/de\/rueckgabe-und-rueckerstattung\/","title":{"rendered":"R\u00dcCKGABE UND R\u00dcCKERSTATTUNG"},"content":{"rendered":"\n  <div id=\"page-header-1981536136\" class=\"page-header-wrapper\">\n  <div class=\"page-title dark featured-title\">\n\n    \n    <div class=\"page-title-inner container align-center text-center flex-row-col medium-flex-wrap\" >\n              <div class=\"title-wrapper uppercase flex-col\">\n          <h1 class=\"entry-title mb-0\">\n            R\u00dcCKGABE UND R\u00dcCKERSTATTUNG          <\/h1>\n        <\/div>\n                    <div class=\"title-content flex-col\">\n              <\/div>\n    <\/div>\n\n       <\/div>\n    <\/div>\n  \n\n\t<div id=\"gap-750872874\" class=\"gap-element clearfix\" style=\"display:block; height:auto;\">\n\t\t\n<style>\n#gap-750872874 {\n  padding-top: 30px;\n}\n<\/style>\n\t<\/div>\n\t\n\n<p>Der Kunde hat ein Widerrufsrecht, ohne ihn innerhalb von vierzehn Tagen nach Erhalt des Produkts durch den Kunden zu motivieren und ohne Strafe.<\/p>\n<p>Wenn der Kunde von seinem Widerrufsrecht Gebrauch machen m\u00f6chte, informiert er die Betriebshaltung FRANCE, indem er ihn vor Ablauf der 14-t\u00e4gigen Widerrufsfrist per Einschreiben oder E-Mail <a href=\"mailto:contact@thebamboofamily.com\">contact@thebamboofamily.com<\/a> , \u00fcber seine Widerrufsbereitschaft informiert.<\/p>\n<p>Holding France ist verpflichtet, dem Kunden alle gezahlten Betr\u00e4ge, d. h. den Hauptpreis der Bestellung sowie die Versandkosten des Produkts, zu erstatten, sofern das Produkt in einem als neu, unbenutzten Zustand, verpackt in der Originalverpackung, zur\u00fcckgegeben wird und keinen Schaden erlitten haben darf (Registrierung jeglicher Art Verzerrung usw.).<\/p>\n<p>Das zur\u00fcckgegebene Produkt muss auch von allen Zubeh\u00f6rteilen und der Bedienungsanleitung begleitet werden. Nach Pr\u00fcfung des Anspruchs und wenn die Produkte zur\u00fccksenden d\u00fcrfen, wird der Verk\u00e4ufer den Kunden benachrichtigen. Die R\u00fcckerstattung des Kunden erfolgt sp\u00e4testens 14 Tage ab dem Tag, an dem FRANCE \u00fcber die Entscheidung des Kunden, zur\u00fcckzutreten, informiert wird. Die R\u00fcckerstattung erfolgt mit der gleichen Zahlungsmethode, die der Kunde bei der Bezahlung des Produkts verwendet hat. HOLDIING France beh\u00e4lt sich das Recht vor, die R\u00fcckerstattung bis zum ersten der beiden Daten zwischen dem Erhalt des Produkts vorbehaltlich des Widerrufs oder der Lieferung des Versandnachweises des Produkts durch den Kunden aufzuschieben.<\/p>\n<p>Die Kosten f\u00fcr die R\u00fccksendung des Produkts im Falle eines Widerrufs durch den Kunden bleiben auf Kosten des Kunden.<\/p>\n\n","protected":false},"excerpt":{"rendered":"","protected":false},"author":1,"featured_media":0,"parent":0,"menu_order":0,"comment_status":"closed","ping_status":"closed","template":"","meta":[],"yoast_head":"<!-- This site is optimized with the Yoast SEO plugin v20.8 - https:\/\/yoast.com\/wordpress\/plugins\/seo\/ -->\n<title>R\u00dcCKGABE UND R\u00dcCKERSTATTUNG - THE BAMBOO FAMILY<\/title>\n<meta name=\"robots\" content=\"index, follow, max-snippet:-1, max-image-preview:large, max-video-preview:-1\" \/>\n<link rel=\"canonical\" href=\"https:\/\/www.thebamboofamily.com\/de\/rueckgabe-und-rueckerstattung\/\" \/>\n<meta property=\"og:locale\" content=\"de_DE\" \/>\n<meta property=\"og:type\" content=\"article\" \/>\n<meta property=\"og:title\" content=\"R\u00dcCKGABE UND R\u00dcCKERSTATTUNG - THE BAMBOO FAMILY\" \/>\n<meta property=\"og:url\" content=\"https:\/\/www.thebamboofamily.com\/de\/rueckgabe-und-rueckerstattung\/\" \/>\n<meta property=\"og:site_name\" content=\"THE BAMBOO FAMILY\" \/>\n<meta property=\"article:publisher\" content=\"https:\/\/www.facebook.com\/thebamboofamilytbf\" \/>\n<meta property=\"article:modified_time\" content=\"2021-11-20T20:55:00+00:00\" \/>\n<meta name=\"twitter:card\" content=\"summary_large_image\" \/>\n<meta name=\"twitter:label1\" content=\"Gesch\u00e4tzte Lesezeit\" \/>\n\t<meta name=\"twitter:data1\" content=\"1\u00a0Minute\" \/>\n<script type=\"application\/ld+json\" class=\"yoast-schema-graph\">{\"@context\":\"https:\/\/schema.org\",\"@graph\":[{\"@type\":\"WebPage\",\"@id\":\"https:\/\/www.thebamboofamily.com\/de\/rueckgabe-und-rueckerstattung\/\",\"url\":\"https:\/\/www.thebamboofamily.com\/de\/rueckgabe-und-rueckerstattung\/\",\"name\":\"R\u00dcCKGABE UND R\u00dcCKERSTATTUNG - THE BAMBOO FAMILY\",\"isPartOf\":{\"@id\":\"https:\/\/www.thebamboofamily.com\/#website\"},\"datePublished\":\"2021-11-20T20:54:59+00:00\",\"dateModified\":\"2021-11-20T20:55:00+00:00\",\"breadcrumb\":{\"@id\":\"https:\/\/www.thebamboofamily.com\/de\/rueckgabe-und-rueckerstattung\/#breadcrumb\"},\"inLanguage\":\"de\",\"potentialAction\":[{\"@type\":\"ReadAction\",\"target\":[\"https:\/\/www.thebamboofamily.com\/de\/rueckgabe-und-rueckerstattung\/\"]}]},{\"@type\":\"BreadcrumbList\",\"@id\":\"https:\/\/www.thebamboofamily.com\/de\/rueckgabe-und-rueckerstattung\/#breadcrumb\",\"itemListElement\":[{\"@type\":\"ListItem\",\"position\":1,\"name\":\"Accueil\",\"item\":\"https:\/\/www.thebamboofamily.com\/de\/\"},{\"@type\":\"ListItem\",\"position\":2,\"name\":\"R\u00dcCKGABE UND R\u00dcCKERSTATTUNG\"}]},{\"@type\":\"WebSite\",\"@id\":\"https:\/\/www.thebamboofamily.com\/#website\",\"url\":\"https:\/\/www.thebamboofamily.com\/\",\"name\":\"THE BAMBOO FAMILY\",\"description\":\"\",\"publisher\":{\"@id\":\"https:\/\/www.thebamboofamily.com\/#organization\"},\"potentialAction\":[{\"@type\":\"SearchAction\",\"target\":{\"@type\":\"EntryPoint\",\"urlTemplate\":\"https:\/\/www.thebamboofamily.com\/?s={search_term_string}\"},\"query-input\":\"required name=search_term_string\"}],\"inLanguage\":\"de\"},{\"@type\":\"Organization\",\"@id\":\"https:\/\/www.thebamboofamily.com\/#organization\",\"name\":\"THE BAMBOO FAMILY\",\"url\":\"https:\/\/www.thebamboofamily.com\/\",\"logo\":{\"@type\":\"ImageObject\",\"inLanguage\":\"de\",\"@id\":\"https:\/\/www.thebamboofamily.com\/#\/schema\/logo\/image\/\",\"url\":\"https:\/\/www.thebamboofamily.com\/wp-content\/uploads\/2020\/06\/logo-vert-scaled.jpg\",\"contentUrl\":\"https:\/\/www.thebamboofamily.com\/wp-content\/uploads\/2020\/06\/logo-vert-scaled.jpg\",\"width\":2560,\"height\":1459,\"caption\":\"THE BAMBOO FAMILY\"},\"image\":{\"@id\":\"https:\/\/www.thebamboofamily.com\/#\/schema\/logo\/image\/\"},\"sameAs\":[\"https:\/\/www.facebook.com\/thebamboofamilytbf\",\"https:\/\/www.instagram.com\/the.bamboo.family\/\",\"https:\/\/www.pinterest.fr\/thebamboof\/\",\"https:\/\/www.youtube.com\/channel\/UCkYEQIEzn2AIXg6inQxDa3A\"]}]}<\/script>\n<!-- \/ Yoast SEO plugin. -->","yoast_head_json":{"title":"R\u00dcCKGABE UND R\u00dcCKERSTATTUNG - THE BAMBOO FAMILY","robots":{"index":"index","follow":"follow","max-snippet":"max-snippet:-1","max-image-preview":"max-image-preview:large","max-video-preview":"max-video-preview:-1"},"canonical":"https:\/\/www.thebamboofamily.com\/de\/rueckgabe-und-rueckerstattung\/","og_locale":"de_DE","og_type":"article","og_title":"R\u00dcCKGABE UND R\u00dcCKERSTATTUNG - THE BAMBOO FAMILY","og_url":"https:\/\/www.thebamboofamily.com\/de\/rueckgabe-und-rueckerstattung\/","og_site_name":"THE BAMBOO FAMILY","article_publisher":"https:\/\/www.facebook.com\/thebamboofamilytbf","article_modified_time":"2021-11-20T20:55:00+00:00","twitter_card":"summary_large_image","twitter_misc":{"Gesch\u00e4tzte Lesezeit":"1\u00a0Minute"},"schema":{"@context":"https:\/\/schema.org","@graph":[{"@type":"WebPage","@id":"https:\/\/www.thebamboofamily.com\/de\/rueckgabe-und-rueckerstattung\/","url":"https:\/\/www.thebamboofamily.com\/de\/rueckgabe-und-rueckerstattung\/","name":"R\u00dcCKGABE UND R\u00dcCKERSTATTUNG - THE BAMBOO FAMILY","isPartOf":{"@id":"https:\/\/www.thebamboofamily.com\/#website"},"datePublished":"2021-11-20T20:54:59+00:00","dateModified":"2021-11-20T20:55:00+00:00","breadcrumb":{"@id":"https:\/\/www.thebamboofamily.com\/de\/rueckgabe-und-rueckerstattung\/#breadcrumb"},"inLanguage":"de","potentialAction":[{"@type":"ReadAction","target":["https:\/\/www.thebamboofamily.com\/de\/rueckgabe-und-rueckerstattung\/"]}]},{"@type":"BreadcrumbList","@id":"https:\/\/www.thebamboofamily.com\/de\/rueckgabe-und-rueckerstattung\/#breadcrumb","itemListElement":[{"@type":"ListItem","position":1,"name":"Accueil","item":"https:\/\/www.thebamboofamily.com\/de\/"},{"@type":"ListItem","position":2,"name":"R\u00dcCKGABE UND R\u00dcCKERSTATTUNG"}]},{"@type":"WebSite","@id":"https:\/\/www.thebamboofamily.com\/#website","url":"https:\/\/www.thebamboofamily.com\/","name":"THE BAMBOO FAMILY","description":"","publisher":{"@id":"https:\/\/www.thebamboofamily.com\/#organization"},"potentialAction":[{"@type":"SearchAction","target":{"@type":"EntryPoint","urlTemplate":"https:\/\/www.thebamboofamily.com\/?s={search_term_string}"},"query-input":"required name=search_term_string"}],"inLanguage":"de"},{"@type":"Organization","@id":"https:\/\/www.thebamboofamily.com\/#organization","name":"THE BAMBOO FAMILY","url":"https:\/\/www.thebamboofamily.com\/","logo":{"@type":"ImageObject","inLanguage":"de","@id":"https:\/\/www.thebamboofamily.com\/#\/schema\/logo\/image\/","url":"https:\/\/www.thebamboofamily.com\/wp-content\/uploads\/2020\/06\/logo-vert-scaled.jpg","contentUrl":"https:\/\/www.thebamboofamily.com\/wp-content\/uploads\/2020\/06\/logo-vert-scaled.jpg","width":2560,"height":1459,"caption":"THE BAMBOO FAMILY"},"image":{"@id":"https:\/\/www.thebamboofamily.com\/#\/schema\/logo\/image\/"},"sameAs":["https:\/\/www.facebook.com\/thebamboofamilytbf","https:\/\/www.instagram.com\/the.bamboo.family\/","https:\/\/www.pinterest.fr\/thebamboof\/","https:\/\/www.youtube.com\/channel\/UCkYEQIEzn2AIXg6inQxDa3A"]}]}},"_links":{"self":[{"href":"https:\/\/www.thebamboofamily.com\/de\/wp-json\/wp\/v2\/pages\/2574"}],"collection":[{"href":"https:\/\/www.thebamboofamily.com\/de\/wp-json\/wp\/v2\/pages"}],"about":[{"href":"https:\/\/www.thebamboofamily.com\/de\/wp-json\/wp\/v2\/types\/page"}],"author":[{"embeddable":true,"href":"https:\/\/www.thebamboofamily.com\/de\/wp-json\/wp\/v2\/users\/1"}],"replies":[{"embeddable":true,"href":"https:\/\/www.thebamboofamily.com\/de\/wp-json\/wp\/v2\/comments?post=2574"}],"version-history":[{"count":1,"href":"https:\/\/www.thebamboofamily.com\/de\/wp-json\/wp\/v2\/pages\/2574\/revisions"}],"predecessor-version":[{"id":2575,"href":"https:\/\/www.thebamboofamily.com\/de\/wp-json\/wp\/v2\/pages\/2574\/revisions\/2575"}],"wp:attachment":[{"href":"https:\/\/www.thebamboofamily.com\/de\/wp-json\/wp\/v2\/media?parent=2574"}],"curies":[{"name":"wp","href":"https:\/\/api.w.org\/{rel}","templated":true}]}}